{"id":1003,"date":"2016-08-24T18:10:13","date_gmt":"2016-08-24T16:10:13","guid":{"rendered":"http:\/\/theater-svlg.de\/?page_id=1003"},"modified":"2017-02-14T21:45:59","modified_gmt":"2017-02-14T20:45:59","slug":"besetzung","status":"publish","type":"page","link":"https:\/\/theater-svlg.de\/?page_id=1003","title":{"rendered":"Besetzung"},"content":{"rendered":"<p>DIE BESUCHER<\/p>\n<p><b>Claire Zachanasian, vormals Klara W\u00e4scher<\/b><br \/>\nDarja Tutschkow<\/p>\n<p><b>Der Butler<br \/>\n<\/b>Agnes Binder<\/p>\n<p><b>Gatte VII &#8211; IX<br \/>\n<\/b>Jasmin Jurthe<\/p>\n<p>Robi und Tobi<\/p>\n<p><b>Koby und Loby<\/b><br \/>\nFridolin Sch\u00f6pper und Tobias Fimpel<\/p>\n<p>DIE BESUCHTEN<\/p>\n<p><b>Einwohner G\u00fcllens<\/b><br \/>\nCorinna Rigol, Eva-Maria Schr\u00f6der, Silke Weiss, Mareike Schwarz , Raphael Bartz, Tobias K\u00fchnle, Tobias W\u00f6hrle, Peter Zahn sowie die Enkelkinder Ellen Schober und Moritz Sch\u00fctt<\/p>\n<p><b>Alfred Ill<\/b><br \/>\nRuben Seidel<\/p>\n<p><b>B\u00fcrgermeister<\/b><br \/>\nMichael Frank<\/p>\n<p><b>Polizist<\/b><br \/>\nBenjamin B\u00f6rret<\/p>\n<p><b>Pfarrer<\/b><br \/>\nSilke Weiss<\/p>\n<p><b>Lehrer<\/b><br \/>\nSarah Stadelmaier<\/p>\n<p><b>Dr. N\u00fcsslin<\/b><br \/>\nCorinna Rigol<\/p>\n<p><b>Frau Ill<\/b><br \/>\nMareike Schwarz<\/p>\n<p><b>Bahnhofsvorstand<\/b><br \/>\nThomas H\u00f6ll<\/p>\n<p>*****<\/p>\n<p><b>Vokalorchester<\/b><br \/>\nRaphael Bartz, Tobias K\u00fchnle, Tobias W\u00f6hrle, Peter Zahn<\/p>\n<p><b>Regie<\/b><\/p>\n<p>Thomas H\u00f6ll<\/p>\n","protected":false},"excerpt":{"rendered":"<p>DIE BESUCHER Claire Zachanasian, vormals Klara W\u00e4scher Darja Tutschkow Der Butler Agnes Binder Gatte VII &#8211; IX Jasmin Jurthe Robi und Tobi Koby und Loby Fridolin Sch\u00f6pper und Tobias Fimpel DIE BESUCHTEN Einwohner G\u00fcllens Corinna Rigol, Eva-Maria Schr\u00f6der, Silke Weiss, Mareike Schwarz , Raphael Bartz, Tobias K\u00fchnle, Tobias W\u00f6hrle, Peter Zahn sowie die Enkelkinder Ellen &hellip; <a href=\"https:\/\/theater-svlg.de\/?page_id=1003\" class=\"more-link\"><span class=\"screen-reader-text\">Besetzung<\/span> weiterlesen <span class=\"meta-nav\">&rarr;<\/span><\/a><\/p>\n","protected":false},"author":2,"featured_media":997,"parent":989,"menu_order":1,"comment_status":"closed","ping_status":"closed","template":"","meta":{"ngg_post_thumbnail":0},"_links":{"self":[{"href":"https:\/\/theater-svlg.de\/index.php?rest_route=\/wp\/v2\/pages\/1003"}],"collection":[{"href":"https:\/\/theater-svlg.de\/index.php?rest_route=\/wp\/v2\/pages"}],"about":[{"href":"https:\/\/theater-svlg.de\/index.php?rest_route=\/wp\/v2\/types\/page"}],"author":[{"embeddable":true,"href":"https:\/\/theater-svlg.de\/index.php?rest_route=\/wp\/v2\/users\/2"}],"replies":[{"embeddable":true,"href":"https:\/\/theater-svlg.de\/index.php?rest_route=%2Fwp%2Fv2%2Fcomments&post=1003"}],"version-history":[{"count":2,"href":"https:\/\/theater-svlg.de\/index.php?rest_route=\/wp\/v2\/pages\/1003\/revisions"}],"predecessor-version":[{"id":1005,"href":"https:\/\/theater-svlg.de\/index.php?rest_route=\/wp\/v2\/pages\/1003\/revisions\/1005"}],"up":[{"embeddable":true,"href":"https:\/\/theater-svlg.de\/index.php?rest_route=\/wp\/v2\/pages\/989"}],"wp:featuredmedia":[{"embeddable":true,"href":"https:\/\/theater-svlg.de\/index.php?rest_route=\/wp\/v2\/media\/997"}],"wp:attachment":[{"href":"https:\/\/theater-svlg.de\/index.php?rest_route=%2Fwp%2Fv2%2Fmedia&parent=1003"}],"curies":[{"name":"wp","href":"https:\/\/api.w.org\/{rel}","templated":true}]}}