{"id":1008,"date":"2016-08-24T19:37:37","date_gmt":"2016-08-24T17:37:37","guid":{"rendered":"http:\/\/theater-svlg.de\/?page_id=1008"},"modified":"2016-08-24T19:41:10","modified_gmt":"2016-08-24T17:41:10","slug":"jugendtheaterfestival-die-auffuehrung-im-globe-generalprobe","status":"publish","type":"page","link":"https:\/\/theater-svlg.de\/?page_id=1008","title":{"rendered":"Jugendtheaterfestival &#8211; Die Auff\u00fchrung im Globe &#8211; Generalprobe"},"content":{"rendered":"<p>Was f\u00fcr eine gigantische B\u00fchne! Alle Beteiligten werden den Tag im Globe nie vergessen&#8230;<\/p>\n<p>&#8222;Das\u00a0<b>Haller Globe Theater<\/b>\u00a0ist ein Theatergeb\u00e4ude in\u00a0<a title=\"Schw\u00e4bisch Hall\" href=\"https:\/\/de.wikipedia.org\/wiki\/Schw%C3%A4bisch_Hall\">Schw\u00e4bisch Hall<\/a>\u00a0auf der\u00a0<a title=\"Kocher (Fluss)\" href=\"https:\/\/de.wikipedia.org\/wiki\/Kocher_(Fluss)\">Kocherinsel<\/a>\u00a0<a class=\"new\" title=\"Unterw\u00f6hrd (Seite nicht vorhanden)\" href=\"https:\/\/de.wikipedia.org\/w\/index.php?title=Unterw%C3%B6hrd&amp;action=edit&amp;redlink=1\">Unterw\u00f6hrd<\/a>. Das Geb\u00e4ude wurde 1999\/2000 nach Entw\u00fcrfen der Architektengemeinschaft Schw\u00e4bisch Hall erbaut<sup id=\"cite_ref-schuhmann_1-0\" class=\"reference\"><a href=\"https:\/\/de.wikipedia.org\/wiki\/Haller_Globe-Theater#cite_note-schuhmann-1\">[1]<\/a><\/sup>\u00a0und anl\u00e4sslich des 75-j\u00e4hrigen Jubil\u00e4ums der\u00a0<a title=\"Freilichtspiele Schw\u00e4bisch Hall\" href=\"https:\/\/de.wikipedia.org\/wiki\/Freilichtspiele_Schw%C3%A4bisch_Hall\">Freilichtspiele Schw\u00e4bisch Hall<\/a>\u00a0im Jahre 2000 er\u00f6ffnet.<sup id=\"cite_ref-2\" class=\"reference\"><a href=\"https:\/\/de.wikipedia.org\/wiki\/Haller_Globe-Theater#cite_note-2\">[2]<\/a><\/sup><\/p>\n<p>Der Bau orientiert sich am\u00a0<a title=\"Globe Theatre\" href=\"https:\/\/de.wikipedia.org\/wiki\/Globe_Theatre\">Globe Theatre<\/a>\u00a0in\u00a0<a title=\"London\" href=\"https:\/\/de.wikipedia.org\/wiki\/London\">London<\/a>. Das Geb\u00e4ude \u00fcbernimmt zwar die baulichen Eigenschaften des Vorbilds wie\u00a0<a title=\"Polygon\" href=\"https:\/\/de.wikipedia.org\/wiki\/Polygon\">Polygon<\/a>, Dreigeschossigkeit sowie Baumaterial Holz, aber imitiert den Bau nicht v\u00f6llig. Damit sollen die \u201eunverwechselbaren Eigenheiten in Form und Erschliessung [\u2026] die Identifikation als Haller Globe Theater\u201c m\u00f6glich machen.<sup id=\"cite_ref-schuhmann_1-1\" class=\"reference\"><a href=\"https:\/\/de.wikipedia.org\/wiki\/Haller_Globe-Theater#cite_note-schuhmann-1\">[1]<\/a><\/sup>\u00a0Das Theater hat 570 Sitzpl\u00e4tze. Es ist eines von weltweit acht regelm\u00e4\u00dfig bespielten Globe-Theatern.<\/p>\n<p>Der Bau wurde 2001 von der Architektenkammer Baden-W\u00fcrttemberg mit dem Preis \u201eBeispielhaftes Bauen in Baden-W\u00fcrttemberg\u201c ausgezeichnet.<sup id=\"cite_ref-3\" class=\"reference\"><a href=\"https:\/\/de.wikipedia.org\/wiki\/Haller_Globe-Theater#cite_note-3\">[3]<\/a><\/sup><\/p>\n<p>2016 wird das Theater zum letzten Mal in seiner bisherigen Form bespielt. Aufgrund baurechtlicher Vorgaben k\u00f6nne, so die Festspielleitung, kein Weiterbetrieb erfolgen.&#8220; (Quelle: Wiki)<\/p>\n<p>Entschieden hat der Gemeinderat einen\u00a0kompletten Neubau erstellen zu lassen&#8230; \u00a0In unserem Herzen wird das &#8222;alte&#8220; Globe ewig einen Platz behalten.<\/p>\n<p>&nbsp;<\/p>\n<p><!-- index.php -->\n<div\n\tclass=\"ngg-galleryoverview ngg-ajax-pagination-none\"\n\tid=\"ngg-gallery-1460-1\">\n\n    \t<div class=\"slideshowlink\">\n        <a href='https:\/\/theater-svlg.de\/index.php\/nggallery\/slideshow?page_id=1008'>[Zeige eine Slideshow]<\/a>\n\t\t\n\t<\/div>\n\t\t\t<!-- Thumbnails -->\n\t\t\t\t<div id=\"ngg-image-0\" class=\"ngg-gallery-thumbnail-box\" >\n\t\t\t\t        <div class=\"ngg-gallery-thumbnail\">\n            <a href=\"https:\/\/theater-svlg.de\/wp-content\/gallery\/Globe\/11-04-21-Probe0001.JPG\"\n               title=\"\"\n               data-src=\"https:\/\/theater-svlg.de\/wp-content\/gallery\/Globe\/11-04-21-Probe0001.JPG\"\n               data-thumbnail=\"https:\/\/theater-svlg.de\/wp-content\/gallery\/Globe\/thumbs\/thumbs_11-04-21-Probe0001.JPG\"\n               data-image-id=\"248\"\n               data-title=\"11-04-21 Probe0001\"\n               data-description=\"\"\n               data-image-slug=\"11-04-21-probe0001\"\n               class=\"ngg-fancybox\" rel=\"1460\">\n                <img\n                    title=\"11-04-21 Probe0001\"\n                    alt=\"11-04-21 Probe0001\"\n                    src=\"https:\/\/theater-svlg.de\/wp-content\/gallery\/Globe\/thumbs\/thumbs_11-04-21-Probe0001.JPG\"\n                    width=\"240\"\n                    height=\"160\"\n                    style=\"max-width:100%;\"\n                \/>\n            <\/a>\n        <\/div>\n\t\t\t\t\t\t\t<\/div> \n\t\t\t\n                            \n\t\t\t\t<div id=\"ngg-image-1\" class=\"ngg-gallery-thumbnail-box\" >\n\t\t\t\t        <div class=\"ngg-gallery-thumbnail\">\n            <a href=\"https:\/\/theater-svlg.de\/wp-content\/gallery\/Globe\/11-04-21-Probe0002.JPG\"\n               title=\"\"\n               data-src=\"https:\/\/theater-svlg.de\/wp-content\/gallery\/Globe\/11-04-21-Probe0002.JPG\"\n               data-thumbnail=\"https:\/\/theater-svlg.de\/wp-content\/gallery\/Globe\/thumbs\/thumbs_11-04-21-Probe0002.JPG\"\n               data-image-id=\"249\"\n               data-title=\"11-04-21 Probe0002\"\n               data-description=\"\"\n               data-image-slug=\"11-04-21-probe0002\"\n               class=\"ngg-fancybox\" rel=\"1460\">\n                <img\n                    title=\"11-04-21 Probe0002\"\n                    alt=\"11-04-21 Probe0002\"\n                    src=\"https:\/\/theater-svlg.de\/wp-content\/gallery\/Globe\/thumbs\/thumbs_11-04-21-Probe0002.JPG\"\n                    width=\"240\"\n                    height=\"160\"\n                    style=\"max-width:100%;\"\n                \/>\n            <\/a>\n        <\/div>\n\t\t\t\t\t\t\t<\/div> \n\t\t\t\n                            \n\t\t\t\t<div id=\"ngg-image-2\" class=\"ngg-gallery-thumbnail-box\" >\n\t\t\t\t        <div class=\"ngg-gallery-thumbnail\">\n            <a href=\"https:\/\/theater-svlg.de\/wp-content\/gallery\/Globe\/11-04-21-Probe0003.JPG\"\n               title=\"\"\n               data-src=\"https:\/\/theater-svlg.de\/wp-content\/gallery\/Globe\/11-04-21-Probe0003.JPG\"\n               data-thumbnail=\"https:\/\/theater-svlg.de\/wp-content\/gallery\/Globe\/thumbs\/thumbs_11-04-21-Probe0003.JPG\"\n               data-image-id=\"250\"\n               data-title=\"11-04-21 Probe0003\"\n               data-description=\"\"\n               data-image-slug=\"11-04-21-probe0003\"\n               class=\"ngg-fancybox\" rel=\"1460\">\n                <img\n                    title=\"11-04-21 Probe0003\"\n                    alt=\"11-04-21 Probe0003\"\n                    src=\"https:\/\/theater-svlg.de\/wp-content\/gallery\/Globe\/thumbs\/thumbs_11-04-21-Probe0003.JPG\"\n                    width=\"240\"\n                    height=\"160\"\n                    style=\"max-width:100%;\"\n                \/>\n            <\/a>\n        <\/div>\n\t\t\t\t\t\t\t<\/div> \n\t\t\t\n                            \n\t\t\t\t<div id=\"ngg-image-3\" class=\"ngg-gallery-thumbnail-box\" >\n\t\t\t\t        <div class=\"ngg-gallery-thumbnail\">\n            <a href=\"https:\/\/theater-svlg.de\/wp-content\/gallery\/Globe\/11-04-21-Probe0004.JPG\"\n               title=\"\"\n               data-src=\"https:\/\/theater-svlg.de\/wp-content\/gallery\/Globe\/11-04-21-Probe0004.JPG\"\n               data-thumbnail=\"https:\/\/theater-svlg.de\/wp-content\/gallery\/Globe\/thumbs\/thumbs_11-04-21-Probe0004.JPG\"\n               data-image-id=\"251\"\n               data-title=\"11-04-21 Probe0004\"\n               data-description=\"\"\n               data-image-slug=\"11-04-21-probe0004\"\n               class=\"ngg-fancybox\" rel=\"1460\">\n                <img\n                    title=\"11-04-21 Probe0004\"\n                    alt=\"11-04-21 Probe0004\"\n                    src=\"https:\/\/theater-svlg.de\/wp-content\/gallery\/Globe\/thumbs\/thumbs_11-04-21-Probe0004.JPG\"\n                    width=\"240\"\n                    height=\"160\"\n                    style=\"max-width:100%;\"\n                \/>\n            <\/a>\n        <\/div>\n\t\t\t\t\t\t\t<\/div> \n\t\t\t\n                            \n\t\t\t\t<div id=\"ngg-image-4\" class=\"ngg-gallery-thumbnail-box\" >\n\t\t\t\t        <div class=\"ngg-gallery-thumbnail\">\n            <a href=\"https:\/\/theater-svlg.de\/wp-content\/gallery\/Globe\/11-04-21-Probe0005.JPG\"\n               title=\"\"\n               data-src=\"https:\/\/theater-svlg.de\/wp-content\/gallery\/Globe\/11-04-21-Probe0005.JPG\"\n               data-thumbnail=\"https:\/\/theater-svlg.de\/wp-content\/gallery\/Globe\/thumbs\/thumbs_11-04-21-Probe0005.JPG\"\n               data-image-id=\"252\"\n               data-title=\"11-04-21 Probe0005\"\n               data-description=\"\"\n               data-image-slug=\"11-04-21-probe0005\"\n               class=\"ngg-fancybox\" rel=\"1460\">\n                <img\n                    title=\"11-04-21 Probe0005\"\n                    alt=\"11-04-21 Probe0005\"\n                    src=\"https:\/\/theater-svlg.de\/wp-content\/gallery\/Globe\/thumbs\/thumbs_11-04-21-Probe0005.JPG\"\n                    width=\"240\"\n                    height=\"160\"\n                    style=\"max-width:100%;\"\n                \/>\n            <\/a>\n        <\/div>\n\t\t\t\t\t\t\t<\/div> \n\t\t\t\n                                    <br style=\"clear: both\" \/>\n                    \n\t\t\n\t\t<!-- Pagination -->\n\t<div class='ngg-navigation'><span class=\"current\">1<\/span><a class=\"page-numbers\" data-pageid=\"2\" href=\"https:\/\/theater-svlg.de\/index.php\/nggallery\/page\/2?page_id=1008\">2<\/a><a class=\"page-numbers\" data-pageid=\"3\" href=\"https:\/\/theater-svlg.de\/index.php\/nggallery\/page\/3?page_id=1008\">3<\/a><a class=\"page-numbers\" data-pageid=\"4\" href=\"https:\/\/theater-svlg.de\/index.php\/nggallery\/page\/4?page_id=1008\">4<\/a><a class=\"page-numbers\" data-pageid=\"43\" href=\"https:\/\/theater-svlg.de\/index.php\/nggallery\/page\/43?page_id=1008\">43<\/a><a class=\"page-numbers\" data-pageid=\"44\" href=\"https:\/\/theater-svlg.de\/index.php\/nggallery\/page\/44?page_id=1008\">44<\/a><a class=\"page-numbers\" data-pageid=\"45\" href=\"https:\/\/theater-svlg.de\/index.php\/nggallery\/page\/45?page_id=1008\">45<\/a><a class=\"next\" data-pageid=\"2\" id=\"ngg-next-2\" href=\"https:\/\/theater-svlg.de\/index.php\/nggallery\/page\/2?page_id=1008\">&#9658;<\/a><\/div>\t<\/div>\n<\/p>\n<p>&nbsp;<\/p>\n<p>&nbsp;<\/p>\n","protected":false},"excerpt":{"rendered":"<p>Was f\u00fcr eine gigantische B\u00fchne! Alle Beteiligten werden den Tag im Globe nie vergessen&#8230; &#8222;Das\u00a0Haller Globe Theater\u00a0ist ein Theatergeb\u00e4ude in\u00a0Schw\u00e4bisch Hall\u00a0auf der\u00a0Kocherinsel\u00a0Unterw\u00f6hrd. Das Geb\u00e4ude wurde 1999\/2000 nach Entw\u00fcrfen der Architektengemeinschaft Schw\u00e4bisch Hall erbaut[1]\u00a0und anl\u00e4sslich des 75-j\u00e4hrigen Jubil\u00e4ums der\u00a0Freilichtspiele Schw\u00e4bisch Hall\u00a0im Jahre 2000 er\u00f6ffnet.[2] Der Bau orientiert sich am\u00a0Globe Theatre\u00a0in\u00a0London. Das Geb\u00e4ude \u00fcbernimmt zwar die baulichen &hellip; <a href=\"https:\/\/theater-svlg.de\/?page_id=1008\" class=\"more-link\"><span class=\"screen-reader-text\">Jugendtheaterfestival &#8211; Die Auff\u00fchrung im Globe &#8211; Generalprobe<\/span> weiterlesen <span class=\"meta-nav\">&rarr;<\/span><\/a><\/p>\n","protected":false},"author":2,"featured_media":1463,"parent":579,"menu_order":3,"comment_status":"closed","ping_status":"closed","template":"","meta":{"ngg_post_thumbnail":0},"_links":{"self":[{"href":"https:\/\/theater-svlg.de\/index.php?rest_route=\/wp\/v2\/pages\/1008"}],"collection":[{"href":"https:\/\/theater-svlg.de\/index.php?rest_route=\/wp\/v2\/pages"}],"about":[{"href":"https:\/\/theater-svlg.de\/index.php?rest_route=\/wp\/v2\/types\/page"}],"author":[{"embeddable":true,"href":"https:\/\/theater-svlg.de\/index.php?rest_route=\/wp\/v2\/users\/2"}],"replies":[{"embeddable":true,"href":"https:\/\/theater-svlg.de\/index.php?rest_route=%2Fwp%2Fv2%2Fcomments&post=1008"}],"version-history":[{"count":3,"href":"https:\/\/theater-svlg.de\/index.php?rest_route=\/wp\/v2\/pages\/1008\/revisions"}],"predecessor-version":[{"id":1462,"href":"https:\/\/theater-svlg.de\/index.php?rest_route=\/wp\/v2\/pages\/1008\/revisions\/1462"}],"up":[{"embeddable":true,"href":"https:\/\/theater-svlg.de\/index.php?rest_route=\/wp\/v2\/pages\/579"}],"wp:featuredmedia":[{"embeddable":true,"href":"https:\/\/theater-svlg.de\/index.php?rest_route=\/wp\/v2\/media\/1463"}],"wp:attachment":[{"href":"https:\/\/theater-svlg.de\/index.php?rest_route=%2Fwp%2Fv2%2Fmedia&parent=1008"}],"curies":[{"name":"wp","href":"https:\/\/api.w.org\/{rel}","templated":true}]}}