{"id":2115,"date":"2016-09-12T21:48:14","date_gmt":"2016-09-12T19:48:14","guid":{"rendered":"http:\/\/theater-svlg.de\/?page_id=2115"},"modified":"2016-09-19T17:48:03","modified_gmt":"2016-09-19T15:48:03","slug":"20122013-der-eingebildete-kranke","status":"publish","type":"page","link":"https:\/\/theater-svlg.de\/?page_id=2115","title":{"rendered":"2012\/2013 &#8211; Der eingebildete Kranke"},"content":{"rendered":"<div class=\"page\" title=\"Page 2\">\n<div class=\"layoutArea\">\n<div class=\"column\">\n<p>\u201eDie Mediziner zu bek\u00e4mpfen ist nicht meine Aufgabe. Von mir aus kann jeder glauben, was er will \u2013 auf eigene Gefahr nat\u00fcrlich.[&#8230;] Wie w\u00e4r\u2019s, wenn wir uns zur Unterhaltung eine von Moli\u00e8res Kom\u00f6dien zu diesem Thema ans\u00e4hen.\u201c \u201eDein unversch\u00e4mter Moli\u00e8re mit seinen Kom\u00f6dien. Ha-ha, sehr komisch, ehrenhafte Leute wie die \u00c4rzte zu ver\u00e4ppeln.\u201c (\u201eDer eingebildete Kranke\u201c)<\/p>\n<p>Ang\u00e9lique ist verliebt. Doch ihr hypochondrischer Vater Argan, der st\u00e4ndig seinen Arzt und seinen Apotheker um sich haben muss, hat seine Tochter schon dem Neffen des Arztes versprochen, um medizinische Hilfe in Zukunft kostensparend in der Familie zu haben. Der Heiratskandidat ist ein stocksteifer, emotionsloser Pragmatiker, der seine charmanten Phrasen auswendig lernt und sie deshalb schon mal bei der falschen Person anbringt. Als einzige Alternative zu dieser Hochzeit bietet Argan seiner Tochter den Weg ins Kloster an. Er wird in seinen Pl\u00e4nen von B\u00e9line, seiner 2. Ehefrau, unterst\u00fctzt. Aus purem Eigennutz, wie sich herausstellt, denn Argan hat ihr sein gesamtes Verm\u00f6gen vermacht. B\u00e9line wartet aber nur darauf, dass Ang\u00e9lique aus dem Weg und Argan unter der Erde ist. Derweil heuchelt sie ihrem \u201ekranken\u201c Mann Besorgnis vor und intrigiert gegen den Rest der Familie, die den Patriarchen trotz seiner \u201eMacke\u201c wirklich lieb haben. Doch Hausm\u00e4dchen Toinette h\u00e4lt energisch und tatkr\u00e4ftig s\u00e4mtliche F\u00e4den in der Hand. Um die drohende Zwangsheirat zu verhindern und Argan die Augen \u00fcber seine durchtriebene Ehefrau zu \u00f6ffnen, heckt sie einen einfachen, aber wirkungsvollen Plan aus.<\/p>\n<p>Das letzte St\u00fcck des Schauspielers, Theaterdirektors und Dramatikers Moli\u00e8re greift die eigentlich ernsten Themen Krankheit und Tod auf und schafft es doch in drei Akten auf \u00e4u\u00dferst unterhaltsame Art und Weise den Zuschauer zum Lachen zu bringen und die Motive vor allem durch das Verhalten des Protagonisten Argan ins L\u00e4cherliche zu ziehen.<\/p>\n<p>von Nina Rose<br \/>\nMit freundlicher Genehmigung der\u00a0<a href=\"http:\/\/swp.de\/gaildorf\">Gaildorfer<\/a>\u00a0Rundschau<\/p>\n<\/div>\n<\/div>\n<\/div>\n","protected":false},"excerpt":{"rendered":"<p>\u201eDie Mediziner zu bek\u00e4mpfen ist nicht meine Aufgabe. Von mir aus kann jeder glauben, was er will \u2013 auf eigene Gefahr nat\u00fcrlich.[&#8230;] Wie w\u00e4r\u2019s, wenn wir uns zur Unterhaltung eine von Moli\u00e8res Kom\u00f6dien zu diesem Thema ans\u00e4hen.\u201c \u201eDein unversch\u00e4mter Moli\u00e8re mit seinen Kom\u00f6dien. Ha-ha, sehr komisch, ehrenhafte Leute wie die \u00c4rzte zu ver\u00e4ppeln.\u201c (\u201eDer eingebildete &hellip; <a href=\"https:\/\/theater-svlg.de\/?page_id=2115\" class=\"more-link\"><span class=\"screen-reader-text\">2012\/2013 &#8211; Der eingebildete Kranke<\/span> weiterlesen <span class=\"meta-nav\">&rarr;<\/span><\/a><\/p>\n","protected":false},"author":2,"featured_media":2118,"parent":26,"menu_order":4,"comment_status":"closed","ping_status":"closed","template":"","meta":{"ngg_post_thumbnail":0},"_links":{"self":[{"href":"https:\/\/theater-svlg.de\/index.php?rest_route=\/wp\/v2\/pages\/2115"}],"collection":[{"href":"https:\/\/theater-svlg.de\/index.php?rest_route=\/wp\/v2\/pages"}],"about":[{"href":"https:\/\/theater-svlg.de\/index.php?rest_route=\/wp\/v2\/types\/page"}],"author":[{"embeddable":true,"href":"https:\/\/theater-svlg.de\/index.php?rest_route=\/wp\/v2\/users\/2"}],"replies":[{"embeddable":true,"href":"https:\/\/theater-svlg.de\/index.php?rest_route=%2Fwp%2Fv2%2Fcomments&post=2115"}],"version-history":[{"count":5,"href":"https:\/\/theater-svlg.de\/index.php?rest_route=\/wp\/v2\/pages\/2115\/revisions"}],"predecessor-version":[{"id":2147,"href":"https:\/\/theater-svlg.de\/index.php?rest_route=\/wp\/v2\/pages\/2115\/revisions\/2147"}],"up":[{"embeddable":true,"href":"https:\/\/theater-svlg.de\/index.php?rest_route=\/wp\/v2\/pages\/26"}],"wp:featuredmedia":[{"embeddable":true,"href":"https:\/\/theater-svlg.de\/index.php?rest_route=\/wp\/v2\/media\/2118"}],"wp:attachment":[{"href":"https:\/\/theater-svlg.de\/index.php?rest_route=%2Fwp%2Fv2%2Fmedia&parent=2115"}],"curies":[{"name":"wp","href":"https:\/\/api.w.org\/{rel}","templated":true}]}}