{"id":2122,"date":"2016-09-12T22:07:05","date_gmt":"2016-09-12T20:07:05","guid":{"rendered":"http:\/\/theater-svlg.de\/?page_id=2122"},"modified":"2016-09-12T22:07:05","modified_gmt":"2016-09-12T20:07:05","slug":"besetzung","status":"publish","type":"page","link":"https:\/\/theater-svlg.de\/?page_id=2122","title":{"rendered":"Besetzung"},"content":{"rendered":"<div class=\"page\" title=\"Page 1\">\n<div class=\"layoutArea\">\n<div class=\"column\">\n<p><strong>Schauspieler<\/strong><\/p>\n<p>Argan: \u00a0 Johanna Schmitt\/ Juliane Weller<\/p>\n<div class=\"page\" title=\"Page 1\">\n<div class=\"layoutArea\">\n<div class=\"column\">\n<p>Toinette: Nina Zimmermann\u00a0\/ Nina Woelk<\/p>\n<div class=\"page\" title=\"Page 1\">\n<div class=\"layoutArea\">\n<div class=\"column\">\n<div class=\"page\" title=\"Page 1\">\n<div class=\"layoutArea\">\n<div class=\"column\">\n<p>Angelique: Franziska\u00a0Brucker \/ Salome Wecks<\/p>\n<div class=\"page\" title=\"Page 1\">\n<div class=\"layoutArea\">\n<div class=\"column\">\n<p>B\u00e8line: Lisa Maier<\/p>\n<div class=\"page\" title=\"Page 1\">\n<div class=\"layoutArea\">\n<div class=\"column\">\n<p>Zofe: Lea Werner<\/p>\n<div class=\"page\" title=\"Page 1\">\n<div class=\"layoutArea\">\n<div class=\"column\">\n<p>B\u00e8ralde: Luisa Niesner<\/p>\n<div class=\"page\" title=\"Page 1\">\n<div class=\"layoutArea\">\n<div class=\"column\">\n<p>Louison: Isabel Hiebner<\/p>\n<div class=\"page\" title=\"Page 1\">\n<div class=\"layoutArea\">\n<div class=\"column\">\n<p>Cl\u00e8ante:\u00a0Melina Rieger<\/p>\n<div class=\"page\" title=\"Page 1\">\n<div class=\"layoutArea\">\n<div class=\"column\">\n<p>Dr. Diare:\u00a0Johanna Sonner<\/p>\n<div class=\"page\" title=\"Page 1\">\n<div class=\"layoutArea\">\n<div class=\"column\">\n<p>Thomas: Teresa Glaser<\/p>\n<div class=\"page\" title=\"Page 1\">\n<div class=\"layoutArea\">\n<div class=\"column\">\n<p>Dr. Purgon. Jamie Lee Kiefner<\/p>\n<\/div>\n<\/div>\n<\/div>\n<\/div>\n<\/div>\n<\/div>\n<\/div>\n<\/div>\n<\/div>\n<\/div>\n<\/div>\n<\/div>\n<\/div>\n<\/div>\n<\/div>\n<\/div>\n<\/div>\n<\/div>\n<\/div>\n<\/div>\n<\/div>\n<\/div>\n<\/div>\n<\/div>\n<\/div>\n<\/div>\n<\/div>\n<\/div>\n<\/div>\n<div class=\"layoutArea\">\n<div class=\"page\" title=\"Page 1\">\n<div class=\"layoutArea\">\n<div class=\"column\">\n<p>Herr Fleurant: Leonie Wied<\/p>\n<div class=\"page\" title=\"Page 1\">\n<div class=\"layoutArea\">\n<div class=\"column\">\n<div class=\"page\" title=\"Page 1\">\n<div class=\"layoutArea\">\n<div class=\"column\">\n<p>Herr Bonnefoy: Leona Diemer<\/p>\n<\/div>\n<p>&nbsp;<\/p>\n<p><strong>Musik<\/strong><\/p>\n<p>Philip Perus (Text und Musik)<\/p>\n<p>Nina Woelk (Klavier)<\/p>\n<div class=\"page\" title=\"Page 1\">\n<div class=\"layoutArea\">\n<div class=\"column\">\n<p>&nbsp;<\/p>\n<p><strong>Maske<\/strong><\/p>\n<p>Laura Bader<\/p>\n<p>Silvia Feetz<\/p>\n<p>Nina Rose<\/p>\n<div class=\"page\" title=\"Page 1\">\n<div class=\"layoutArea\">\n<div class=\"column\">\n<p>&nbsp;<\/p>\n<p><strong>Technik<\/strong><\/p>\n<p>Christian Becker, Patrick Czempiel ,Marius Kletzander, Marco Baumet, Benedikt B\u00f6ll, Phillip Zauner ,Jutta B\u00f6ll, Dominik Rieger, Jens Feinauer<\/p>\n<\/div>\n<div class=\"page\" title=\"Page 1\">\n<div class=\"layoutArea\">\n<div class=\"column\">\n<p>&nbsp;<\/p>\n<p><strong>Regie<\/strong><\/p>\n<p>Philipp Perus<\/p>\n<p>Nina Rose<\/p>\n<\/div>\n<\/div>\n<\/div>\n<\/div>\n<\/div>\n<\/div>\n<\/div>\n<\/div>\n<p>&nbsp;<\/p>\n<\/div>\n<\/div>\n<\/div>\n<\/div>\n<\/div>\n<p>&nbsp;<\/p>\n<\/div>\n<\/div>\n<\/div>\n<\/div>\n<\/div>\n<\/div>\n<\/div>\n<\/div>\n<\/div>\n<\/div>\n<\/div>\n","protected":false},"excerpt":{"rendered":"<p>Schauspieler Argan: \u00a0 Johanna Schmitt\/ Juliane Weller Toinette: Nina Zimmermann\u00a0\/ Nina Woelk Angelique: Franziska\u00a0Brucker \/ Salome Wecks B\u00e8line: Lisa Maier Zofe: Lea Werner B\u00e8ralde: Luisa Niesner Louison: Isabel Hiebner Cl\u00e8ante:\u00a0Melina Rieger Dr. Diare:\u00a0Johanna Sonner Thomas: Teresa Glaser Dr. Purgon. Jamie Lee Kiefner Herr Fleurant: Leonie Wied Herr Bonnefoy: Leona Diemer &nbsp; Musik Philip Perus (Text &hellip; <a href=\"https:\/\/theater-svlg.de\/?page_id=2122\" class=\"more-link\"><span class=\"screen-reader-text\">Besetzung<\/span> weiterlesen <span class=\"meta-nav\">&rarr;<\/span><\/a><\/p>\n","protected":false},"author":2,"featured_media":0,"parent":2115,"menu_order":1,"comment_status":"closed","ping_status":"closed","template":"","meta":{"ngg_post_thumbnail":0},"_links":{"self":[{"href":"https:\/\/theater-svlg.de\/index.php?rest_route=\/wp\/v2\/pages\/2122"}],"collection":[{"href":"https:\/\/theater-svlg.de\/index.php?rest_route=\/wp\/v2\/pages"}],"about":[{"href":"https:\/\/theater-svlg.de\/index.php?rest_route=\/wp\/v2\/types\/page"}],"author":[{"embeddable":true,"href":"https:\/\/theater-svlg.de\/index.php?rest_route=\/wp\/v2\/users\/2"}],"replies":[{"embeddable":true,"href":"https:\/\/theater-svlg.de\/index.php?rest_route=%2Fwp%2Fv2%2Fcomments&post=2122"}],"version-history":[{"count":1,"href":"https:\/\/theater-svlg.de\/index.php?rest_route=\/wp\/v2\/pages\/2122\/revisions"}],"predecessor-version":[{"id":2123,"href":"https:\/\/theater-svlg.de\/index.php?rest_route=\/wp\/v2\/pages\/2122\/revisions\/2123"}],"up":[{"embeddable":true,"href":"https:\/\/theater-svlg.de\/index.php?rest_route=\/wp\/v2\/pages\/2115"}],"wp:attachment":[{"href":"https:\/\/theater-svlg.de\/index.php?rest_route=%2Fwp%2Fv2%2Fmedia&parent=2122"}],"curies":[{"name":"wp","href":"https:\/\/api.w.org\/{rel}","templated":true}]}}