{"id":2176,"date":"2016-10-14T16:01:58","date_gmt":"2016-10-14T14:01:58","guid":{"rendered":"http:\/\/theater-svlg.de\/?page_id=2176"},"modified":"2016-11-15T18:47:53","modified_gmt":"2016-11-15T17:47:53","slug":"20162017-all-you-need-is-love","status":"publish","type":"page","link":"https:\/\/theater-svlg.de\/?page_id=2176","title":{"rendered":"2016\/2017: All You Need Is Love"},"content":{"rendered":"<p>Charly reicht es. Und wer kann sie nicht verstehen? Gut, ihre Freunde aus Liverpool sicher nicht. Und ihre Eltern, ja die schon schon mal gar nicht &#8211; IT\u2019S BEEN A HARD DAYS NIGHT und da will man sich doch einen gepflegt hinter die Binde kippen, nur Charly zickt wieder mal rum&#8230; Sinn des Lebens und so&#8230; Und so kommt\u2019s wie\u2019s wohl kommen muss: SHE\u2019S LEAVING HOME.<\/p>\n<p>Die neue Welt, New York lockt und vergessen ist die kleine Welt in Liverpool. Aber sie merkt bald, dass auch hier SOMETHING fehlt. Gut &#8211; GIVE PEACE A CHANCE, aber ist man wirklich bereit f\u00fcr eine REVOLUTION?! Klar, Ritchie merkt\u2019s als Letzter, dass SHE LOVES him, aber wer jetzt glaubt unsere Charly ist f\u00fcr Geld zu haben, der wird sein blaues Wunder mit dieser G\u00f6re erleben und ihre Krallen kennenlernen, den CAN\u2019T BUY ME LOVE. Eigentlich w\u00e4re jetzt Zeit f\u00fcr ein Happy End, wenn da die b\u00f6se Schwiegermutter nicht w\u00e4r\u2019, die ihre eigenen Pl\u00e4ne hat&#8230; Da n\u00fctzt auch ALL MY LOVING gehaucht nix. Und bevor alle LET IT BE ausrufen, kommt Uncle Sam und macht ein Angebot, dass Ritchie nicht ablehnen kann: I WANT YOU!. Auch wenn er dadurch Charlie verlieren sollte&#8230; Bl\u00f6d, dass Charlie wieder einmal nicht brav war und pl\u00f6tzlich hei\u00dft es GET BACK. Da h\u00e4tte sie mal fr\u00fcher dran denken sollen&#8230; YESTERDAY war alles noch so sch\u00f6n und jetzt?! Da tr\u00f6sten auch die Freunde nicht wirklich, HEY JUDE &#8211; das war\u2019s dann wohl&#8230;<\/p>\n<p>Oder doch nicht? Denn ALL YOU NEED IS LOVE, das wei\u00df doch jeder&#8230; Wenn Sie nun geb\u00fchrend verwirrt sind, dann sollten Sie dieses Spektakel nicht vers\u00e4umen, in der Hoffnung, dass sich auf der B\u00fchne doch dies und das kl\u00e4ren wird. Und im \u00fcbrigen sorgen SGT: PEPPER und seine Candy Girls f\u00fcr den Durchblick und die emanzipatorische Entwirrung.<\/p>\n<p>Interessiert?! 18.\/19.\/20. November 2016 im Atrium des SvLGs in Gaildorf.<br \/>\nKarten k\u00f6nnen <a href=\"https:\/\/theater-svlg.de\/?page_id=2231\">HIER<\/a> vorbestellt werden!<\/p>\n<p>&nbsp;<\/p>\n","protected":false},"excerpt":{"rendered":"<p>Charly reicht es. Und wer kann sie nicht verstehen? Gut, ihre Freunde aus Liverpool sicher nicht. Und ihre Eltern, ja die schon schon mal gar nicht &#8211; IT\u2019S BEEN A HARD DAYS NIGHT und da will man sich doch einen gepflegt hinter die Binde kippen, nur Charly zickt wieder mal rum&#8230; Sinn des Lebens und &hellip; <a href=\"https:\/\/theater-svlg.de\/?page_id=2176\" class=\"more-link\"><span class=\"screen-reader-text\">2016\/2017: All You Need Is Love<\/span> weiterlesen <span class=\"meta-nav\">&rarr;<\/span><\/a><\/p>\n","protected":false},"author":2,"featured_media":2177,"parent":28,"menu_order":-3,"comment_status":"closed","ping_status":"closed","template":"","meta":{"ngg_post_thumbnail":0},"_links":{"self":[{"href":"https:\/\/theater-svlg.de\/index.php?rest_route=\/wp\/v2\/pages\/2176"}],"collection":[{"href":"https:\/\/theater-svlg.de\/index.php?rest_route=\/wp\/v2\/pages"}],"about":[{"href":"https:\/\/theater-svlg.de\/index.php?rest_route=\/wp\/v2\/types\/page"}],"author":[{"embeddable":true,"href":"https:\/\/theater-svlg.de\/index.php?rest_route=\/wp\/v2\/users\/2"}],"replies":[{"embeddable":true,"href":"https:\/\/theater-svlg.de\/index.php?rest_route=%2Fwp%2Fv2%2Fcomments&post=2176"}],"version-history":[{"count":7,"href":"https:\/\/theater-svlg.de\/index.php?rest_route=\/wp\/v2\/pages\/2176\/revisions"}],"predecessor-version":[{"id":2244,"href":"https:\/\/theater-svlg.de\/index.php?rest_route=\/wp\/v2\/pages\/2176\/revisions\/2244"}],"up":[{"embeddable":true,"href":"https:\/\/theater-svlg.de\/index.php?rest_route=\/wp\/v2\/pages\/28"}],"wp:featuredmedia":[{"embeddable":true,"href":"https:\/\/theater-svlg.de\/index.php?rest_route=\/wp\/v2\/media\/2177"}],"wp:attachment":[{"href":"https:\/\/theater-svlg.de\/index.php?rest_route=%2Fwp%2Fv2%2Fmedia&parent=2176"}],"curies":[{"name":"wp","href":"https:\/\/api.w.org\/{rel}","templated":true}]}}