{"id":2231,"date":"2016-11-15T17:48:04","date_gmt":"2016-11-15T16:48:04","guid":{"rendered":"http:\/\/theater-svlg.de\/?page_id=2231"},"modified":"2020-03-16T19:58:17","modified_gmt":"2020-03-16T18:58:17","slug":"kartenbestellung","status":"publish","type":"page","link":"https:\/\/theater-svlg.de\/?page_id=2231","title":{"rendered":"Karten"},"content":{"rendered":"<p>Kartenreservierung f\u00fcr <strong>&#8222;Romeo und Julia in Gaildorf&#8220;<\/strong>.<\/p>\n<p>Leider k\u00f6nnen die Auff\u00fchrungen &#8222;Romeo und Julia&#8220; vom 27.03. bis zum 29.03.2020 aufgrund der Ausbreitung des Coronavirus und den damit verbundenen Schulschlie\u00dfungen nicht stattfinden.<br \/>\n<!--[contact-form-7 id=\"2230\" title=\"Kartenbestellung 1\"]<!--\n[contact-form-7 id=\"2388\" title=\"Kartenbestellung 1 Spende\"]--><br \/>\n<!--F\u00fcr andere Anliegen sowie Umbuchungen oder Stornierungen bitte das <a href=\"https:\/\/theater-svlg.de\/?page_id=18\">Kontaktformular<\/a> nutzen.\n<!--Derzeit stehen keine Karten zur Vorreservierung zur Verf\u00fcgung.--><\/p>\n","protected":false},"excerpt":{"rendered":"<p>Kartenreservierung f\u00fcr &#8222;Romeo und Julia in Gaildorf&#8220;. Leider k\u00f6nnen die Auff\u00fchrungen &#8222;Romeo und Julia&#8220; vom 27.03. bis zum 29.03.2020 aufgrund der Ausbreitung des Coronavirus und den damit verbundenen Schulschlie\u00dfungen nicht stattfinden.<\/p>\n","protected":false},"author":1,"featured_media":0,"parent":474,"menu_order":2,"comment_status":"closed","ping_status":"closed","template":"","meta":{"ngg_post_thumbnail":0},"_links":{"self":[{"href":"https:\/\/theater-svlg.de\/index.php?rest_route=\/wp\/v2\/pages\/2231"}],"collection":[{"href":"https:\/\/theater-svlg.de\/index.php?rest_route=\/wp\/v2\/pages"}],"about":[{"href":"https:\/\/theater-svlg.de\/index.php?rest_route=\/wp\/v2\/types\/page"}],"author":[{"embeddable":true,"href":"https:\/\/theater-svlg.de\/index.php?rest_route=\/wp\/v2\/users\/1"}],"replies":[{"embeddable":true,"href":"https:\/\/theater-svlg.de\/index.php?rest_route=%2Fwp%2Fv2%2Fcomments&post=2231"}],"version-history":[{"count":9,"href":"https:\/\/theater-svlg.de\/index.php?rest_route=\/wp\/v2\/pages\/2231\/revisions"}],"predecessor-version":[{"id":2946,"href":"https:\/\/theater-svlg.de\/index.php?rest_route=\/wp\/v2\/pages\/2231\/revisions\/2946"}],"up":[{"embeddable":true,"href":"https:\/\/theater-svlg.de\/index.php?rest_route=\/wp\/v2\/pages\/474"}],"wp:attachment":[{"href":"https:\/\/theater-svlg.de\/index.php?rest_route=%2Fwp%2Fv2%2Fmedia&parent=2231"}],"curies":[{"name":"wp","href":"https:\/\/api.w.org\/{rel}","templated":true}]}}