{"id":2298,"date":"2016-11-23T20:41:56","date_gmt":"2016-11-23T19:41:56","guid":{"rendered":"http:\/\/theater-svlg.de\/?page_id=2298"},"modified":"2017-02-14T21:37:52","modified_gmt":"2017-02-14T20:37:52","slug":"besetzung","status":"publish","type":"page","link":"https:\/\/theater-svlg.de\/?page_id=2298","title":{"rendered":"Besetzung"},"content":{"rendered":"<p><strong>Charly, vormals als Charlotte bekannt:<\/strong><br \/>\nJuliane Weller<\/p>\n<p><strong>Candy Girls:<\/strong><\/p>\n<p>Marijke Altenm\u00fcller<br \/>\nSalome Wecks<br \/>\nJohanna Sonner<br \/>\n<i>Sgt. Pepper: Lisa Tiessen<\/i><\/p>\n<p><b>Die Liverpool Gang<br \/>\n<\/b><strong>Sam<\/strong>: Mario Wolainski<br \/>\n<strong>Arbeiter<\/strong>: Nico Pratz, Magnus W\u00f6rz, Samuel W\u00f6rz, Amaury Krief<br \/>\n<strong>Die M\u00e4dels vom B\u00fcro<\/strong>: Lea Werner, Miss Eliza Hossbach<\/p>\n<p><b>Das h\u00e4usliche Grauen &#8211; zu Gast bei Charlottes Eltern<\/b><br \/>\n<strong>Vater<\/strong>: Jonas Gorke<br \/>\n<strong>Mutter<\/strong>: Nina Woelk<\/p>\n<p><strong>NYC &#8211; Gro\u00dfstadtmenschen<\/strong><br \/>\nMarina Drach<br \/>\nNina Woelk<br \/>\nElisabeth Hossbach<br \/>\nSamuel W\u00f6rz (der Unmoralische)<br \/>\nNico Pratz (Dealer)<br \/>\nJonas Gorke (Touristen aus Suebia)<br \/>\nLea Werner (Touristen aus Suebia)<br \/>\nHippies: Lara Tiebl, Lea Werner<\/p>\n<p><b>Hippies<br \/>\n<\/b>Lara Tiebl<br \/>\nLea Werner<br \/>\nElisabeth Hossbach<br \/>\nNico Pratz<br \/>\nNina Woelk (M\u00e4dchen)<br \/>\nSamuel W\u00f6rz (Friedensaktivist)<\/p>\n<p><strong>Vertreter der Staatsgewalt<\/strong><br \/>\nNina Woelk<br \/>\nSalome Wecks<br \/>\nJonas Gorke<br \/>\nLisa Tiessen<br \/>\nJohanna Sonner<br \/>\nMarijke Altenm\u00fcller<br \/>\nAmaury Krief<br \/>\nMelina Rieger<\/p>\n<p><b>Der Schwiegermutteralptraum<br \/>\n<\/b><strong>Schwiegermutter<\/strong>: Melina Rieger<br \/>\n<strong>Peter<\/strong>, Schwiegervater: Samuel W\u00f6rz<br \/>\n<strong>Florance<\/strong>: Marijke Altenm\u00fcller<br \/>\n<strong>Partyg\u00e4ste<\/strong>:<br \/>\nMario Wolainski<br \/>\nMarina Drach<br \/>\nDer Praktikant<br \/>\nJohanna Sonner<br \/>\nSalome Wecks<br \/>\nAmaury Krief<\/p>\n<p><b>Uncle Sam<br \/>\n<\/b>Soldaten: Ensemble<br \/>\nOffizier: Amaury Rief<\/p>\n<p><b>Ausweisungbeamte<br \/>\n<\/b>Amaury Krief<br \/>\nMario Wolainski<br \/>\nJonas Gorke<\/p>\n<p><b>Freundesdienst<br \/>\n<\/b>Freund: Mario Wolainski<\/p>\n<p><strong>Soldaten<\/strong>:<br \/>\nLisa Tiessen<br \/>\nMaijke Altenm\u00fcller,<br \/>\nJohanna Sonner<br \/>\nSalome Wecks<\/p>\n<p><b>The Lonely Hearts Club Band<br \/>\n<\/b>Gitarren: Katrin Hagel, Michael Voigt<br \/>\nBass: Ingo L\u00f6\u00dfer<br \/>\nSchlagzeug: Jakob Staehle<br \/>\nKeyboard: Vincent Eissing-Boyny<\/p>\n<p><b>Das Schenken-Streicher-Ensemble<br \/>\n<\/b>Violine: Jutta Bornschein, Johanna Boyny, Axel Spix<br \/>\nViola \/ Violoncello: Susanne Polster, Jakob Boyny &nbsp;<br \/>\nVioloncello: Luisa Niesner, Angela R\u00fccker<\/p>\n<p><strong>Choreographie<\/strong><br \/>\nJuliane Weller<\/p>\n<p><b>Maske<\/b><br \/>\nNina Rose<br \/>\nSylvia Linke<i><br \/>\n<\/i>Fabienne K\u00f6ngeter<i><br \/>\n<\/i><\/p>\n<p><b>B\u00fchnenbild<\/b><\/p>\n<p><strong>Konzeption<\/strong>:<br \/>\nPeter Ka\u00dfelkus<\/p>\n<p><strong>Holzw\u00fcrmer<\/strong><br \/>\nUte Ebner-H\u00f6ll<br \/>\nFabian H\u00f6ll<\/p>\n<p><strong>Pinselschwinger<\/strong>:<br \/>\nBK KS2;<br \/>\nKlasse 10a<br \/>\nKlasse 7a<br \/>\nJutta B\u00f6lz<br \/>\nJamie-Lee Kiefner<br \/>\nMaximilian Stahl<br \/>\nFlorentin Stahl<br \/>\nSissi Kreutzer<br \/>\nElisabeth Hossbach<br \/>\nXenia Horbas<br \/>\nPauline Weller<br \/>\nDavide<br \/>\nJuliane Weller<br \/>\nMarijke Altenm\u00fcller<br \/>\nJohanna Sonner<br \/>\nLara Tiebl<br \/>\nRebecca Gschwendtner<br \/>\nMelanie Czempiel<\/p>\n<p><b>Plakat<br \/>\n<\/b>Rebecca Gschwendtner<\/p>\n<p><b>Technik:<br \/>\n<\/b>Mario Simon<br \/>\nDominik Rieger<br \/>\nJanos Horacki<br \/>\nJulian Frey<br \/>\nIngo L\u00f6\u00dfer<\/p>\n<p><b>Filmteam<br \/>\n<\/b>Marius K\u00fchl<br \/>\nSimon Werner<\/p>\n<p><b>Arrangements und musikalische Leitung<br \/>\n<\/b>Vincent Eissing &#8211; Boyny<\/p>\n<p><b>Text &amp; Regie<br \/>\n<\/b>Thomas H\u00f6ll<\/p>\n","protected":false},"excerpt":{"rendered":"<p>Charly, vormals als Charlotte bekannt: Juliane Weller Candy Girls: Marijke Altenm\u00fcller Salome Wecks Johanna Sonner Sgt. Pepper: Lisa Tiessen Die Liverpool Gang Sam: Mario Wolainski Arbeiter: Nico Pratz, Magnus W\u00f6rz, Samuel W\u00f6rz, Amaury Krief Die M\u00e4dels vom B\u00fcro: Lea Werner, Miss Eliza Hossbach Das h\u00e4usliche Grauen &#8211; zu Gast bei Charlottes Eltern Vater: Jonas Gorke &hellip; <a href=\"https:\/\/theater-svlg.de\/?page_id=2298\" class=\"more-link\"><span class=\"screen-reader-text\">Besetzung<\/span> weiterlesen <span class=\"meta-nav\">&rarr;<\/span><\/a><\/p>\n","protected":false},"author":2,"featured_media":2300,"parent":2176,"menu_order":20,"comment_status":"closed","ping_status":"closed","template":"","meta":{"ngg_post_thumbnail":0},"_links":{"self":[{"href":"https:\/\/theater-svlg.de\/index.php?rest_route=\/wp\/v2\/pages\/2298"}],"collection":[{"href":"https:\/\/theater-svlg.de\/index.php?rest_route=\/wp\/v2\/pages"}],"about":[{"href":"https:\/\/theater-svlg.de\/index.php?rest_route=\/wp\/v2\/types\/page"}],"author":[{"embeddable":true,"href":"https:\/\/theater-svlg.de\/index.php?rest_route=\/wp\/v2\/users\/2"}],"replies":[{"embeddable":true,"href":"https:\/\/theater-svlg.de\/index.php?rest_route=%2Fwp%2Fv2%2Fcomments&post=2298"}],"version-history":[{"count":9,"href":"https:\/\/theater-svlg.de\/index.php?rest_route=\/wp\/v2\/pages\/2298\/revisions"}],"predecessor-version":[{"id":2421,"href":"https:\/\/theater-svlg.de\/index.php?rest_route=\/wp\/v2\/pages\/2298\/revisions\/2421"}],"up":[{"embeddable":true,"href":"https:\/\/theater-svlg.de\/index.php?rest_route=\/wp\/v2\/pages\/2176"}],"wp:featuredmedia":[{"embeddable":true,"href":"https:\/\/theater-svlg.de\/index.php?rest_route=\/wp\/v2\/media\/2300"}],"wp:attachment":[{"href":"https:\/\/theater-svlg.de\/index.php?rest_route=%2Fwp%2Fv2%2Fmedia&parent=2298"}],"curies":[{"name":"wp","href":"https:\/\/api.w.org\/{rel}","templated":true}]}}