{"id":2502,"date":"2017-03-10T19:40:21","date_gmt":"2017-03-10T18:40:21","guid":{"rendered":"http:\/\/theater-svlg.de\/?page_id=2502"},"modified":"2017-03-10T19:41:48","modified_gmt":"2017-03-10T18:41:48","slug":"20162017-sherlock-holmes","status":"publish","type":"page","link":"https:\/\/theater-svlg.de\/?page_id=2502","title":{"rendered":"2016\/2017 Sherlock Holmes"},"content":{"rendered":"<p>\u201eDer Meisterdetektiv Sherlock Holmes langweilt sich. Kein spannender Fall in Sicht und zu allem \u00dcberfluss hat sich sein Freund und Kollege Dr. Watson auch noch verlobt. Sauregurkenzeit f\u00fcr sein brillantes Gehirn, das nach komplizierten F\u00e4llen lechzt. Doch schneller als erwartet, finden er und Dr. Watson sich gleich in zwei Abenteuer verstrickt. In Sussex hei\u00dft es den Mord am P\u00e4chter eines Gutshofes aufzukl\u00e4ren, denn der mutma\u00dfliche M\u00f6rder, sein Sohn, weigert sich standhaft, ein Gest\u00e4ndnis abzulegen. War James McCarthy am Ende doch nicht der M\u00f6rder? Und warum setzt sich die junge Alice Turner mit aller Macht f\u00fcr die Freilassung des Verd\u00e4chtigen ein? Ein zweiter Fall verschafft Holmes die Bekanntschaft eines waschechten K\u00f6nigs. Und die der faszinierenden und \u00fcberaus raffinierten Irene Adler. Sie hat&nbsp; nicht nur \u201eseine Majest\u00e4t\u201c v\u00f6llig in ihren Bann gezogen, sondern bald auch den jeder Art von Romantik sehr kritisch gegen\u00fcberstehenden Holmes\u2026\u201c (Quelle: dtv-Verlag)<\/p>\n","protected":false},"excerpt":{"rendered":"<p>\u201eDer Meisterdetektiv Sherlock Holmes langweilt sich. Kein spannender Fall in Sicht und zu allem \u00dcberfluss hat sich sein Freund und Kollege Dr. Watson auch noch verlobt. Sauregurkenzeit f\u00fcr sein brillantes Gehirn, das nach komplizierten F\u00e4llen lechzt. Doch schneller als erwartet, finden er und Dr. Watson sich gleich in zwei Abenteuer verstrickt. In Sussex hei\u00dft es &hellip; <a href=\"https:\/\/theater-svlg.de\/?page_id=2502\" class=\"more-link\"><span class=\"screen-reader-text\">2016\/2017 Sherlock Holmes<\/span> weiterlesen <span class=\"meta-nav\">&rarr;<\/span><\/a><\/p>\n","protected":false},"author":2,"featured_media":2440,"parent":26,"menu_order":-1,"comment_status":"closed","ping_status":"closed","template":"","meta":{"ngg_post_thumbnail":0},"_links":{"self":[{"href":"https:\/\/theater-svlg.de\/index.php?rest_route=\/wp\/v2\/pages\/2502"}],"collection":[{"href":"https:\/\/theater-svlg.de\/index.php?rest_route=\/wp\/v2\/pages"}],"about":[{"href":"https:\/\/theater-svlg.de\/index.php?rest_route=\/wp\/v2\/types\/page"}],"author":[{"embeddable":true,"href":"https:\/\/theater-svlg.de\/index.php?rest_route=\/wp\/v2\/users\/2"}],"replies":[{"embeddable":true,"href":"https:\/\/theater-svlg.de\/index.php?rest_route=%2Fwp%2Fv2%2Fcomments&post=2502"}],"version-history":[{"count":2,"href":"https:\/\/theater-svlg.de\/index.php?rest_route=\/wp\/v2\/pages\/2502\/revisions"}],"predecessor-version":[{"id":2504,"href":"https:\/\/theater-svlg.de\/index.php?rest_route=\/wp\/v2\/pages\/2502\/revisions\/2504"}],"up":[{"embeddable":true,"href":"https:\/\/theater-svlg.de\/index.php?rest_route=\/wp\/v2\/pages\/26"}],"wp:featuredmedia":[{"embeddable":true,"href":"https:\/\/theater-svlg.de\/index.php?rest_route=\/wp\/v2\/media\/2440"}],"wp:attachment":[{"href":"https:\/\/theater-svlg.de\/index.php?rest_route=%2Fwp%2Fv2%2Fmedia&parent=2502"}],"curies":[{"name":"wp","href":"https:\/\/api.w.org\/{rel}","templated":true}]}}