{"id":2711,"date":"2017-11-28T19:13:38","date_gmt":"2017-11-28T18:13:38","guid":{"rendered":"http:\/\/theater-svlg.de\/?page_id=2711"},"modified":"2017-11-28T19:36:19","modified_gmt":"2017-11-28T18:36:19","slug":"presse","status":"publish","type":"page","link":"https:\/\/theater-svlg.de\/?page_id=2711","title":{"rendered":"Presse"},"content":{"rendered":"<p>Ein Koffer voller Erinnerungen<\/p>\n<p><b>GAILDORF:<\/b> <b>Die Oberstufentheater-AG des Gaildorfer Gymnasiums begeisterte die Zuschauer am vergangenen Wochenende mit einem St\u00fcck v\u00f6llig unterschiedlicher Lebensgeschichten.<\/b><\/p>\n<p>Zufrieden blickt Thomas H\u00f6ll ins begeistert applaudierende Publikum. Mit ihm auf der B\u00fchne stehen alle Darsteller und Helfer&nbsp;\u2013 von der Maske bis zur Technik. \u201eIch bedanke mich f\u00fcr diesen ganz tollen Abend, den ich erleben durfte\u201c, sagt er. Seit mehr als 15 Jahren leitet der Lehrer nun als Regisseur die Geschicke der Oberstufentheater-AG des Schenk-von-Limpurg-Gymnasiums in Gaildorf. Auch in diesem Jahr ist es der Theater-AG gelungen, das vollbesetzte Atrium der Schule mit dem von H\u00f6ll geschriebenen St\u00fcck \u201eDer Koffer meiner Gro\u00dfmutter\u201c am vergangenen Wochenende bei den drei Auftritten ausgefallen zu unterhalten.<\/p>\n<p>Aus dem wahren Leben<\/p>\n<p>Auf die Idee zum diesj\u00e4hrigen St\u00fcck brachte ihn seine Schwester. Bereits als Kind interessierte sich Thomas H\u00f6ll f\u00fcr einen alten Koffer, der bei der Familie verborgen auf dem Dachboden stand. F\u00fcnfzig Jahre sp\u00e4ter \u00fcberreichte sie ihm den Koffer mit den Worten: \u201eDen wolltest du doch schon immer haben. Da kannst du doch sicher beim Theater etwas daraus machen.\u201c Die Idee war geboren. \u201eIm Koffer sind viele Gegenst\u00e4nde, die einen an etwas Vergangenes erinnern\u201c, erz\u00e4hlt er und nennt damit die Rahmenhandlung des St\u00fcckes.<\/p>\n<p>An einem gew\u00f6hnlichen Abend in einem Altenheim sto\u00dfen die Putzfrauen auf einen alten Koffer, der mit Hilfe einer Konstruktion zuvor auf die B\u00fchne geschwebt war. Die Altenheimbewohner finden darin viele interessante Gegenst\u00e4nde, die sie an pr\u00e4gende Geschichten ihres Lebens erinnern. So erz\u00e4hlen sie sich gegenseitig in R\u00fcckblenden ihre emotionalen Lebensgeschichten und lassen die anderen an diesen teilhaben. W\u00e4hrend die Putzfrauen durch High-Heels aus dem Koffer von Anerkennung und Dominanz \u00fcber die M\u00e4nnerwelt tr\u00e4umen, erinnert ein Liebesbrief den Zyniker Angelo an eine traurige Liebesgeschichte. Angelo verliert seine gro\u00dfe Liebe Carmen an den wortkargen und tollpatschigen Enrico, f\u00fcr den er allem \u00dcbel zum Trotz auch noch die Liebesbriefe an Carmen schreibt. Erst im Altenheim finden beide in einer r\u00fchrenden Szene doch noch zusammen.<\/p>\n<p>Angelo ist aber nicht der einzige, der seine Geschichte mit den anderen teilt: Pflegerin Samira erz\u00e4hlt von ihrer gef\u00e4hrlichen Flucht aus \u201eAbsurdistan\u201c nach Europa, und Gudrun offenbart, ihre Kindheit verloren zu haben und gar nicht Gudrun zu hei\u00dfen. Im gro\u00dfen Finale sind sich alle Bewohner darin einig, dass die Erinnerungen im Koffer etwas Positives sind. Am Ende steht die Erkenntnis aus dem Roman \u201eAgnes\u201c: Gl\u00fcck malt man mit Punkten. Pr\u00e4gend sind im St\u00fcck ausdrucksstarke Tanz- und Gesangseinlagen der Choreographin Susi Erhardt zu den Rocksongs und Balladen der speziell f\u00fcr dieses Theaterst\u00fcck ins Leben gerufenen Band \u201eKirgelgschroi\u201c um Referendar Daniel Riek. Beeindruckende Licht- und Schatteneffekte bleiben den Zuschauern ebenso in Erinnerung wie humorvolle Einlagen.<\/p>\n<p>Durch den Abgang vieler Abiturienten musste die Theater-AG in diesem Jahr einen gr\u00f6\u00dferen Umbruch bew\u00e4ltigen. Erste Ideen zum St\u00fcck probten die Sch\u00fcler bereits im Fr\u00fchjahr; die hei\u00dfe Phase, in der nach und nach alle Szenen mit dem endg\u00fcltigen Text hinzukamen, begann nach den Sommerferien. Wichtig f\u00fcr die Gruppe seien auch die gemeinsamen Proben-Tage vor zwei Wochen in T\u00fcbingen gewesen, wo die Gruppe in drei gemeinsamen Tagen zusammenwachsen konnte. \u201eSo ein Umbruch ist eigentlich immer schwierig, aber wir haben wieder tolle Leute dabei\u201c, lobt H\u00f6ll seine Schauspieler und spricht von einem gelungenen Auftritt: \u201eAlles hat voll funktioniert. Vor Publikum ist das Spielen nat\u00fcrlich nochmal anders als in den Proben.\u201c<\/p>\n<p>Sein Dank und Lob galt neben den Schauspielern den Technikern und Musikern, allen weiteren Helfern sowie dem Freundeskreis der Schule. Verfolgt hat er das St\u00fcck wie in jedem Jahr von seinem Stammplatz an der Seite des Atriums aus und verzichtete dabei auf eine Souffleuse. \u201eInsgesamt ist alles sehr gut gelaufen. Wenn etwas nicht l\u00e4uft, \u00fcberspielt man es\u201c, erkl\u00e4rt Enrico-Darsteller Magnus W\u00f6rz aus der 12. Klasse das Prinzip. Au\u00dferdem f\u00fcgt der Schauspieler, der neben der Rolle des Enrico noch weitere Rollen bekleidete, lachend an: \u201eWas man in der Generalprobe falsch macht, macht man bei der Premiere richtig.\u201c<\/p>\n<p>Auch im kommenden Jahr wird es an der Schule ein Theaterst\u00fcck der Oberstufentheater-AG geben, best\u00e4tigt der Regisseur. Man darf gespannt sein, was die Sch\u00fcler 2018 auf die B\u00fchne bringen werden. Bislang gibt es noch keine konkreten Ideen zum St\u00fcck, die ersten Gedanken werden wahrscheinlich nach Weihnachten entstehen. Vielleicht kommt die Schwester dazu ja mal wieder vorbei.<\/p>\n<p><strong>Luca Stettner<\/strong> (Text und Fotos), Gaildorfer Rundschau, 28. November 2017.<\/p>\n<p>Abdruck mit freundlicher Genehmigung der Gaildorfer Rundschau<\/p>\n<!-- index.php -->\n<div\n\tclass=\"ngg-galleryoverview ngg-ajax-pagination-none\"\n\tid=\"ngg-gallery-1766b884cdc34fccdb809ffb7cb3b747-1\">\n\n    \t<div class=\"slideshowlink\">\n        <a href='https:\/\/theater-svlg.de\/index.php\/nggallery\/slideshow?page_id=2711'>&#091;Zeige eine Slideshow&#093;<\/a>\n\t\t\n\t<\/div>\n\t\t\t<!-- Thumbnails -->\n\t\t\t\t<div id=\"ngg-image-0\" class=\"ngg-gallery-thumbnail-box\" >\n\t\t\t\t        <div class=\"ngg-gallery-thumbnail\">\n            <a href=\"https:\/\/theater-svlg.de\/wp-content\/gallery\/der-koffer-meiner-grossmutter\/Bildschirmfoto-2017-11-28-um-18.55.16.png\"\n               title=\"\"\n               data-src=\"https:\/\/theater-svlg.de\/wp-content\/gallery\/der-koffer-meiner-grossmutter\/Bildschirmfoto-2017-11-28-um-18.55.16.png\"\n               data-thumbnail=\"https:\/\/theater-svlg.de\/wp-content\/gallery\/der-koffer-meiner-grossmutter\/thumbs\/thumbs_Bildschirmfoto-2017-11-28-um-18.55.16.png\"\n               data-image-id=\"846\"\n               data-title=\"Bildschirmfoto 2017-11-28 um 18.55.16\"\n               data-description=\"\"\n               data-image-slug=\"bildschirmfoto-2017-11-28-um-18-55-16\"\n               class=\"ngg-fancybox\" rel=\"1766b884cdc34fccdb809ffb7cb3b747\">\n                <img\n                    title=\"Bildschirmfoto 2017-11-28 um 18.55.16\"\n                    alt=\"Bildschirmfoto 2017-11-28 um 18.55.16\"\n                    src=\"https:\/\/theater-svlg.de\/wp-content\/gallery\/der-koffer-meiner-grossmutter\/thumbs\/thumbs_Bildschirmfoto-2017-11-28-um-18.55.16.png\"\n                    width=\"235\"\n                    height=\"160\"\n                    style=\"max-width:100%;\"\n                \/>\n            <\/a>\n        <\/div>\n\t\t\t\t\t\t\t<\/div> \n\t\t\t\n                            \n\t\t\t\t<div id=\"ngg-image-1\" class=\"ngg-gallery-thumbnail-box\" >\n\t\t\t\t        <div class=\"ngg-gallery-thumbnail\">\n            <a href=\"https:\/\/theater-svlg.de\/wp-content\/gallery\/der-koffer-meiner-grossmutter\/Bildschirmfoto-2017-11-28-um-18.55.05.png\"\n               title=\"\"\n               data-src=\"https:\/\/theater-svlg.de\/wp-content\/gallery\/der-koffer-meiner-grossmutter\/Bildschirmfoto-2017-11-28-um-18.55.05.png\"\n               data-thumbnail=\"https:\/\/theater-svlg.de\/wp-content\/gallery\/der-koffer-meiner-grossmutter\/thumbs\/thumbs_Bildschirmfoto-2017-11-28-um-18.55.05.png\"\n               data-image-id=\"847\"\n               data-title=\"Bildschirmfoto 2017-11-28 um 18.55.05\"\n               data-description=\"\"\n               data-image-slug=\"bildschirmfoto-2017-11-28-um-18-55-05\"\n               class=\"ngg-fancybox\" rel=\"1766b884cdc34fccdb809ffb7cb3b747\">\n                <img\n                    title=\"Bildschirmfoto 2017-11-28 um 18.55.05\"\n                    alt=\"Bildschirmfoto 2017-11-28 um 18.55.05\"\n                    src=\"https:\/\/theater-svlg.de\/wp-content\/gallery\/der-koffer-meiner-grossmutter\/thumbs\/thumbs_Bildschirmfoto-2017-11-28-um-18.55.05.png\"\n                    width=\"225\"\n                    height=\"160\"\n                    style=\"max-width:100%;\"\n                \/>\n            <\/a>\n        <\/div>\n\t\t\t\t\t\t\t<\/div> \n\t\t\t\n                            \n\t\t\t\t<div id=\"ngg-image-2\" class=\"ngg-gallery-thumbnail-box\" >\n\t\t\t\t        <div class=\"ngg-gallery-thumbnail\">\n            <a href=\"https:\/\/theater-svlg.de\/wp-content\/gallery\/der-koffer-meiner-grossmutter\/Bildschirmfoto-2017-11-28-um-18.54.52.png\"\n               title=\"\"\n               data-src=\"https:\/\/theater-svlg.de\/wp-content\/gallery\/der-koffer-meiner-grossmutter\/Bildschirmfoto-2017-11-28-um-18.54.52.png\"\n               data-thumbnail=\"https:\/\/theater-svlg.de\/wp-content\/gallery\/der-koffer-meiner-grossmutter\/thumbs\/thumbs_Bildschirmfoto-2017-11-28-um-18.54.52.png\"\n               data-image-id=\"848\"\n               data-title=\"Bildschirmfoto 2017-11-28 um 18.54.52\"\n               data-description=\"\"\n               data-image-slug=\"bildschirmfoto-2017-11-28-um-18-54-52\"\n               class=\"ngg-fancybox\" rel=\"1766b884cdc34fccdb809ffb7cb3b747\">\n                <img\n                    title=\"Bildschirmfoto 2017-11-28 um 18.54.52\"\n                    alt=\"Bildschirmfoto 2017-11-28 um 18.54.52\"\n                    src=\"https:\/\/theater-svlg.de\/wp-content\/gallery\/der-koffer-meiner-grossmutter\/thumbs\/thumbs_Bildschirmfoto-2017-11-28-um-18.54.52.png\"\n                    width=\"234\"\n                    height=\"160\"\n                    style=\"max-width:100%;\"\n                \/>\n            <\/a>\n        <\/div>\n\t\t\t\t\t\t\t<\/div> \n\t\t\t\n                            \n\t\t\t\t<div id=\"ngg-image-3\" class=\"ngg-gallery-thumbnail-box\" >\n\t\t\t\t        <div class=\"ngg-gallery-thumbnail\">\n            <a href=\"https:\/\/theater-svlg.de\/wp-content\/gallery\/der-koffer-meiner-grossmutter\/Bildschirmfoto-2017-11-28-um-18.54.38.png\"\n               title=\"\"\n               data-src=\"https:\/\/theater-svlg.de\/wp-content\/gallery\/der-koffer-meiner-grossmutter\/Bildschirmfoto-2017-11-28-um-18.54.38.png\"\n               data-thumbnail=\"https:\/\/theater-svlg.de\/wp-content\/gallery\/der-koffer-meiner-grossmutter\/thumbs\/thumbs_Bildschirmfoto-2017-11-28-um-18.54.38.png\"\n               data-image-id=\"849\"\n               data-title=\"Bildschirmfoto 2017-11-28 um 18.54.38\"\n               data-description=\"\"\n               data-image-slug=\"bildschirmfoto-2017-11-28-um-18-54-38\"\n               class=\"ngg-fancybox\" rel=\"1766b884cdc34fccdb809ffb7cb3b747\">\n                <img\n                    title=\"Bildschirmfoto 2017-11-28 um 18.54.38\"\n                    alt=\"Bildschirmfoto 2017-11-28 um 18.54.38\"\n                    src=\"https:\/\/theater-svlg.de\/wp-content\/gallery\/der-koffer-meiner-grossmutter\/thumbs\/thumbs_Bildschirmfoto-2017-11-28-um-18.54.38.png\"\n                    width=\"216\"\n                    height=\"160\"\n                    style=\"max-width:100%;\"\n                \/>\n            <\/a>\n        <\/div>\n\t\t\t\t\t\t\t<\/div> \n\t\t\t\n                                    <br style=\"clear: both\" \/>\n                    \n\t\t\t\t<div id=\"ngg-image-4\" class=\"ngg-gallery-thumbnail-box\" >\n\t\t\t\t        <div class=\"ngg-gallery-thumbnail\">\n            <a href=\"https:\/\/theater-svlg.de\/wp-content\/gallery\/der-koffer-meiner-grossmutter\/Bildschirmfoto-2017-11-28-um-18.54.26.png\"\n               title=\"\"\n               data-src=\"https:\/\/theater-svlg.de\/wp-content\/gallery\/der-koffer-meiner-grossmutter\/Bildschirmfoto-2017-11-28-um-18.54.26.png\"\n               data-thumbnail=\"https:\/\/theater-svlg.de\/wp-content\/gallery\/der-koffer-meiner-grossmutter\/thumbs\/thumbs_Bildschirmfoto-2017-11-28-um-18.54.26.png\"\n               data-image-id=\"850\"\n               data-title=\"Bildschirmfoto 2017-11-28 um 18.54.26\"\n               data-description=\"\"\n               data-image-slug=\"bildschirmfoto-2017-11-28-um-18-54-26\"\n               class=\"ngg-fancybox\" rel=\"1766b884cdc34fccdb809ffb7cb3b747\">\n                <img\n                    title=\"Bildschirmfoto 2017-11-28 um 18.54.26\"\n                    alt=\"Bildschirmfoto 2017-11-28 um 18.54.26\"\n                    src=\"https:\/\/theater-svlg.de\/wp-content\/gallery\/der-koffer-meiner-grossmutter\/thumbs\/thumbs_Bildschirmfoto-2017-11-28-um-18.54.26.png\"\n                    width=\"191\"\n                    height=\"160\"\n                    style=\"max-width:100%;\"\n                \/>\n            <\/a>\n        <\/div>\n\t\t\t\t\t\t\t<\/div> \n\t\t\t\n                            \n\t\t\t\t<div id=\"ngg-image-5\" class=\"ngg-gallery-thumbnail-box\" >\n\t\t\t\t        <div class=\"ngg-gallery-thumbnail\">\n            <a href=\"https:\/\/theater-svlg.de\/wp-content\/gallery\/der-koffer-meiner-grossmutter\/Bildschirmfoto-2017-11-28-um-18.54.12.png\"\n               title=\"\"\n               data-src=\"https:\/\/theater-svlg.de\/wp-content\/gallery\/der-koffer-meiner-grossmutter\/Bildschirmfoto-2017-11-28-um-18.54.12.png\"\n               data-thumbnail=\"https:\/\/theater-svlg.de\/wp-content\/gallery\/der-koffer-meiner-grossmutter\/thumbs\/thumbs_Bildschirmfoto-2017-11-28-um-18.54.12.png\"\n               data-image-id=\"851\"\n               data-title=\"Bildschirmfoto 2017-11-28 um 18.54.12\"\n               data-description=\"\"\n               data-image-slug=\"bildschirmfoto-2017-11-28-um-18-54-12\"\n               class=\"ngg-fancybox\" rel=\"1766b884cdc34fccdb809ffb7cb3b747\">\n                <img\n                    title=\"Bildschirmfoto 2017-11-28 um 18.54.12\"\n                    alt=\"Bildschirmfoto 2017-11-28 um 18.54.12\"\n                    src=\"https:\/\/theater-svlg.de\/wp-content\/gallery\/der-koffer-meiner-grossmutter\/thumbs\/thumbs_Bildschirmfoto-2017-11-28-um-18.54.12.png\"\n                    width=\"226\"\n                    height=\"160\"\n                    style=\"max-width:100%;\"\n                \/>\n            <\/a>\n        <\/div>\n\t\t\t\t\t\t\t<\/div> \n\t\t\t\n                            \n\t\t\t\t<div id=\"ngg-image-6\" class=\"ngg-gallery-thumbnail-box\" >\n\t\t\t\t        <div class=\"ngg-gallery-thumbnail\">\n            <a href=\"https:\/\/theater-svlg.de\/wp-content\/gallery\/der-koffer-meiner-grossmutter\/Bildschirmfoto-2017-11-28-um-18.53.59.png\"\n               title=\"\"\n               data-src=\"https:\/\/theater-svlg.de\/wp-content\/gallery\/der-koffer-meiner-grossmutter\/Bildschirmfoto-2017-11-28-um-18.53.59.png\"\n               data-thumbnail=\"https:\/\/theater-svlg.de\/wp-content\/gallery\/der-koffer-meiner-grossmutter\/thumbs\/thumbs_Bildschirmfoto-2017-11-28-um-18.53.59.png\"\n               data-image-id=\"852\"\n               data-title=\"Bildschirmfoto 2017-11-28 um 18.53.59\"\n               data-description=\"\"\n               data-image-slug=\"bildschirmfoto-2017-11-28-um-18-53-59\"\n               class=\"ngg-fancybox\" rel=\"1766b884cdc34fccdb809ffb7cb3b747\">\n                <img\n                    title=\"Bildschirmfoto 2017-11-28 um 18.53.59\"\n                    alt=\"Bildschirmfoto 2017-11-28 um 18.53.59\"\n                    src=\"https:\/\/theater-svlg.de\/wp-content\/gallery\/der-koffer-meiner-grossmutter\/thumbs\/thumbs_Bildschirmfoto-2017-11-28-um-18.53.59.png\"\n                    width=\"137\"\n                    height=\"160\"\n                    style=\"max-width:100%;\"\n                \/>\n            <\/a>\n        <\/div>\n\t\t\t\t\t\t\t<\/div> \n\t\t\t\n                            \n\t\t\t\t<div id=\"ngg-image-7\" class=\"ngg-gallery-thumbnail-box\" >\n\t\t\t\t        <div class=\"ngg-gallery-thumbnail\">\n            <a href=\"https:\/\/theater-svlg.de\/wp-content\/gallery\/der-koffer-meiner-grossmutter\/Bildschirmfoto-2017-11-28-um-18.53.50.png\"\n               title=\"\"\n               data-src=\"https:\/\/theater-svlg.de\/wp-content\/gallery\/der-koffer-meiner-grossmutter\/Bildschirmfoto-2017-11-28-um-18.53.50.png\"\n               data-thumbnail=\"https:\/\/theater-svlg.de\/wp-content\/gallery\/der-koffer-meiner-grossmutter\/thumbs\/thumbs_Bildschirmfoto-2017-11-28-um-18.53.50.png\"\n               data-image-id=\"853\"\n               data-title=\"Bildschirmfoto 2017-11-28 um 18.53.50\"\n               data-description=\"\"\n               data-image-slug=\"bildschirmfoto-2017-11-28-um-18-53-50\"\n               class=\"ngg-fancybox\" rel=\"1766b884cdc34fccdb809ffb7cb3b747\">\n                <img\n                    title=\"Bildschirmfoto 2017-11-28 um 18.53.50\"\n                    alt=\"Bildschirmfoto 2017-11-28 um 18.53.50\"\n                    src=\"https:\/\/theater-svlg.de\/wp-content\/gallery\/der-koffer-meiner-grossmutter\/thumbs\/thumbs_Bildschirmfoto-2017-11-28-um-18.53.50.png\"\n                    width=\"233\"\n                    height=\"160\"\n                    style=\"max-width:100%;\"\n                \/>\n            <\/a>\n        <\/div>\n\t\t\t\t\t\t\t<\/div> \n\t\t\t\n                                    <br style=\"clear: both\" \/>\n                    \n\t\t\t\t<div id=\"ngg-image-8\" class=\"ngg-gallery-thumbnail-box\" >\n\t\t\t\t        <div class=\"ngg-gallery-thumbnail\">\n            <a href=\"https:\/\/theater-svlg.de\/wp-content\/gallery\/der-koffer-meiner-grossmutter\/Bildschirmfoto-2017-11-28-um-18.53.36.png\"\n               title=\"\"\n               data-src=\"https:\/\/theater-svlg.de\/wp-content\/gallery\/der-koffer-meiner-grossmutter\/Bildschirmfoto-2017-11-28-um-18.53.36.png\"\n               data-thumbnail=\"https:\/\/theater-svlg.de\/wp-content\/gallery\/der-koffer-meiner-grossmutter\/thumbs\/thumbs_Bildschirmfoto-2017-11-28-um-18.53.36.png\"\n               data-image-id=\"854\"\n               data-title=\"Bildschirmfoto 2017-11-28 um 18.53.36\"\n               data-description=\"\"\n               data-image-slug=\"bildschirmfoto-2017-11-28-um-18-53-36\"\n               class=\"ngg-fancybox\" rel=\"1766b884cdc34fccdb809ffb7cb3b747\">\n                <img\n                    title=\"Bildschirmfoto 2017-11-28 um 18.53.36\"\n                    alt=\"Bildschirmfoto 2017-11-28 um 18.53.36\"\n                    src=\"https:\/\/theater-svlg.de\/wp-content\/gallery\/der-koffer-meiner-grossmutter\/thumbs\/thumbs_Bildschirmfoto-2017-11-28-um-18.53.36.png\"\n                    width=\"217\"\n                    height=\"160\"\n                    style=\"max-width:100%;\"\n                \/>\n            <\/a>\n        <\/div>\n\t\t\t\t\t\t\t<\/div> \n\t\t\t\n                            \n\t\t\t\t<div id=\"ngg-image-9\" class=\"ngg-gallery-thumbnail-box\" >\n\t\t\t\t        <div class=\"ngg-gallery-thumbnail\">\n            <a href=\"https:\/\/theater-svlg.de\/wp-content\/gallery\/der-koffer-meiner-grossmutter\/Bildschirmfoto-2017-11-28-um-18.53.22.png\"\n               title=\"\"\n               data-src=\"https:\/\/theater-svlg.de\/wp-content\/gallery\/der-koffer-meiner-grossmutter\/Bildschirmfoto-2017-11-28-um-18.53.22.png\"\n               data-thumbnail=\"https:\/\/theater-svlg.de\/wp-content\/gallery\/der-koffer-meiner-grossmutter\/thumbs\/thumbs_Bildschirmfoto-2017-11-28-um-18.53.22.png\"\n               data-image-id=\"855\"\n               data-title=\"Bildschirmfoto 2017-11-28 um 18.53.22\"\n               data-description=\"\"\n               data-image-slug=\"bildschirmfoto-2017-11-28-um-18-53-22\"\n               class=\"ngg-fancybox\" rel=\"1766b884cdc34fccdb809ffb7cb3b747\">\n                <img\n                    title=\"Bildschirmfoto 2017-11-28 um 18.53.22\"\n                    alt=\"Bildschirmfoto 2017-11-28 um 18.53.22\"\n                    src=\"https:\/\/theater-svlg.de\/wp-content\/gallery\/der-koffer-meiner-grossmutter\/thumbs\/thumbs_Bildschirmfoto-2017-11-28-um-18.53.22.png\"\n                    width=\"236\"\n                    height=\"160\"\n                    style=\"max-width:100%;\"\n                \/>\n            <\/a>\n        <\/div>\n\t\t\t\t\t\t\t<\/div> \n\t\t\t\n                            \n\t\t\t\t<div id=\"ngg-image-10\" class=\"ngg-gallery-thumbnail-box\" >\n\t\t\t\t        <div class=\"ngg-gallery-thumbnail\">\n            <a href=\"https:\/\/theater-svlg.de\/wp-content\/gallery\/der-koffer-meiner-grossmutter\/Bildschirmfoto-2017-11-28-um-18.53.02.png\"\n               title=\"\"\n               data-src=\"https:\/\/theater-svlg.de\/wp-content\/gallery\/der-koffer-meiner-grossmutter\/Bildschirmfoto-2017-11-28-um-18.53.02.png\"\n               data-thumbnail=\"https:\/\/theater-svlg.de\/wp-content\/gallery\/der-koffer-meiner-grossmutter\/thumbs\/thumbs_Bildschirmfoto-2017-11-28-um-18.53.02.png\"\n               data-image-id=\"856\"\n               data-title=\"Bildschirmfoto 2017-11-28 um 18.53.02\"\n               data-description=\"\"\n               data-image-slug=\"bildschirmfoto-2017-11-28-um-18-53-02\"\n               class=\"ngg-fancybox\" rel=\"1766b884cdc34fccdb809ffb7cb3b747\">\n                <img\n                    title=\"Bildschirmfoto 2017-11-28 um 18.53.02\"\n                    alt=\"Bildschirmfoto 2017-11-28 um 18.53.02\"\n                    src=\"https:\/\/theater-svlg.de\/wp-content\/gallery\/der-koffer-meiner-grossmutter\/thumbs\/thumbs_Bildschirmfoto-2017-11-28-um-18.53.02.png\"\n                    width=\"219\"\n                    height=\"160\"\n                    style=\"max-width:100%;\"\n                \/>\n            <\/a>\n        <\/div>\n\t\t\t\t\t\t\t<\/div> \n\t\t\t\n                            \n\t\t\t\t<div id=\"ngg-image-11\" class=\"ngg-gallery-thumbnail-box\" >\n\t\t\t\t        <div class=\"ngg-gallery-thumbnail\">\n            <a href=\"https:\/\/theater-svlg.de\/wp-content\/gallery\/der-koffer-meiner-grossmutter\/Bildschirmfoto-2017-11-28-um-18.52.44.png\"\n               title=\"\"\n               data-src=\"https:\/\/theater-svlg.de\/wp-content\/gallery\/der-koffer-meiner-grossmutter\/Bildschirmfoto-2017-11-28-um-18.52.44.png\"\n               data-thumbnail=\"https:\/\/theater-svlg.de\/wp-content\/gallery\/der-koffer-meiner-grossmutter\/thumbs\/thumbs_Bildschirmfoto-2017-11-28-um-18.52.44.png\"\n               data-image-id=\"857\"\n               data-title=\"Bildschirmfoto 2017-11-28 um 18.52.44\"\n               data-description=\"\"\n               data-image-slug=\"bildschirmfoto-2017-11-28-um-18-52-44\"\n               class=\"ngg-fancybox\" rel=\"1766b884cdc34fccdb809ffb7cb3b747\">\n                <img\n                    title=\"Bildschirmfoto 2017-11-28 um 18.52.44\"\n                    alt=\"Bildschirmfoto 2017-11-28 um 18.52.44\"\n                    src=\"https:\/\/theater-svlg.de\/wp-content\/gallery\/der-koffer-meiner-grossmutter\/thumbs\/thumbs_Bildschirmfoto-2017-11-28-um-18.52.44.png\"\n                    width=\"215\"\n                    height=\"160\"\n                    style=\"max-width:100%;\"\n                \/>\n            <\/a>\n        <\/div>\n\t\t\t\t\t\t\t<\/div> \n\t\t\t\n                                    <br style=\"clear: both\" \/>\n                    \n\t\t\n\t\t<!-- Pagination -->\n\t<div class='ngg-navigation'><span class=\"current\">1<\/span><a class=\"page-numbers\" data-pageid=\"2\" href=\"https:\/\/theater-svlg.de\/index.php\/nggallery\/page\/2?page_id=2711\">2<\/a><a class=\"next\" data-pageid=\"2\" id=\"ngg-next-2\" href=\"https:\/\/theater-svlg.de\/index.php\/nggallery\/page\/2?page_id=2711\">&#9658;<\/a><\/div>\t<\/div>\n\n","protected":false},"excerpt":{"rendered":"<p>Ein Koffer voller Erinnerungen GAILDORF: Die Oberstufentheater-AG des Gaildorfer Gymnasiums begeisterte die Zuschauer am vergangenen Wochenende mit einem St\u00fcck v\u00f6llig unterschiedlicher Lebensgeschichten. Zufrieden blickt Thomas H\u00f6ll ins begeistert applaudierende Publikum. Mit ihm auf der B\u00fchne stehen alle Darsteller und Helfer&nbsp;\u2013 von der Maske bis zur Technik. \u201eIch bedanke mich f\u00fcr diesen ganz tollen Abend, den &hellip; <a href=\"https:\/\/theater-svlg.de\/?page_id=2711\" class=\"more-link\"><span class=\"screen-reader-text\">Presse<\/span> weiterlesen <span class=\"meta-nav\">&rarr;<\/span><\/a><\/p>\n","protected":false},"author":2,"featured_media":2669,"parent":2709,"menu_order":0,"comment_status":"closed","ping_status":"closed","template":"","meta":{"ngg_post_thumbnail":0},"_links":{"self":[{"href":"https:\/\/theater-svlg.de\/index.php?rest_route=\/wp\/v2\/pages\/2711"}],"collection":[{"href":"https:\/\/theater-svlg.de\/index.php?rest_route=\/wp\/v2\/pages"}],"about":[{"href":"https:\/\/theater-svlg.de\/index.php?rest_route=\/wp\/v2\/types\/page"}],"author":[{"embeddable":true,"href":"https:\/\/theater-svlg.de\/index.php?rest_route=\/wp\/v2\/users\/2"}],"replies":[{"embeddable":true,"href":"https:\/\/theater-svlg.de\/index.php?rest_route=%2Fwp%2Fv2%2Fcomments&post=2711"}],"version-history":[{"count":3,"href":"https:\/\/theater-svlg.de\/index.php?rest_route=\/wp\/v2\/pages\/2711\/revisions"}],"predecessor-version":[{"id":2718,"href":"https:\/\/theater-svlg.de\/index.php?rest_route=\/wp\/v2\/pages\/2711\/revisions\/2718"}],"up":[{"embeddable":true,"href":"https:\/\/theater-svlg.de\/index.php?rest_route=\/wp\/v2\/pages\/2709"}],"wp:featuredmedia":[{"embeddable":true,"href":"https:\/\/theater-svlg.de\/index.php?rest_route=\/wp\/v2\/media\/2669"}],"wp:attachment":[{"href":"https:\/\/theater-svlg.de\/index.php?rest_route=%2Fwp%2Fv2%2Fmedia&parent=2711"}],"curies":[{"name":"wp","href":"https:\/\/api.w.org\/{rel}","templated":true}]}}