{"id":2714,"date":"2017-11-28T19:23:10","date_gmt":"2017-11-28T18:23:10","guid":{"rendered":"http:\/\/theater-svlg.de\/?page_id=2714"},"modified":"2017-12-13T15:17:22","modified_gmt":"2017-12-13T14:17:22","slug":"besetzung","status":"publish","type":"page","link":"https:\/\/theater-svlg.de\/?page_id=2714","title":{"rendered":"Besetzung"},"content":{"rendered":"<p style=\"text-align: center;\"><b>Darsteller nach Ablauf&#8230;<\/b><\/p>\n<hr>\n<p><b>Der Traum der Putzfrau oder Shine On Crazy Diamond<\/b><\/p>\n<p>Schattent\u00e4nzerin: Anna Frey, KS2<br \/>\nT\u00e4nzerin: Lea Stiebler, KS2<br \/>\nT\u00e4nzer: Magnus Woerz, KS2<\/p>\n<p>Kirgelgschroi<\/p>\n<p>\u2014\u2014\u2014\u2014\u2014\u2014\u2014\u2014\u2014\u2014\u2014\u2014\u2014\u2014\u2014\u2014\u2014\u2014\u2014\u2014\u2014\u2014\u2014\u2014\u2014\u2014\u2014\u2014\u2014\u2014\u2014\u2014\u2014\u2014\u2014\u2014<\/p>\n<p><b>Herzen. Zerst\u00f6rt. Oder: Die magischen Schuhe<\/b><\/p>\n<p>Putzfrauen:<br \/>\nAnna Frey, KS2<br \/>\nLea Stiebler, KS2<br \/>\nJanina Joos, KS2<\/p>\n<p><b>It Ain\u2019t Me, Babe<\/b><br \/>\nKirgelgschroi<\/p>\n<p>\u2014\u2014\u2014\u2014\u2014\u2014\u2014\u2014\u2014\u2014\u2014\u2014\u2014\u2014\u2014\u2014\u2014\u2014\u2014\u2014\u2014\u2014\u2014\u2014\u2014\u2014\u2014\u2014\u2014\u2014\u2014\u2014\u2014\u2014\u2014\u2014<\/p>\n<p><b>Altersheim &#8211; Der Koffer der Erinnerungen<\/b><\/p>\n<p>Blumengie\u00dferin: Lisa Dietzsch, 10a<br \/>\nZyniker: Nico Pratz, KS2<br \/>\nOstpreu\u00dfin: Evelyn Abischew, 10a<br \/>\nOma: Elisabeth Ho\u00dfbach, 10a<br \/>\nGudrun: Sarah H\u00fcnnefeld, 10a<br \/>\nPflegerin: Dunja Mohamed Mussa, 10a<\/p>\n<p><b>Das Lied vom donnernden Leben<\/b><br \/>\nKirgelgschroi<\/p>\n<p>\u2014\u2014\u2014\u2014\u2014\u2014\u2014\u2014\u2014\u2014\u2014\u2014\u2014\u2014\u2014\u2014\u2014\u2014\u2014\u2014\u2014\u2014\u2014\u2014\u2014\u2014\u2014\u2014\u2014\u2014\u2014\u2014\u2014\u2014\u2014\u2014\u2014\u2014\u2014\u2014\u2014\u2014\u2014<\/p>\n<p><b>R\u00fcckblende &#8211; Die Erz\u00e4hlung des Zynikers: Die Liebe seines Lebens<\/b><\/p>\n<p>Liebender (vormals Zyniker): Nico Pratz, KS2<\/p>\n<p>Sein Freund: Mario Wolainski, KS1<\/p>\n<p>Carmen: Linda M\u00fcller, Schlossrealschule<\/p>\n<p><b>Paint It Black<\/b><br \/>\nKirgelgschroi<\/p>\n<p>die Vorigen<br \/>\nEnrico: Magnus W\u00f6rz, KS2<br \/>\nTroubadour: Daniel Riek (Heart of Gold)<\/p>\n<p><b>Fields of Gold<\/b><br \/>\nKirgelgschroi<\/p>\n<p>\u2014\u2014\u2014\u2014\u2014\u2014\u2014\u2014\u2014\u2014\u2014\u2014\u2014\u2014\u2014\u2014\u2014\u2014\u2014\u2014\u2014\u2014\u2014\u2014\u2014\u2014\u2014\u2014\u2014\u2014\u2014\u2014\u2014\u2014\u2014\u2014<\/p>\n<p><b>&#8212; PAUSE &#8212;<\/b><\/p>\n<p>\u2014\u2014\u2014\u2014\u2014\u2014\u2014\u2014\u2014\u2014\u2014\u2014\u2014\u2014\u2014\u2014\u2014\u2014\u2014\u2014\u2014\u2014\u2014\u2014\u2014\u2014\u2014\u2014\u2014\u2014\u2014\u2014\u2014\u2014\u2014\u2014<\/p>\n<p><b>Altersheim &#8211; Die Liebe w\u00e4hret ewiglich<\/b><\/p>\n<p>Blumengie\u00dferin: Lisa Dietzsch, 10a<br \/>\nZyniker\/Liebender: Nico Pratz, KS2<br \/>\nOstpreu\u00dfin: Evelyn Abischew, 10a<br \/>\nOma: Elisabeth Ho\u00dfbach, 10a<br \/>\nGudrun: Sarah H\u00fcnnefeld, 10a<br \/>\nPflegerin: Dunja Mohamed Mussa, 10a<br \/>\nCarmen (in die Jahre gekommen): Linda M\u00fcller, Schlossrealschule<\/p>\n<p><b>Tears in Heaven<\/b><br \/>\nKirgelgschroi<\/p>\n<p>\u2014\u2014\u2014\u2014\u2014\u2014\u2014\u2014\u2014\u2014\u2014\u2014\u2014\u2014\u2014\u2014\u2014\u2014\u2014\u2014\u2014\u2014\u2014\u2014\u2014\u2014\u2014\u2014\u2014\u2014\u2014\u2014\u2014\u2014\u2014\u2014<\/p>\n<p><b>R\u00fcckblende &#8211; Die Erz\u00e4hlung der Pflegerin: Flucht aus Absurdistan<\/b><\/p>\n<p>die Vorigen<br \/>\nSamira: Dunja Mohamed Mussa, 10a<br \/>\nAriya: Sarah H\u00fcnnefeld, 10a<br \/>\nAhmet, Bruder von Samira: Elisabeth Ho\u00dfbach, 10a<br \/>\nSheik: Mario Wolainski, KS1<br \/>\nOstpreu\u00dfin: Evelyn Abischew, 10a<\/p>\n<p><b>Zombie<\/b><br \/>\nKirgelgschroi &amp; Ensemble<\/p>\n<p>\u2014\u2014\u2014\u2014\u2014\u2014\u2014\u2014\u2014\u2014\u2014\u2014\u2014\u2014\u2014\u2014\u2014\u2014\u2014\u2014\u2014\u2014\u2014\u2014\u2014\u2014\u2014\u2014\u2014\u2014\u2014\u2014\u2014\u2014\u2014\u2014<\/p>\n<p>Ostpreu\u00dfin: Evelyn Abischew, 10a<br \/>\nSamira: Mario Wolainski, KS1<br \/>\nAriya: Sarah H\u00fcnnefeld, 10a<br \/>\nSchleuser: Magnus W\u00f6rz, KS2<\/p>\n<p><b>Blowin\u2019 in the Wind<\/b><br \/>\nKirgelgschroi &amp; Ensemble<\/p>\n<p>\u2014\u2014\u2014\u2014\u2014\u2014\u2014\u2014\u2014\u2014\u2014\u2014\u2014\u2014\u2014\u2014\u2014\u2014\u2014\u2014\u2014\u2014\u2014\u2014\u2014\u2014\u2014\u2014\u2014\u2014\u2014\u2014\u2014\u2014\u2014\u2014<\/p>\n<p><b>R\u00fcckblende &#8211; Die Erz\u00e4hlung Gudruns: Ich hei\u00dfe nicht Gudrun<\/b><\/p>\n<p>die Altersheimer<\/p>\n<p>Gudrun: Sarah H\u00fcnnefeld, 10a<br \/>\nMarzene, die junge Gudrun: Lisa Dietzsch, 10a<br \/>\nGudruns Papa: Mario Wolainski, KS1<br \/>\nGudruns Mama: Evelyn Abischew, 10a<\/p>\n<p>SS-Offizier: Magnus W\u00f6rz, KS2<br \/>\nGestapobeamte: Dunja Mohamed Mussa, 10a<br \/>\nPflegerin im Lebensbornheim: Elisabeth Ho\u00dfbach, 10a<br \/>\nAdoptiveltern Anna Frey, KS2<br \/>\nMagnus W\u00f6rz, KS2<\/p>\n<p><b>Halleluja<\/b><br \/>\nKirgelgschroi<\/p>\n<p>\u2014\u2014\u2014\u2014\u2014\u2014\u2014\u2014\u2014\u2014\u2014\u2014\u2014\u2014\u2014\u2014\u2014\u2014\u2014\u2014\u2014\u2014\u2014\u2014\u2014\u2014\u2014\u2014\u2014\u2014\u2014\u2014\u2014\u2014\u2014\u2014<\/p>\n<p><b>Der Traum oder Herzst\u00fcck<\/b><\/p>\n<p>Sie: Elisabeth Ho\u00dfbach, 10a<br \/>\nEr: Nico Pratz, KS2<\/p>\n<p>\u2014\u2014\u2014\u2014\u2014\u2014\u2014\u2014\u2014\u2014\u2014\u2014\u2014\u2014\u2014\u2014\u2014\u2014\u2014\u2014\u2014\u2014\u2014\u2014\u2014\u2014\u2014\u2014\u2014\u2014\u2014\u2014\u2014\u2014\u2014\u2014<\/p>\n<p><b>Das gro\u00dfe Finale oder Knockin\u2019 on Heavens Door<\/b><\/p>\n<p>Kirgelgschroi &amp; Ensemble<\/p>\n<p>\u2014\u2014\u2014\u2014\u2014\u2014\u2014\u2014\u2014\u2014\u2014\u2014\u2014\u2014\u2014\u2014\u2014\u2014\u2014\u2014\u2014\u2014\u2014\u2014\u2014\u2014\u2014\u2014\u2014\u2014\u2014\u2014\u2014\u2014\u2014\u2014<\/p>\n<p><b>B\u00fchnenbild<\/b><\/p>\n<p>Mario Simon, Pietro Aretino<br \/>\nPeter Ka\u00dfelkus<br \/>\nUte Ebner-H\u00f6ll<\/p>\n<p><b>Kost\u00fcme<\/b><\/p>\n<p>Konny Sonntag, Freilichtspiele Schw\u00e4bisch &amp; Pietro Aretino<\/p>\n<p><b>Maske<\/b><\/p>\n<p>Shirin Gorke, 9a<br \/>\nMelina Rieger<br \/>\nJohanna Sonner<br \/>\nLisa Tiessen<br \/>\nSalome Wecks<br \/>\nJuliane Weller<\/p>\n<p><b>Plakat<\/b><\/p>\n<p>Rebecca Gschwendner, KS2<\/p>\n<p><strong>Filmteam<\/strong><\/p>\n<p>Marius K\u00fchl, KS2<br \/>\nSimon Werner, KS2<\/p>\n<p><b>Technik<\/b><\/p>\n<p>Mario Simon, Pietro Aretino<br \/>\nLukas Werner, Pietro Aretino<\/p>\n<p>Julian Frey, KS2<br \/>\nDennis Ballerini, KS1<br \/>\nJerome Kiefner, 10a<br \/>\nOliver Glaser, 10a<br \/>\nMarc Gro\u00df, 10a<br \/>\nDennis Gruschka, 10a<\/p>\n<p><b>Kirgelgschroi<\/b><\/p>\n<p>Tom Feyl, 9a: Schlagzeug<br \/>\nLinus Heil, 9a: Gitarre<br \/>\nJanina Joos, KS2: Gitarre, Gesang<br \/>\nLaura Joos, 9a: Klavier, Gesang<br \/>\nHanna Rebel, 9a: Gesang<br \/>\nJulius Manderscheid, 9a: E-Gitarre<br \/>\nMoritz Riek: Bass<br \/>\nDaniel Riek: Gitarre, Gesang, Bandleading, Arrangements<\/p>\n<p><b>Choreographie<\/b><\/p>\n<p>Susi Erhardt, Pietro Aretino<\/p>\n<p><b>Text &amp; Regie<\/b><\/p>\n<p>Thomas H\u00f6ll<\/p>\n","protected":false},"excerpt":{"rendered":"<p>Darsteller nach Ablauf&#8230; Der Traum der Putzfrau oder Shine On Crazy Diamond Schattent\u00e4nzerin: Anna Frey, KS2 T\u00e4nzerin: Lea Stiebler, KS2 T\u00e4nzer: Magnus Woerz, KS2 Kirgelgschroi \u2014\u2014\u2014\u2014\u2014\u2014\u2014\u2014\u2014\u2014\u2014\u2014\u2014\u2014\u2014\u2014\u2014\u2014\u2014\u2014\u2014\u2014\u2014\u2014\u2014\u2014\u2014\u2014\u2014\u2014\u2014\u2014\u2014\u2014\u2014\u2014 Herzen. Zerst\u00f6rt. Oder: Die magischen Schuhe Putzfrauen: Anna Frey, KS2 Lea Stiebler, KS2 Janina Joos, KS2 It Ain\u2019t Me, Babe Kirgelgschroi \u2014\u2014\u2014\u2014\u2014\u2014\u2014\u2014\u2014\u2014\u2014\u2014\u2014\u2014\u2014\u2014\u2014\u2014\u2014\u2014\u2014\u2014\u2014\u2014\u2014\u2014\u2014\u2014\u2014\u2014\u2014\u2014\u2014\u2014\u2014\u2014 Altersheim &#8211; Der Koffer der Erinnerungen Blumengie\u00dferin: &hellip; <a href=\"https:\/\/theater-svlg.de\/?page_id=2714\" class=\"more-link\"><span class=\"screen-reader-text\">Besetzung<\/span> weiterlesen <span class=\"meta-nav\">&rarr;<\/span><\/a><\/p>\n","protected":false},"author":2,"featured_media":2717,"parent":2709,"menu_order":20,"comment_status":"closed","ping_status":"closed","template":"","meta":{"ngg_post_thumbnail":0},"_links":{"self":[{"href":"https:\/\/theater-svlg.de\/index.php?rest_route=\/wp\/v2\/pages\/2714"}],"collection":[{"href":"https:\/\/theater-svlg.de\/index.php?rest_route=\/wp\/v2\/pages"}],"about":[{"href":"https:\/\/theater-svlg.de\/index.php?rest_route=\/wp\/v2\/types\/page"}],"author":[{"embeddable":true,"href":"https:\/\/theater-svlg.de\/index.php?rest_route=\/wp\/v2\/users\/2"}],"replies":[{"embeddable":true,"href":"https:\/\/theater-svlg.de\/index.php?rest_route=%2Fwp%2Fv2%2Fcomments&post=2714"}],"version-history":[{"count":7,"href":"https:\/\/theater-svlg.de\/index.php?rest_route=\/wp\/v2\/pages\/2714\/revisions"}],"predecessor-version":[{"id":2729,"href":"https:\/\/theater-svlg.de\/index.php?rest_route=\/wp\/v2\/pages\/2714\/revisions\/2729"}],"up":[{"embeddable":true,"href":"https:\/\/theater-svlg.de\/index.php?rest_route=\/wp\/v2\/pages\/2709"}],"wp:featuredmedia":[{"embeddable":true,"href":"https:\/\/theater-svlg.de\/index.php?rest_route=\/wp\/v2\/media\/2717"}],"wp:attachment":[{"href":"https:\/\/theater-svlg.de\/index.php?rest_route=%2Fwp%2Fv2%2Fmedia&parent=2714"}],"curies":[{"name":"wp","href":"https:\/\/api.w.org\/{rel}","templated":true}]}}