{"id":2756,"date":"2018-07-29T17:37:39","date_gmt":"2018-07-29T15:37:39","guid":{"rendered":"http:\/\/theater-svlg.de\/?page_id=2756"},"modified":"2018-07-29T17:37:39","modified_gmt":"2018-07-29T15:37:39","slug":"presse","status":"publish","type":"page","link":"https:\/\/theater-svlg.de\/?page_id=2756","title":{"rendered":"Presse"},"content":{"rendered":"<h1 class=\"entry-title\">HEITERES SPIEL MIT TIEFGANG \u2013 \u201eAUSGETICKT\u201c<\/h1>\n<div>Heiteres Spiel mit ernstem Inhalt: Die F\u00fcnftkl\u00e4ssler des Schenk-von-Limpurg-Gymnasiums bringen Gerhard A. Meyers Uhren-Musical \u201eAusgetickt\u201c auf die B\u00fchne.<\/div>\n<div>&nbsp;<\/div>\n<div class=\"teaser\"><strong>\u201eAusgetickt\u201c \u2013 endlich Zeit f\u00fcr Gef\u00fchle: Die F\u00fcnftkl\u00e4ssler des Gaildorfer Schenk-von-Limpurg-Gymnasiums pr\u00e4sentieren Gerhard A. Meyers zauberhaftes Uhren-Musical.<\/strong><\/div>\n<div>&nbsp;<\/div>\n<p><!--more--><\/p>\n<div class=\"teaser\">&nbsp;<\/div>\n<p><strong>Im Bett ist es gem\u00fctlich warm. Dann schrillt der Wecker. Bobby, der Aufziehwecker, und Elvis, der Radiowecker, w\u00fcrden lieber liegen bleiben. \u201eDer Wecker geht mir auf die Nerven\u201c, sprechen die einen, \u201ewir Uhren m\u00fcssen immer eilen, d\u00fcrfen nicht verweilen\u201c, singt der riesige Chor. \u201eUhren m\u00fcssen spuren\u201c, lautet die Devise der Superuhr, der Herrscherin im Uhrenreich. Die Welt muss funktionieren, und will eine Uhr nicht parieren, dann landet sie auf dem Schrott. Ihre Handlanger und Sp\u00fcrhunde sorgen daf\u00fcr. Doch das ruft die goldene Rita Rolex, die Sonnenuhr, die rote Armbanduhr, die Taucheruhr und alle anderen Uhren auf den Plan. Sie sp\u00fcren, dass es im Leben auch etwas anderes geben muss als ewiges Gehetze. Die Spieluhr tanzt zu zarten T\u00f6nen, Freundschaft und Liebe kommen ins Spiel \u2013 die Superuhr hat verloren.<\/strong><\/p>\n<p><strong>Es ist Tradition am Gaildorfer Schenk-von-Limpurg-Gymnasium, dass sich die \u201eNeuen\u201c gegen Ende des Schuljahrs der Schulgemeinschaft und den Freunden des Hauses vorstellen. \u201eAusgetickt\u201c, das Musical von Gerhard A. Meyer, bringt ein ganzes Heer an jungen Darstellern auf die B\u00fchne. Damit alle zum Zug kommen, sind fast alle Rollen mehrfach besetzt. Das ist zwar ungew\u00f6hnlich, aber durchaus von Vorteil, weil drei oder f\u00fcnf Stimmen den gro\u00dfen Raum besser erf\u00fcllen als eine. Nicht alle S\u00e4nger sind so forsch drauf wie \u00d6li und Schrauber im blauen Anton, die besten \u201eUhrologen\u201c. F\u00fcr die Technik sind Sch\u00fcler der zehnten Klasse zust\u00e4ndig, f\u00fcr die Maske ein Team aus diversen Klassenstufen, f\u00fcrs B\u00fchnenbild die Kunst-AG. Kilian Bauer, Vincent Eissing-Boyny und Erika Theil haben das St\u00fcck einstudiert und begleiten es. Im Atrium ist kein Stuhl frei. Manche Besucher stehen oder sitzen auf kleinen Tischen.<\/strong><\/p>\n<p><strong>\u201eSekunden zerhacken, Minuten zerknacken\u201c, lautet eine Textpassage, \u201eticken, tacken, ticken, tacken, gehen, sausen, niemals Pausen\u201c, eine andere. So ist es im Leben. Immer sch\u00f6n auf Zack, stets auf vollen Touren. Die Zeit, die Uhr hat die Menschheit im Griff. Und es bedarf tats\u00e4chlich mancher List, sich aus ihren F\u00e4ngen zu befreien. Das Musical kommt stilistisch federleicht daher, doch dahinter verbirgt sich ein schweres Thema. Warum muss alles minuti\u00f6s getaktet, effektiv und perfekt sein? Warum nicht mal der Zeit entfliehen, den Weg in die Freiheit suchen, ein St\u00fcckchen von der Ewigkeit kosten? Wortspiele verleihen der ernsten Geschichte eine heitere Note. Die T\u00f6ne des Klaviers untermalen sie. Das Publikum ist begeistert und bedankt sich mit st\u00fcrmischem Applaus.<\/strong><\/p>\n<p><img loading=\"lazy\" class=\"alignnone size-medium wp-image-2751\" src=\"https:\/\/theater-svlg.de\/wp-content\/uploads\/Bildschirmfoto-2018-07-29-um-17.19.56-300x170.png\" alt=\"\" width=\"300\" height=\"170\" srcset=\"https:\/\/theater-svlg.de\/wp-content\/uploads\/Bildschirmfoto-2018-07-29-um-17.19.56-300x170.png 300w, https:\/\/theater-svlg.de\/wp-content\/uploads\/Bildschirmfoto-2018-07-29-um-17.19.56.png 644w\" sizes=\"(max-width: 300px) 100vw, 300px\" \/><\/p>\n<p>Mit freundlicher Genehmigung der Gaildorfer Rundschau\/Brigitte Hofmann<\/p>\n","protected":false},"excerpt":{"rendered":"<p>HEITERES SPIEL MIT TIEFGANG \u2013 \u201eAUSGETICKT\u201c Heiteres Spiel mit ernstem Inhalt: Die F\u00fcnftkl\u00e4ssler des Schenk-von-Limpurg-Gymnasiums bringen Gerhard A. Meyers Uhren-Musical \u201eAusgetickt\u201c auf die B\u00fchne. &nbsp; \u201eAusgetickt\u201c \u2013 endlich Zeit f\u00fcr Gef\u00fchle: Die F\u00fcnftkl\u00e4ssler des Gaildorfer Schenk-von-Limpurg-Gymnasiums pr\u00e4sentieren Gerhard A. Meyers zauberhaftes Uhren-Musical. &nbsp;<\/p>\n","protected":false},"author":2,"featured_media":2757,"parent":2754,"menu_order":0,"comment_status":"closed","ping_status":"closed","template":"","meta":{"ngg_post_thumbnail":0},"_links":{"self":[{"href":"https:\/\/theater-svlg.de\/index.php?rest_route=\/wp\/v2\/pages\/2756"}],"collection":[{"href":"https:\/\/theater-svlg.de\/index.php?rest_route=\/wp\/v2\/pages"}],"about":[{"href":"https:\/\/theater-svlg.de\/index.php?rest_route=\/wp\/v2\/types\/page"}],"author":[{"embeddable":true,"href":"https:\/\/theater-svlg.de\/index.php?rest_route=\/wp\/v2\/users\/2"}],"replies":[{"embeddable":true,"href":"https:\/\/theater-svlg.de\/index.php?rest_route=%2Fwp%2Fv2%2Fcomments&post=2756"}],"version-history":[{"count":1,"href":"https:\/\/theater-svlg.de\/index.php?rest_route=\/wp\/v2\/pages\/2756\/revisions"}],"predecessor-version":[{"id":2758,"href":"https:\/\/theater-svlg.de\/index.php?rest_route=\/wp\/v2\/pages\/2756\/revisions\/2758"}],"up":[{"embeddable":true,"href":"https:\/\/theater-svlg.de\/index.php?rest_route=\/wp\/v2\/pages\/2754"}],"wp:featuredmedia":[{"embeddable":true,"href":"https:\/\/theater-svlg.de\/index.php?rest_route=\/wp\/v2\/media\/2757"}],"wp:attachment":[{"href":"https:\/\/theater-svlg.de\/index.php?rest_route=%2Fwp%2Fv2%2Fmedia&parent=2756"}],"curies":[{"name":"wp","href":"https:\/\/api.w.org\/{rel}","templated":true}]}}