{"id":2820,"date":"2019-06-06T10:53:51","date_gmt":"2019-06-06T08:53:51","guid":{"rendered":"https:\/\/theater-svlg.de\/?page_id=2820"},"modified":"2019-06-06T11:28:32","modified_gmt":"2019-06-06T09:28:32","slug":"hysterikon","status":"publish","type":"page","link":"https:\/\/theater-svlg.de\/?page_id=2820","title":{"rendered":"2018\/2019 \u2013 Hysterikon"},"content":{"rendered":"\n<p>Die Welt als Supermarkt. Spaghetti f\u00fcr 1,99, Sp\u00fclschw\u00e4mmchen im Sonderangebot und die Suche nach einem Leben mit zehn Prozent mehr Inhalt. Links im Regal Tomaten, die bezahlen Sie bar. Karrieren finden sie weiter oben, zwischen Intrige und Verrat. Indische R\u00e4ucherst\u00e4bchen gleich bei den Menopausen. Unten die sogenannte B\u00fcckware. Je tiefer, desto billiger. H\u00e4lt das R\u00fcckgrat biegsam. Wieviel haben sie noch auf dem Konto? Reichts noch f\u00fcr die gro\u00dfe Liebe, oder besser doch das blonde Sonderangebot? Wie l\u00e4uft ihre Beziehung? Mehr auf ihre Kosten, mehr auf seine? Wer zahlt drauf? Der Kassierer zuckt mit den Achseln und kassiert. Abgerechnet wird am Schlu\u00df. Greifen Sie zu! Denn f\u00fcr jede verpa\u00dfte Gelegenheit gibts eine Abbuchung von der LifeCard. Eine fulminante Revue aus dem satten Konsumentenleben!<br><\/p>\n\n\n\n<p>In den Osterferien 2019 hatte unsere Theater AG die Gelegenheit Ausschnitte&nbsp; von \u201eHysterikon\u201c beim Internationalen Jugendtheaterfestival zu pr\u00e4sentieren. Georg Kistner, langj\u00e4hriger Dramaturg der Freilichtspiele Schw\u00e4bisch urteilte \u00fcber die Inszenierung: \u201eKurz, aber sehr, sehr lustig.\u201c Auch die Theaterkritikerin des Haller Tagblatts zeigte sich begeistert: \u201eDie Sch\u00fcler der Theater-AG imitieren mit leeren Joghurtbechern und weiteren Verpackungen, die sie auf W\u00fcrfelpyramiden angeordnet haben, einen Supermarkt. Darin sto\u00dfen die spielfreudigen Sch\u00fcler des Schenk-\u00ad\u00ad\u00advon-Limpurg-Gymnasi\u00adums auf die Probleme des t\u00e4glichen Lebens. Allen voran die Sorge, mit der sich die Generation der Jugendlichen in unserer Zeit besonders konfrontiert sieht: Entscheidungen zu treffen.&nbsp;<\/p>\n\n\n\n<p>Soll Sie den Himbeerjoghurt nehmen, den sie als Kind so gerne a\u00df, oder den mit Ingwer-Masala, der ihr von der Verk\u00e4uferin empfohlen wird, oder Zitrone wegen den Vitaminen? Es ist zum Verzweifeln \u2013 und das kauft man der jungen Schauspielerin (Hanna Rebel) ab.&nbsp;<\/p>\n\n\n\n<p>Die Entscheidungsunfreudige greift in einer der n\u00e4chsten Szenen einem Impuls folgend zu. Aber nicht beim Joghurt , sondern bei einem Mann (Pascal Bugdol). Dieser ebenfalls spontan vom Blitz getroffen, verl\u00e4sst umgehend seine Freundin (Noelle Schuchardt), die mit einem beeindruckenden Kreischanfall ihren Gef\u00fchlen freien Lauf l\u00e4sst und aus Verzweiflung Chips in den m\u00fchevoll sexy geformten K\u00f6rper stopft.\u201c<br>\n<br>\nIn einer anderen Szene bedr\u00e4ngt eine scheinbar hilfsbereite Dame, \u00fcberkandidelt interpretiert von Elisabeth Hossbach, ein junges M\u00e4dchen. Da dieses dunkelh\u00e4utig ist, scheint es ein geeignetes Objekt f\u00fcr die eigene Wohlt\u00e4tigkeit. Dass die junge Dame, engagiert gespielt von Dunja Mohamed Moussa, gar keiner Hilfe bedarf, perfekt die deutsche Sprache spricht, da sie in Deutschland geboren ist, wird ignoriert. Es bleibt f\u00fcr die arme Studentin nur die Flucht vor so vielen Hilfsangeboten\u2026<\/p>\n\n\n\n<p>Die Verbindung zwischen den einzelnen Spielszenen wird durch ein kongeniales Quartett von Verk\u00e4uferinnen (Sarah H\u00fcnefeld, Dunja Mohamed Moussa, Evelyn Abischew und Jasmin Greinert) hergestellt. Diese f\u00fchren in die Problematik des St\u00fcckes ein, kommentieren Handlungen, sto\u00dfen Prozesse an oder ignorieren ihre Kunden. Dabei haben sie noch gen\u00fcgend Zeit sich untereinander einen heftigen Zickenkrieg zu f\u00fchren.<\/p>\n\n\n\n<p>Was sich hinter der \u201eFerrarikaffekanne\u201c verbirgt, ob die Liebende sich ansprechen, was es mit dem Nutella Glas auf sich hat, ob man sein Leben einfach so zur\u00fcckgeben kann und ein besseres daf\u00fcr erh\u00e4lt und ob die Sonderangebote halten, was sie versprechen &#8211; all das und noch viel mehr erfahren sie bei den Auff\u00fchrungen der Theater AG.<\/p>\n\n\n\n<p>Nat\u00fcrlich ist auch in diesem Jahr unsere phantastische Theaterband \u201eKirglgschroi\u201c wieder dabei und wird das Atrium stilgem\u00e4\u00df rocken.<br><\/p>\n","protected":false},"excerpt":{"rendered":"<p>Die Welt als Supermarkt. Spaghetti f\u00fcr 1,99, Sp\u00fclschw\u00e4mmchen im Sonderangebot und die Suche nach einem Leben mit zehn Prozent mehr Inhalt. Links im Regal Tomaten, die bezahlen Sie bar. Karrieren finden sie weiter oben, zwischen Intrige und Verrat. Indische R\u00e4ucherst\u00e4bchen gleich bei den Menopausen. Unten die sogenannte B\u00fcckware. Je tiefer, desto billiger. H\u00e4lt das R\u00fcckgrat &hellip; <a href=\"https:\/\/theater-svlg.de\/?page_id=2820\" class=\"more-link\"><span class=\"screen-reader-text\">2018\/2019 \u2013 Hysterikon<\/span> weiterlesen <span class=\"meta-nav\">&rarr;<\/span><\/a><\/p>\n","protected":false},"author":2,"featured_media":2821,"parent":28,"menu_order":-5,"comment_status":"closed","ping_status":"closed","template":"","meta":{"ngg_post_thumbnail":0},"_links":{"self":[{"href":"https:\/\/theater-svlg.de\/index.php?rest_route=\/wp\/v2\/pages\/2820"}],"collection":[{"href":"https:\/\/theater-svlg.de\/index.php?rest_route=\/wp\/v2\/pages"}],"about":[{"href":"https:\/\/theater-svlg.de\/index.php?rest_route=\/wp\/v2\/types\/page"}],"author":[{"embeddable":true,"href":"https:\/\/theater-svlg.de\/index.php?rest_route=\/wp\/v2\/users\/2"}],"replies":[{"embeddable":true,"href":"https:\/\/theater-svlg.de\/index.php?rest_route=%2Fwp%2Fv2%2Fcomments&post=2820"}],"version-history":[{"count":2,"href":"https:\/\/theater-svlg.de\/index.php?rest_route=\/wp\/v2\/pages\/2820\/revisions"}],"predecessor-version":[{"id":2827,"href":"https:\/\/theater-svlg.de\/index.php?rest_route=\/wp\/v2\/pages\/2820\/revisions\/2827"}],"up":[{"embeddable":true,"href":"https:\/\/theater-svlg.de\/index.php?rest_route=\/wp\/v2\/pages\/28"}],"wp:featuredmedia":[{"embeddable":true,"href":"https:\/\/theater-svlg.de\/index.php?rest_route=\/wp\/v2\/media\/2821"}],"wp:attachment":[{"href":"https:\/\/theater-svlg.de\/index.php?rest_route=%2Fwp%2Fv2%2Fmedia&parent=2820"}],"curies":[{"name":"wp","href":"https:\/\/api.w.org\/{rel}","templated":true}]}}