{"id":474,"date":"2016-03-28T00:12:58","date_gmt":"2016-03-27T22:12:58","guid":{"rendered":"http:\/\/theater-svlg.de\/?page_id=474"},"modified":"2019-05-03T12:23:45","modified_gmt":"2019-05-03T10:23:45","slug":"home","status":"publish","type":"page","link":"https:\/\/theater-svlg.de\/","title":{"rendered":"Home"},"content":{"rendered":"<div>\n<!-- Nextend Smart Slider 3 #3 - BEGIN -->\n<div id=\"n2-ss-3-align\" class=\"n2-ss-align\"><div class=\"n2-padding\"><div id=\"n2-ss-3\" class=\"n2-ss-slider n2-ss-load-fade \" data-minFontSizedesktopPortrait=\"4\" data-minFontSizedesktopLandscape=\"4\" data-minFontSizetabletPortrait=\"4\" data-minFontSizetabletLandscape=\"4\" data-minFontSizemobilePortrait=\"4\" data-minFontSizemobileLandscape=\"4\" style=\"font-size: 16px;\" data-fontsize=\"16\">\r\n        <div class=\"n2-ss-slider-1\" style=\"\">\r\n                        <div class=\"n2-ss-slider-2\">\r\n                                <div class=\"n2-ss-slider-3\" style=\"\">\r\n\r\n                    <div data-slide-duration=\"0\" data-id=\"16\" class=\"n2-ss-slide n2-ss-canvas  n2-ss-slide-active n2-ss-slide-16\" style=\"\"><div data-hash=\"b9a31d3949b1882a09ed2f8508d538f3\" data-desktop=\"data:image\/gif;base64,R0lGODlhAQABAIAAAAAAAP\/\/\/yH5BAEAAAAALAAAAAABAAEAAAIBRAA7\" style=\"\" class=\"n2-ss-slide-background\" data-opacity=\"1\"><img title=\"\" style=\"width: 100%;height: auto;margin-top: -200px;opacity:1;\" class=\"n2-ss-slide-background-image n2-ss-slide-fill n2-ow\" src=\"data:image\/gif;base64,R0lGODlhAQABAIAAAAAAAP\/\/\/yH5BAEAAAAALAAAAAABAAEAAAIBRAA7\" alt=\"\" \/><\/div><div class=\"n2-ss-layers-container\" style=\"\"><div class=\"n2-ss-layer\" style=\"z-index:1;overflow:visible;text-align:left;left:0px;top:-200px;width:auto;height:auto;\" data-animations=\"eyJyZXBlYXRhYmxlIjowLCJzcGVjaWFsWmVyb0luIjowLCJ0cmFuc2Zvcm1PcmlnaW5JbiI6IjUwfCp8NTB8KnwwIiwiaW5QbGF5RXZlbnQiOiIiLCJyZXBlYXRDb3VudCI6MCwicmVwZWF0U3RhcnREZWxheSI6MCwidHJhbnNmb3JtT3JpZ2luTG9vcCI6IjUwfCp8NTB8KnwwIiwibG9vcFBsYXlFdmVudCI6IiIsImxvb3BQYXVzZUV2ZW50IjoiIiwibG9vcFN0b3BFdmVudCI6IiIsInRyYW5zZm9ybU9yaWdpbk91dCI6IjUwfCp8NTB8KnwwIiwib3V0UGxheUV2ZW50IjoiIiwiaW5zdGFudE91dCI6MSwiaW4iOlt7Im5hbWUiOiJPYmVuIiwiZHVyYXRpb24iOjEuNDQ5OTk5OTk5OTk5OTk5OTU1NTkxMDc5MDE0OTkzNzM4MzgzMDU0NzMzMjc2MzY3MTg3NSwiZGVsYXkiOjAsImVhc2UiOiJlYXNlT3V0Q3ViaWMiLCJvcGFjaXR5IjoxLCJ4IjowLCJ5Ijo0MDAsInoiOjAsInJvdGF0aW9uWCI6MCwicm90YXRpb25ZIjowLCJyb3RhdGlvbloiOjAsInNjYWxlWCI6MSwic2NhbGVZIjoxLCJzY2FsZVoiOjEsInNrZXdYIjowfV0sImxvb3AiOltdLCJvdXQiOltdfQ==\" data-class=\"\" data-adaptivefont=\"0\" data-desktopportrait=\"1\" data-desktoplandscape=\"1\" data-tabletportrait=\"1\" data-tabletlandscape=\"1\" data-mobileportrait=\"1\" data-mobilelandscape=\"1\" data-responsiveposition=\"1\" data-responsivesize=\"1\" data-click=\"\" data-desktopportraitleft=\"0\" data-desktopportraittop=\"-200\" data-desktopportraitwidth=\"auto\" data-desktopportraitheight=\"auto\" data-desktopportraitalign=\"center\" data-desktopportraitvalign=\"middle\" data-desktopportraitparentalign=\"center\" data-desktopportraitparentvalign=\"middle\" data-desktopportraitfontsize=\"100\"><h2 id=\"n2-ss-3item1\" class=\"n2-font-1009-hover n2-style-e894b87a6e96efa12a6750bf18928dec-heading   n2-ow\" style=\"display:block;white-space:nowrap;\">Willkommen!<\/h2><\/div><div class=\"n2-ss-layer\" style=\"z-index:2;overflow:visible;text-align:left;left:0px;top:-36px;width:500px;height:329px;\" data-animations=\"eyJyZXBlYXRhYmxlIjowLCJzcGVjaWFsWmVyb0luIjowLCJ0cmFuc2Zvcm1PcmlnaW5JbiI6IjUwfCp8NTB8KnwwIiwiaW5QbGF5RXZlbnQiOiIiLCJyZXBlYXRDb3VudCI6MCwicmVwZWF0U3RhcnREZWxheSI6MCwidHJhbnNmb3JtT3JpZ2luTG9vcCI6IjUwfCp8NTB8KnwwIiwibG9vcFBsYXlFdmVudCI6IiIsImxvb3BQYXVzZUV2ZW50IjoiIiwibG9vcFN0b3BFdmVudCI6IiIsInRyYW5zZm9ybU9yaWdpbk91dCI6IjUwfCp8NTB8KnwwIiwib3V0UGxheUV2ZW50IjoiIiwiaW5zdGFudE91dCI6MSwiaW4iOltdLCJsb29wIjpbXSwib3V0IjpbXX0=\" data-class=\"\" data-adaptivefont=\"0\" data-desktopportrait=\"1\" data-desktoplandscape=\"1\" data-tabletportrait=\"1\" data-tabletlandscape=\"1\" data-mobileportrait=\"1\" data-mobilelandscape=\"1\" data-responsiveposition=\"1\" data-responsivesize=\"1\" data-desktopportraitleft=\"0\" data-desktopportraittop=\"-36\" data-desktopportraitwidth=\"500\" data-desktopportraitheight=\"329\" data-desktopportraitalign=\"center\" data-desktopportraitvalign=\"middle\" data-desktopportraitparentalign=\"center\" data-desktopportraitparentvalign=\"middle\" data-desktopportraitfontsize=\"100\"><div class=\"\" style=\"overflow:hidden;\"><img src=\"\/\/theater-svlg.de\/wp-content\/uploads\/Logo1.png\" id=\"n2-ss-3item2\" alt=\"Bild ist nicht verf\u00fcgbar \" style=\"display: inline-block; max-width: 100%; width: 100%;height: auto;\" class=\" n2-ow\" title=\"\" \/><\/div><\/div><div class=\"n2-ss-layer\" style=\"z-index:3;overflow:visible;text-align:left;left:137px;top:401px;width:625px;height:auto;\" data-animations=\"eyJyZXBlYXRhYmxlIjowLCJzcGVjaWFsWmVyb0luIjowLCJ0cmFuc2Zvcm1PcmlnaW5JbiI6IjUwfCp8MHwqfDAiLCJpblBsYXlFdmVudCI6IiIsInJlcGVhdENvdW50IjowLCJyZXBlYXRTdGFydERlbGF5IjowLCJ0cmFuc2Zvcm1PcmlnaW5Mb29wIjoiNTB8Knw1MHwqfDAiLCJsb29wUGxheUV2ZW50IjoiIiwibG9vcFBhdXNlRXZlbnQiOiIiLCJsb29wU3RvcEV2ZW50IjoiIiwidHJhbnNmb3JtT3JpZ2luT3V0IjoiNTB8Knw1MHwqfDAiLCJvdXRQbGF5RXZlbnQiOiIiLCJpbnN0YW50T3V0IjoxLCJpbiI6W3sibmFtZSI6Im5hY2ggVW50ZW4gYmxcdTAwZTR0dGVybiIsImR1cmF0aW9uIjoxLjgwMDAwMDAwMDAwMDAwMDA0NDQwODkyMDk4NTAwNjI2MTYxNjk0NTI2NjcyMzYzMjgxMjUsImRlbGF5IjoxLjE5OTk5OTk5OTk5OTk5OTk1NTU5MTA3OTAxNDk5MzczODM4MzA1NDczMzI3NjM2NzE4NzUsImVhc2UiOiJlYXNlT3V0Q3ViaWMiLCJvcGFjaXR5IjowLCJ4IjowLCJ5IjowLCJ6IjowLCJyb3RhdGlvblgiOjkwLCJyb3RhdGlvblkiOjAsInJvdGF0aW9uWiI6MCwic2NhbGVYIjoxLCJzY2FsZVkiOjEsInNjYWxlWiI6MSwic2tld1giOjB9XSwibG9vcCI6W10sIm91dCI6W119\" data-class=\"\" data-adaptivefont=\"0\" data-desktopportrait=\"1\" data-desktoplandscape=\"1\" data-tabletportrait=\"1\" data-tabletlandscape=\"1\" data-mobileportrait=\"1\" data-mobilelandscape=\"1\" data-responsiveposition=\"1\" data-responsivesize=\"1\" data-desktopportraitleft=\"137\" data-desktopportraittop=\"401\" data-desktopportraitwidth=\"625\" data-desktopportraitheight=\"auto\" data-desktopportraitalign=\"left\" data-desktopportraitvalign=\"top\" data-desktopportraitparentalign=\"center\" data-desktopportraitparentvalign=\"middle\" data-desktopportraitfontsize=\"100\"><div class=\"n2-ss-desktop n2-ss-mobile n2-ss-tablet\"><p class=\"n2-font-3ced6fa85f6b74cf0445c8a44c4177e3-paragraph   n2-ow\"><b>auf der Website der Theater-AG des SvlG<\/b><br \/>\nHier finden sie alle Informationen rund um die verschiedenen Ag's sowie weitere Angebote und Veranstaltungen rund um das Thema <b>Theater<\/b><\/p>\n<\/div><\/div><\/div><\/div>                <\/div>\r\n            <\/div>\r\n        <\/div>\r\n        <div data-ssright=\"width+15\" data-sstop=\"height\/2-previousheight\/2\" id=\"n2-ss-3-arrow-previous\" class=\"n2-ss-widget n2-ss-widget-display-desktop n2-ss-widget-display-tablet n2-ss-widget-display-mobile nextend-arrow n2-ib nextend-arrow-previous  nextend-arrow-animated-fade\" style=\"position: absolute;\"><img class=\"n2-arrow-normal-img n2-ow\" data-no-lazy=\"1\" src=\"data:image\/svg+xml;base64,PHN2ZyB3aWR0aD0iMzIiIGhlaWdodD0iMzIiIHZpZXdCb3g9IjAgMCAzMiAzMiIgeG1sbnM9Imh0dHA6Ly93d3cudzMub3JnLzIwMDAvc3ZnIj48cGF0aCBkPSJNMTEuNDMzIDE1Ljk5MkwyMi42OSA1LjcxMmMuMzkzLS4zOS4zOTMtMS4wMyAwLTEuNDItLjM5My0uMzktMS4wMy0uMzktMS40MjMgMGwtMTEuOTggMTAuOTRjLS4yMS4yMS0uMy40OS0uMjg1Ljc2LS4wMTUuMjguMDc1LjU2LjI4NC43N2wxMS45OCAxMC45NGMuMzkzLjM5IDEuMDMuMzkgMS40MjQgMCAuMzkzLS40LjM5My0xLjAzIDAtMS40MmwtMTEuMjU3LTEwLjI5IiBmaWxsPSIjYmQwYTI3IiBvcGFjaXR5PSIwLjgiIGZpbGwtcnVsZT0iZXZlbm9kZCIvPjwvc3ZnPg==\" alt=\"Arrow\" \/><img class=\"n2-arrow-hover-img n2-ow\" data-no-lazy=\"1\" src=\"data:image\/svg+xml;base64,PHN2ZyB3aWR0aD0iMzIiIGhlaWdodD0iMzIiIHZpZXdCb3g9IjAgMCAzMiAzMiIgeG1sbnM9Imh0dHA6Ly93d3cudzMub3JnLzIwMDAvc3ZnIj48cGF0aCBkPSJNMTEuNDMzIDE1Ljk5MkwyMi42OSA1LjcxMmMuMzkzLS4zOS4zOTMtMS4wMyAwLTEuNDItLjM5My0uMzktMS4wMy0uMzktMS40MjMgMGwtMTEuOTggMTAuOTRjLS4yMS4yMS0uMy40OS0uMjg1Ljc2LS4wMTUuMjguMDc1LjU2LjI4NC43N2wxMS45OCAxMC45NGMuMzkzLjM5IDEuMDMuMzkgMS40MjQgMCAuMzkzLS40LjM5My0xLjAzIDAtMS40MmwtMTEuMjU3LTEwLjI5IiBmaWxsPSIjMGE3MWI0IiBvcGFjaXR5PSIwLjgiIGZpbGwtcnVsZT0iZXZlbm9kZCIvPjwvc3ZnPg==\" alt=\"Arrow\" \/><\/div><div data-ssleft=\"width+15\" data-sstop=\"height\/2-nextheight\/2\" id=\"n2-ss-3-arrow-next\" class=\"n2-ss-widget n2-ss-widget-display-desktop n2-ss-widget-display-tablet n2-ss-widget-display-mobile nextend-arrow n2-ib nextend-arrow-next  nextend-arrow-animated-fade\" style=\"position: absolute;\"><img class=\"n2-arrow-normal-img n2-ow\" data-no-lazy=\"1\" src=\"data:image\/svg+xml;base64,PHN2ZyB3aWR0aD0iMzIiIGhlaWdodD0iMzIiIHZpZXdCb3g9IjAgMCAzMiAzMiIgeG1sbnM9Imh0dHA6Ly93d3cudzMub3JnLzIwMDAvc3ZnIj48cGF0aCBkPSJNMTAuNzIyIDQuMjkzYy0uMzk0LS4zOS0xLjAzMi0uMzktMS40MjcgMC0uMzkzLjM5LS4zOTMgMS4wMyAwIDEuNDJsMTEuMjgzIDEwLjI4LTExLjI4MyAxMC4yOWMtLjM5My4zOS0uMzkzIDEuMDIgMCAxLjQyLjM5NS4zOSAxLjAzMy4zOSAxLjQyNyAwbDEyLjAwNy0xMC45NGMuMjEtLjIxLjMtLjQ5LjI4NC0uNzcuMDE0LS4yNy0uMDc2LS41NS0uMjg2LS43NkwxMC43MiA0LjI5M3oiIGZpbGw9IiNiZDBhMjciIG9wYWNpdHk9IjAuOCIgZmlsbC1ydWxlPSJldmVub2RkIi8+PC9zdmc+\" alt=\"Arrow\" \/><img class=\"n2-arrow-hover-img n2-ow\" data-no-lazy=\"1\" src=\"data:image\/svg+xml;base64,PHN2ZyB3aWR0aD0iMzIiIGhlaWdodD0iMzIiIHZpZXdCb3g9IjAgMCAzMiAzMiIgeG1sbnM9Imh0dHA6Ly93d3cudzMub3JnLzIwMDAvc3ZnIj48cGF0aCBkPSJNMTAuNzIyIDQuMjkzYy0uMzk0LS4zOS0xLjAzMi0uMzktMS40MjcgMC0uMzkzLjM5LS4zOTMgMS4wMyAwIDEuNDJsMTEuMjgzIDEwLjI4LTExLjI4MyAxMC4yOWMtLjM5My4zOS0uMzkzIDEuMDIgMCAxLjQyLjM5NS4zOSAxLjAzMy4zOSAxLjQyNyAwbDEyLjAwNy0xMC45NGMuMjEtLjIxLjMtLjQ5LjI4NC0uNzcuMDE0LS4yNy0uMDc2LS41NS0uMjg2LS43NkwxMC43MiA0LjI5M3oiIGZpbGw9IiMwYTcxYjQiIG9wYWNpdHk9IjAuOCIgZmlsbC1ydWxlPSJldmVub2RkIi8+PC9zdmc+\" alt=\"Arrow\" \/><\/div>\n<div data-ssleft=\"width\/2-bulletwidth\/2\" data-ssbottom=\"height+10\" data-offset=\"10\" class=\"n2-ss-widget n2-ss-widget-display-desktop n2-ss-widget-display-tablet n2-ss-widget-display-mobile nextend-bullet-bar nextend-bullet-bar-horizontal\" style=\"text-align: center;position: absolute;\"><div class=\"n2-style-f2846be812bd4e70be1ce7c769f7ef38-dot n2-active\"><\/div><\/div>\n<div data-ssright=\"0+15\" data-ssbottom=\"0+15\" class=\"n2-ss-widget n2-ss-widget-display-desktop n2-ss-widget-display-hover n2-style-b72669663cc3e34016d23f9a99e44e11-heading n2-full-screen-widget n2-full-screen-widget-image nextend-fullscreen\" style=\"position: absolute;\"><img class=\"n2-full-screen-widget-to-normal n2-ow\" data-no-lazy=\"1\" src=\"data:image\/svg+xml;base64,PHN2ZyB3aWR0aD0iMTYiIGhlaWdodD0iMTYiIHZpZXdCb3g9IjAgMCAxNiAxNiIgeG1sbnM9Imh0dHA6Ly93d3cudzMub3JnLzIwMDAvc3ZnIj48cGF0aCBkPSJNMTUgN1Y1aC0zVjJoLTJ2NWg1ek0xIDdWNWgzVjJoMnY1SDF6bTAgMnYyaDN2M2gyVjlIMXptMTQgMHYyaC0zdjNoLTJWOWg1eiIgZmlsbD0iI2ZmZmZmZiIgb3BhY2l0eT0iMC44IiBmaWxsLXJ1bGU9ImV2ZW5vZGQiLz48L3N2Zz4=\" alt=\"Full screen\" \/><img class=\"n2-full-screen-widget-to-full n2-ow\" data-no-lazy=\"1\" src=\"data:image\/svg+xml;base64,PHN2ZyB3aWR0aD0iMTYiIGhlaWdodD0iMTYiIHZpZXdCb3g9IjAgMCAxNiAxNiIgeG1sbnM9Imh0dHA6Ly93d3cudzMub3JnLzIwMDAvc3ZnIj48cGF0aCBkPSJNMTAgMnYyaDN2M2gyVjJoLTV6TTYgMnYySDN2M0gxVjJoNXptMCAxMnYtMkgzVjlIMXY1aDV6bTQgMHYtMmgzVjloMnY1aC01eiIgZmlsbD0iI2ZmZmZmZiIgb3BhY2l0eT0iMC44IiBmaWxsLXJ1bGU9ImV2ZW5vZGQiLz48L3N2Zz4=\" alt=\"Exit full screen\" \/><\/div>\n<div data-ssleft=\"width\/2-indicatorwidth\/2\" data-offset=\"0\" class=\"n2-ss-widget n2-ss-widget-display-desktop n2-ss-widget-display-tablet n2-ss-widget-display-mobile nextend-indicator nextend-indicator-stripe\" style=\"background-color:#;background-color:RGBA(0,0,0,0.67);position: absolute;bottom:0px;width:100%;\"><div class=\"nextend-indicator-track\" style=\"height: 6px;background-color:#0a71b4;background-color:RGBA(10,113,180,0.85);\"><\/div><\/div>\n<div data-ssleft=\"width\/2-thumbnailwidth\/2\" data-sstop=\"height\" data-offset=\"0\" class=\"n2-ss-widget n2-ss-widget-display-desktop n2-ss-widget-display-hover nextend-thumbnail nextend-thumbnail-default nextend-thumbnail-horizontal\" style=\"position: absolute;width:100%;\"><img class=\"nextend-thumbnail-button nextend-thumbnail-previous n2-ow\" src=\"data:image\/svg+xml;base64,PHN2ZyB3aWR0aD0iMjYiIGhlaWdodD0iMjYiIHhtbG5zPSJodHRwOi8vd3d3LnczLm9yZy8yMDAwL3N2ZyI+CiAgICA8ZyBmaWxsPSJub25lIiBmaWxsLXJ1bGU9ImV2ZW5vZGQiPgogICAgICAgIDxjaXJjbGUgc3Ryb2tlPSIjZmZmIiBzdHJva2Utd2lkdGg9IjIiIG9wYWNpdHk9Ii41IiBmaWxsPSIjMDAwIiBjeD0iMTMiIGN5PSIxMyIgcj0iMTIiLz4KICAgICAgICA8cGF0aCBkPSJNMTMuNDM1IDkuMTc4Yy0uMTI2LS4xMjEtLjI3LS4xODItLjQzNi0uMTgyLS4xNjQgMC0uMzA2LjA2MS0uNDI4LjE4MmwtNC4zOCA0LjE3NWMtLjEyNi4xMjEtLjE4OC4yNjItLjE4OC40MjQgMCAuMTYxLjA2Mi4zMDIuMTg4LjQyM2wuNjUuNjIyYy4xMjYuMTIxLjI3My4xODIuNDQxLjE4Mi4xNyAwIC4zMTQtLjA2MS40MzYtLjE4MmwzLjMxNC0zLjE2MSAzLjI0OSAzLjE2MWMuMTI2LjEyMS4yNjkuMTgyLjQzMi4xODIuMTY0IDAgLjMwNy0uMDYxLjQzMy0uMTgybC42NjItLjYyMmMuMTI2LS4xMjEuMTg5LS4yNjIuMTg5LS40MjMgMC0uMTYyLS4wNjMtLjMwMy0uMTg5LS40MjRsLTQuMzczLTQuMTc1eiIgZmlsbD0iI2ZmZiIvPgogICAgPC9nPgo8L3N2Zz4=\" alt=\"Arrow\" \/><img class=\"nextend-thumbnail-button nextend-thumbnail-next n2-ow n2-active\" src=\"data:image\/svg+xml;base64,PHN2ZyB4bWxucz0iaHR0cDovL3d3dy53My5vcmcvMjAwMC9zdmciIHdpZHRoPSIyNiIgaGVpZ2h0PSIyNiI+CiAgICA8ZyBmaWxsPSJub25lIj4KICAgICAgICA8Y2lyY2xlIGN4PSIxMyIgY3k9IjEzIiByPSIxMiIgZmlsbD0iIzAwMCIgc3Ryb2tlPSIjZmZmIiBzdHJva2Utd2lkdGg9IjIiIG9wYWNpdHk9Ii41Ii8+CiAgICAgICAgPHBhdGggZmlsbD0iI2ZmZiIgZD0iTTEyLjU2NSAxNi44MjJjLjEyNi4xMi4yNy4xODIuNDM2LjE4Mi4xNjggMCAuMzEtLjA2LjQzLS4xODJsNC4zOC00LjE3NWMuMTI4LS4xMi4xOS0uMjYyLjE5LS40MjQgMC0uMTYtLjA2Mi0uMzAyLS4xOS0uNDIzbC0uNjUtLjYyMmMtLjEyNS0uMTItLjI3Mi0uMTgyLS40NC0uMTgyLS4xNyAwLS4zMTQuMDYtLjQzNi4xODJsLTMuMzE0IDMuMTYtMy4yNS0zLjE2Yy0uMTI2LS4xMi0uMjctLjE4Mi0uNDMtLjE4Mi0uMTY2IDAtLjMxLjA2LS40MzUuMTgybC0uNjYyLjYyMmMtLjEyNi4xMi0uMTkuMjYyLS4xOS40MjMgMCAuMTYyLjA2NC4zMDMuMTkuNDI0bDQuMzczIDQuMTc1eiIvPgogICAgPC9nPgo8L3N2Zz4=\" alt=\"Arrow\" \/><div class=\"nextend-thumbnail-inner\"><div class=\"n2-style-8c39bd1b5d1c821102353bb13550e669-simple nextend-thumbnail-scroller\"><table class=\"n2-ow\"><tr><td><div class=\"n2-style-0d7e6147d938756e488febb9fea88b5d-dot n2-active \" style=\"width: 100px; height: 60px;\"><div class=\"n2-ss-thumb-image\" style=\"background-image: URL(&#039;\/\/theater-svlg.de\/wp-content\/uploads\/cropped-Logo1.png&#039;);width: 100px; height: 60px;background-size: cover;\"><\/div><\/div><\/td><\/tr><\/table><\/div><\/div><\/div>\n<\/div><div class=\"clear\"><\/div><\/div><\/div><div id=\"n2-ss-3-placeholder\" style=\"position: relative;z-index:2;\"><img style=\"width: 100%; max-width:3000px;\" class=\"n2-ow\" src=\"data:image\/svg+xml;base64,PHN2ZyB4bWxucz0iaHR0cDovL3d3dy53My5vcmcvMjAwMC9zdmciIHZlcnNpb249IjEuMCIgd2lkdGg9IjkwMCIgaGVpZ2h0PSI1MDAiID48L3N2Zz4=\" alt=\"Slider\" \/><\/div>\n<!-- Nextend Smart Slider 3 #3 - END -->\n<\/div>\n<p>&nbsp;<\/p>\n<p>Willkommen auf der Website der Theater-AGs des Schenk-von-Limpurg-Gymnasiums Gaildorf, sowie des Theater-und-Literatur-Kurses der Oberstufe. Hier finden sie alle Informationen rund um die Theaterarbeit an unserer Schule. Von alten Auff\u00fchrungen bis hin zur Kartenvorbestellung f\u00fcr die aktuellen Theaterst\u00fccke ist alles zu finden. Sehen Sie sich ruhig etwas um&#8230;<\/p>\n","protected":false},"excerpt":{"rendered":"<p>&nbsp; Willkommen auf der Website der Theater-AGs des Schenk-von-Limpurg-Gymnasiums Gaildorf, sowie des Theater-und-Literatur-Kurses der Oberstufe. Hier finden sie alle Informationen rund um die Theaterarbeit an unserer Schule. Von alten Auff\u00fchrungen bis hin zur Kartenvorbestellung f\u00fcr die aktuellen Theaterst\u00fccke ist alles zu finden. Sehen Sie sich ruhig etwas um&#8230;<\/p>\n","protected":false},"author":1,"featured_media":0,"parent":0,"menu_order":0,"comment_status":"closed","ping_status":"closed","template":"","meta":{"ngg_post_thumbnail":0},"_links":{"self":[{"href":"https:\/\/theater-svlg.de\/index.php?rest_route=\/wp\/v2\/pages\/474"}],"collection":[{"href":"https:\/\/theater-svlg.de\/index.php?rest_route=\/wp\/v2\/pages"}],"about":[{"href":"https:\/\/theater-svlg.de\/index.php?rest_route=\/wp\/v2\/types\/page"}],"author":[{"embeddable":true,"href":"https:\/\/theater-svlg.de\/index.php?rest_route=\/wp\/v2\/users\/1"}],"replies":[{"embeddable":true,"href":"https:\/\/theater-svlg.de\/index.php?rest_route=%2Fwp%2Fv2%2Fcomments&post=474"}],"version-history":[{"count":10,"href":"https:\/\/theater-svlg.de\/index.php?rest_route=\/wp\/v2\/pages\/474\/revisions"}],"predecessor-version":[{"id":3003,"href":"https:\/\/theater-svlg.de\/index.php?rest_route=\/wp\/v2\/pages\/474\/revisions\/3003"}],"wp:attachment":[{"href":"https:\/\/theater-svlg.de\/index.php?rest_route=%2Fwp%2Fv2%2Fmedia&parent=474"}],"curies":[{"name":"wp","href":"https:\/\/api.w.org\/{rel}","templated":true}]}}