{"id":479,"date":"2016-05-01T22:24:20","date_gmt":"2016-05-01T20:24:20","guid":{"rendered":"http:\/\/theater-svlg.de\/?page_id=479"},"modified":"2016-06-11T15:24:50","modified_gmt":"2016-06-11T13:24:50","slug":"201516-aus-dem-ruder-gelaufen","status":"publish","type":"page","link":"https:\/\/theater-svlg.de\/?page_id=479","title":{"rendered":"2015\/16 &#8211; Aus dem Ruder gelaufen"},"content":{"rendered":"<p><strong>F\u00fcnf Comedy-Szenen von Thorsten B\u00f6hner<\/strong><\/p>\n<p><a href=\"https:\/\/theater-svlg.de\/?attachment_id=486\" rel=\"attachment wp-att-486\"><img loading=\"lazy\" class=\"alignright wp-image-58\" src=\"https:\/\/theater-svlg.de\/wp-content\/uploads\/Aus-dem-Ruder-gelaufen-Plakat.jpg\" alt=\"Aus dem Ruder gelaufen Plakat\" width=\"300\" height=\"425\" \/><\/a><em>Am Dienstag, dem 8. M\u00e4rz sowie am Donnerstag, dem 10. M\u00e4rz 2016 laden wir Sie um 19 Uhr ins Atrium des Schenk-von-Limpurg-Gymnasiums ein<\/em>, um diese Comedy-Szenen auf Ihre Lachmuskeln wirken zu lassen. Die Sketche, die das allt\u00e4gliche Chaos karikieren, leben von Situationskomik und \u00fcberraschenden Wendungen. Dabei haben unsere jungen Schauspielerinnen und Schauspieler reichlich Gelegenheit, schrullige Typen skurril in Szene zu setzen.<\/p>\n<p>Dazu geh\u00f6ren das eingespielte Ehepaar und eine unmotivierte Bankangestellte, die in absurden mit h\u00f6herer Grammatik gespickten Dialogen einen Bankr\u00e4uber zur Verzweiflung bringen ebenso wie die Wache haltende Polizistin, die von ihren grotesken n\u00e4chtlichen Anrufern nervlich an den Rand des Wahnsinns getrieben wird. Aber auch wie es nach der Rente mit 85 weitergeht, was der Internetbestell- und Rabattsammelwahn bewirken oder wie es beim Fernsehabend mit vertauschten Rollen zugehen k\u00f6nnte, erfahren Sie auf am\u00fcsante und unterhaltsame Art bei den beiden Auff\u00fchrungen der Mittelstufen-Theater-AG.<\/p>\n","protected":false},"excerpt":{"rendered":"<p>F\u00fcnf Comedy-Szenen von Thorsten B\u00f6hner Am Dienstag, dem 8. M\u00e4rz sowie am Donnerstag, dem 10. M\u00e4rz 2016 laden wir Sie um 19 Uhr ins Atrium des Schenk-von-Limpurg-Gymnasiums ein, um diese Comedy-Szenen auf Ihre Lachmuskeln wirken zu lassen. Die Sketche, die das allt\u00e4gliche Chaos karikieren, leben von Situationskomik und \u00fcberraschenden Wendungen. Dabei haben unsere jungen Schauspielerinnen &hellip; <a href=\"https:\/\/theater-svlg.de\/?page_id=479\" class=\"more-link\"><span class=\"screen-reader-text\">2015\/16 &#8211; Aus dem Ruder gelaufen<\/span> weiterlesen <span class=\"meta-nav\">&rarr;<\/span><\/a><\/p>\n","protected":false},"author":1,"featured_media":0,"parent":26,"menu_order":1,"comment_status":"closed","ping_status":"closed","template":"","meta":{"ngg_post_thumbnail":0},"_links":{"self":[{"href":"https:\/\/theater-svlg.de\/index.php?rest_route=\/wp\/v2\/pages\/479"}],"collection":[{"href":"https:\/\/theater-svlg.de\/index.php?rest_route=\/wp\/v2\/pages"}],"about":[{"href":"https:\/\/theater-svlg.de\/index.php?rest_route=\/wp\/v2\/types\/page"}],"author":[{"embeddable":true,"href":"https:\/\/theater-svlg.de\/index.php?rest_route=\/wp\/v2\/users\/1"}],"replies":[{"embeddable":true,"href":"https:\/\/theater-svlg.de\/index.php?rest_route=%2Fwp%2Fv2%2Fcomments&post=479"}],"version-history":[{"count":6,"href":"https:\/\/theater-svlg.de\/index.php?rest_route=\/wp\/v2\/pages\/479\/revisions"}],"predecessor-version":[{"id":490,"href":"https:\/\/theater-svlg.de\/index.php?rest_route=\/wp\/v2\/pages\/479\/revisions\/490"}],"up":[{"embeddable":true,"href":"https:\/\/theater-svlg.de\/index.php?rest_route=\/wp\/v2\/pages\/26"}],"wp:attachment":[{"href":"https:\/\/theater-svlg.de\/index.php?rest_route=%2Fwp%2Fv2%2Fmedia&parent=479"}],"curies":[{"name":"wp","href":"https:\/\/api.w.org\/{rel}","templated":true}]}}