{"id":49,"date":"2016-03-20T17:31:45","date_gmt":"2016-03-20T16:31:45","guid":{"rendered":"http:\/\/theater-svlg.de\/?page_id=49"},"modified":"2016-08-21T22:36:38","modified_gmt":"2016-08-21T20:36:38","slug":"buehnen-im-landkreis","status":"publish","type":"page","link":"https:\/\/theater-svlg.de\/?page_id=49","title":{"rendered":"B\u00fchnen im Landkreis"},"content":{"rendered":"<p>Mit &#8222;Die Oper vom gro\u00dfen Hohngel\u00e4chter&#8220; hat die Theater-AG des SvLG auch am Wettbewerb &#8222;B\u00fchnen im Landkreis&#8220; der Sparkassenstiftung teilgenommen. Hierbei erhielten wir den &#8222;Sonderpreis der Jury&#8220; f\u00fcr die besonders lange Theatertradition an unserer Schule mit herausragenden St\u00fccken in den vergangenen 40 Jahren.<\/p>\n<figure id=\"attachment_61\" aria-describedby=\"caption-attachment-61\" style=\"width: 474px\" class=\"wp-caption alignnone\"><a href=\"https:\/\/theater-svlg.de\/?attachment_id=61\"><img loading=\"lazy\" class=\"wp-image-61 size-large\" src=\"https:\/\/theater-svlg.de\/wp-content\/uploads\/Spiel-der-Liebe-Urkunde-724x1024.jpg\" alt=\"Urkunde von der Sparkassenstiftung\" width=\"474\" height=\"670\" srcset=\"https:\/\/theater-svlg.de\/wp-content\/uploads\/Spiel-der-Liebe-Urkunde-724x1024.jpg 724w, https:\/\/theater-svlg.de\/wp-content\/uploads\/Spiel-der-Liebe-Urkunde-212x300.jpg 212w, https:\/\/theater-svlg.de\/wp-content\/uploads\/Spiel-der-Liebe-Urkunde.jpg 827w\" sizes=\"(max-width: 474px) 100vw, 474px\" \/><\/a><figcaption id=\"caption-attachment-61\" class=\"wp-caption-text\">Urkunde von der Sparkassenstiftung<\/figcaption><\/figure>\n<p>Die Bekanntgabe des Gewinns, sowie die \u00dcbergabe der Urkunde und einem Preisgeld in H\u00f6he von 1000\u20ac fanden am 16. November 2015 in den R\u00e4umen der Sparkasse Schw\u00e4bisch Hall statt. Untermalt wurde der Abend mit Live-Musik sowie der Darbietung einer anderen Theatergruppe.<\/p>\n<p>Wir freuen uns sehr \u00fcber diese Wertsch\u00e4tzung unserer Arbeit und hoffen noch viele weitere Jahre so erfolgreich Theater spielen zu k\u00f6nnen. \u00a0Mehr Informationen zum St\u00fcck finden Sie <a href=\"https:\/\/theater-svlg.de\/?page_id=33\">hier<\/a>.<\/p>\n","protected":false},"excerpt":{"rendered":"<p>Mit &#8222;Die Oper vom gro\u00dfen Hohngel\u00e4chter&#8220; hat die Theater-AG des SvLG auch am Wettbewerb &#8222;B\u00fchnen im Landkreis&#8220; der Sparkassenstiftung teilgenommen. Hierbei erhielten wir den &#8222;Sonderpreis der Jury&#8220; f\u00fcr die besonders lange Theatertradition an unserer Schule mit herausragenden St\u00fccken in den vergangenen 40 Jahren. Die Bekanntgabe des Gewinns, sowie die \u00dcbergabe der Urkunde und einem Preisgeld &hellip; <a href=\"https:\/\/theater-svlg.de\/?page_id=49\" class=\"more-link\"><span class=\"screen-reader-text\">B\u00fchnen im Landkreis<\/span> weiterlesen <span class=\"meta-nav\">&rarr;<\/span><\/a><\/p>\n","protected":false},"author":1,"featured_media":0,"parent":33,"menu_order":3,"comment_status":"closed","ping_status":"closed","template":"","meta":{"ngg_post_thumbnail":0},"_links":{"self":[{"href":"https:\/\/theater-svlg.de\/index.php?rest_route=\/wp\/v2\/pages\/49"}],"collection":[{"href":"https:\/\/theater-svlg.de\/index.php?rest_route=\/wp\/v2\/pages"}],"about":[{"href":"https:\/\/theater-svlg.de\/index.php?rest_route=\/wp\/v2\/types\/page"}],"author":[{"embeddable":true,"href":"https:\/\/theater-svlg.de\/index.php?rest_route=\/wp\/v2\/users\/1"}],"replies":[{"embeddable":true,"href":"https:\/\/theater-svlg.de\/index.php?rest_route=%2Fwp%2Fv2%2Fcomments&post=49"}],"version-history":[{"count":10,"href":"https:\/\/theater-svlg.de\/index.php?rest_route=\/wp\/v2\/pages\/49\/revisions"}],"predecessor-version":[{"id":577,"href":"https:\/\/theater-svlg.de\/index.php?rest_route=\/wp\/v2\/pages\/49\/revisions\/577"}],"up":[{"embeddable":true,"href":"https:\/\/theater-svlg.de\/index.php?rest_route=\/wp\/v2\/pages\/33"}],"wp:attachment":[{"href":"https:\/\/theater-svlg.de\/index.php?rest_route=%2Fwp%2Fv2%2Fmedia&parent=49"}],"curies":[{"name":"wp","href":"https:\/\/api.w.org\/{rel}","templated":true}]}}