{"id":498,"date":"2016-05-01T23:02:45","date_gmt":"2016-05-01T21:02:45","guid":{"rendered":"http:\/\/theater-svlg.de\/?page_id=498"},"modified":"2016-08-21T22:36:30","modified_gmt":"2016-08-21T20:36:30","slug":"jugendtheaterfestival","status":"publish","type":"page","link":"https:\/\/theater-svlg.de\/?page_id=498","title":{"rendered":"Jugendtheaterfestival"},"content":{"rendered":"<p>Vom 6. &#8211; 10. April 2015 fand in Schw\u00e4bisch Hall das 6. internationale Jugendtheaterfestival statt und wir waren mit dabei. Im Gep\u00e4ck hatten wir neben ganz viel Spa\u00df und Freude auch unser St\u00fcck <a href=\"https:\/\/theater-svlg.de\/?page_id=33\">&#8222;Die Oper vom gro\u00dfen Hohngel\u00e4chter&#8220;<\/a>.<br \/>\n<img loading=\"lazy\" class=\"wp-image-501 alignright\" src=\"https:\/\/theater-svlg.de\/wp-content\/uploads\/Hand_komplett_gr\u00fcn-156x300.png\" alt=\"Logo des Jugendtheaterfestivals 2015\" width=\"125\" height=\"240\" srcset=\"https:\/\/theater-svlg.de\/wp-content\/uploads\/Hand_komplett_gr\u00fcn-156x300.png 156w, https:\/\/theater-svlg.de\/wp-content\/uploads\/Hand_komplett_gr\u00fcn-532x1024.png 532w, https:\/\/theater-svlg.de\/wp-content\/uploads\/Hand_komplett_gr\u00fcn.png 1074w\" sizes=\"(max-width: 125px) 100vw, 125px\" \/>Dieses f\u00fchrten wir am 7. April in der Haalhalle auf und stie\u00dfen auf gro\u00dfe Begeisterung, sowohl seitens des Deutschen Publikums, als auch bei den internationalen G\u00e4sten, welche aufgrund der fehlenden Deutschkenntnisse recht wenig verstanden haben d\u00fcrften. Trotz alledem waren sie hochauf begeistert und waren teilweise sogar in das St\u00fcck integriert. So durften zwei kenianische Teilnehmer bei unserem &#8222;Hurentanz&#8220; als T\u00e4nzer f\u00fcr unsere Damen herhalten.<\/p>\n<p>Neben der Auff\u00fchrung des St\u00fccks war ein Gro\u00dfteil der Schauspieler auch bei den morgendlichen Workshops zu Gange, welche sich verschiedenen Teilbereichen des Schauspiels widmeten. Teilnehmer des Festivals kamen unter anderem aus Kenia, der T\u00fcrkei, Griechenland, Russland, sowie aus verschiedenen Teilen Deutschlands.<\/p>\n<div><h3>Smart Slider with ID #4 does NOT EXIST or has NO SLIDES!<\/h3><h4>Usage: WordPress Shortcode<\/h4><\/div>\n<p>&nbsp;<\/p>\n","protected":false},"excerpt":{"rendered":"<p>Vom 6. &#8211; 10. April 2015 fand in Schw\u00e4bisch Hall das 6. internationale Jugendtheaterfestival statt und wir waren mit dabei. Im Gep\u00e4ck hatten wir neben ganz viel Spa\u00df und Freude auch unser St\u00fcck &#8222;Die Oper vom gro\u00dfen Hohngel\u00e4chter&#8220;. Dieses f\u00fchrten wir am 7. April in der Haalhalle auf und stie\u00dfen auf gro\u00dfe Begeisterung, sowohl seitens &hellip; <a href=\"https:\/\/theater-svlg.de\/?page_id=498\" class=\"more-link\"><span class=\"screen-reader-text\">Jugendtheaterfestival<\/span> weiterlesen <span class=\"meta-nav\">&rarr;<\/span><\/a><\/p>\n","protected":false},"author":1,"featured_media":505,"parent":33,"menu_order":2,"comment_status":"closed","ping_status":"closed","template":"","meta":{"ngg_post_thumbnail":0},"_links":{"self":[{"href":"https:\/\/theater-svlg.de\/index.php?rest_route=\/wp\/v2\/pages\/498"}],"collection":[{"href":"https:\/\/theater-svlg.de\/index.php?rest_route=\/wp\/v2\/pages"}],"about":[{"href":"https:\/\/theater-svlg.de\/index.php?rest_route=\/wp\/v2\/types\/page"}],"author":[{"embeddable":true,"href":"https:\/\/theater-svlg.de\/index.php?rest_route=\/wp\/v2\/users\/1"}],"replies":[{"embeddable":true,"href":"https:\/\/theater-svlg.de\/index.php?rest_route=%2Fwp%2Fv2%2Fcomments&post=498"}],"version-history":[{"count":8,"href":"https:\/\/theater-svlg.de\/index.php?rest_route=\/wp\/v2\/pages\/498\/revisions"}],"predecessor-version":[{"id":512,"href":"https:\/\/theater-svlg.de\/index.php?rest_route=\/wp\/v2\/pages\/498\/revisions\/512"}],"up":[{"embeddable":true,"href":"https:\/\/theater-svlg.de\/index.php?rest_route=\/wp\/v2\/pages\/33"}],"wp:featuredmedia":[{"embeddable":true,"href":"https:\/\/theater-svlg.de\/index.php?rest_route=\/wp\/v2\/media\/505"}],"wp:attachment":[{"href":"https:\/\/theater-svlg.de\/index.php?rest_route=%2Fwp%2Fv2%2Fmedia&parent=498"}],"curies":[{"name":"wp","href":"https:\/\/api.w.org\/{rel}","templated":true}]}}