{"id":523,"date":"2016-05-02T15:44:03","date_gmt":"2016-05-02T13:44:03","guid":{"rendered":"http:\/\/theater-svlg.de\/?page_id=523"},"modified":"2016-12-10T22:34:44","modified_gmt":"2016-12-10T21:34:44","slug":"2016-hamlet-shakepics","status":"publish","type":"page","link":"https:\/\/theater-svlg.de\/?page_id=523","title":{"rendered":"2016 &#8211; Hamlet ShakePics"},"content":{"rendered":"<p>Anl\u00e4sslich des 400. Todestags von William Shakespeare am 23. April gab es einen deutschlandweiten Filmwettbewerb mit der Aufgabe Shakespeare neu zu interpretieren.<\/p>\n<figure style=\"width: 976px\" class=\"wp-caption aligncenter\"><a href=\"http:\/\/www.cornelsen.de\/shakespeare\"><img loading=\"lazy\" class=\"\" src=\"http:\/\/www.cornelsen.de\/fm\/1461\/ShakePics-Header.png\" width=\"976\" height=\"188\"><\/a><figcaption class=\"wp-caption-text\">Logo des Wettbewerbs<\/figcaption><\/figure>\n<p>Unter dem Titel &#8222;ShakePics: Shakespeare ist, was ihr draus filmt&#8220; galt es ein Werk, in unserem Fall &#8222;Hamlet&#8220;, neu zu interpretieren und sich dabei m\u00f6glichst eines anderen Genres zu bedienen, sowie Kreativit\u00e4t zu zeigen. Als Hauptpreis f\u00fcr die Klassen 11-13 winkt ein <strong>f\u00fcnft\u00e4giger Trip nach London<\/strong> bei der man sich auf die Spuren von Shakespeare begibt.<\/p>\n<p>Die Jury besteht aus<strong> Cornelia Hansch<\/strong> vom <em>Cornelsen Verlag<\/em>, <strong>Christian Leonard<\/strong> von der <em>Shakespeare Company Berlin<\/em> und <strong>Oliver Drexhage<\/strong> von <em>CTS Reisen<\/em>. Ihre Hauptkriterien zur Auswahl der Gewinnervideos waren:<\/p>\n<ul>\n<li>Kreative Leitidee\/Originalit\u00e4t<\/li>\n<li>Stimmigkeit des Inhalts<\/li>\n<li>Sprachliches Niveau und Ausdrucksverm\u00f6gen<\/li>\n<li>Umsetzung<\/li>\n<li>Arbeitsaufwand<\/li>\n<\/ul>\n<p style=\"text-align: left;\">Unser Beitrag war ein f\u00fcnf-min\u00fctiger Kurzfilm mit dem Titel <strong>&#8222;Hamlet &#8211; the very true story of loving and dying&#8220;.<\/strong> <a href=\"https:\/\/theater-svlg.de\/wp-content\/uploads\/IMG_26109_special.jpg\"><img loading=\"lazy\" class=\"aligncenter wp-image-527 size-medium\" src=\"https:\/\/theater-svlg.de\/wp-content\/uploads\/IMG_26109_special-300x200.jpg\" width=\"300\" height=\"200\" srcset=\"https:\/\/theater-svlg.de\/wp-content\/uploads\/IMG_26109_special-300x200.jpg 300w, https:\/\/theater-svlg.de\/wp-content\/uploads\/IMG_26109_special-1024x683.jpg 1024w\" sizes=\"(max-width: 300px) 100vw, 300px\" \/><\/a>Dabei wird die urspr\u00fcngliche Handlung von Hamlet in die Moderne \u00fcbertragen und spielt nun innerhalb einer Gang, welche durchzogen ist von Hass, Liebe und Intrigen. Mitten drin ist Hamlet, gespielt von Janina H\u00e4gele, dessen Bruder ermordet wird und dessen M\u00f6rder er nun finden und seinen Bruder r\u00e4chen m\u00f6chte. Der Inhalt ist sehr kompakt zusammengerafft, doch in sich stimmig. Der ganze Film ist nat\u00fcrlich in englisch, wie in der Aufgabenstellung verlangt und mit einer Art Gedicht hinterlegt, welches die Geschehnisse noch einmal erl\u00e4utert.<\/p>\n<p><iframe width=\"474\" height=\"267\" src=\"https:\/\/www.youtube.com\/embed\/R1E95eoGqnI?feature=oembed\" frameborder=\"0\" allowfullscreen><\/iframe><\/p>\n<p style=\"text-align: left;\">Die Mitwirkenden waren:<\/p>\n<ul>\n<li style=\"text-align: left;\">Janina H\u00e4gele (Hamlet)<\/li>\n<li style=\"text-align: left;\">Tanja Hoffer (Horatio)<\/li>\n<li style=\"text-align: left;\">Amaury Krief (Claudius)<\/li>\n<li style=\"text-align: left;\">Theresa Glaser (Ophelia)<\/li>\n<li style=\"text-align: left;\">Gabriel Rufael (Laertes)<\/li>\n<li style=\"text-align: left;\">Melina Rieger (Polonius)<\/li>\n<li style=\"text-align: left;\">Bettina H\u00e4gele (Gertrude)<\/li>\n<li style=\"text-align: left;\">Jan Werner (Hamlet senior)<\/li>\n<li style=\"text-align: left;\">Natalie Brandt (Psychiaterin)<\/li>\n<li style=\"text-align: left;\">Julia H\u00e4gele (Regie, Offvoice, Schnittassistenz)<\/li>\n<li style=\"text-align: left;\">Lukas Werner (Kamera, Techniksupport)<\/li>\n<li style=\"text-align: left;\">Mario Simon (Schnitt, VFX)<\/li>\n<li style=\"text-align: left;\">Thomas H\u00f6ll (Praktikant)<\/li>\n<\/ul>\n<p>&nbsp;<\/p>\n","protected":false},"excerpt":{"rendered":"<p>Anl\u00e4sslich des 400. Todestags von William Shakespeare am 23. April gab es einen deutschlandweiten Filmwettbewerb mit der Aufgabe Shakespeare neu zu interpretieren. Unter dem Titel &#8222;ShakePics: Shakespeare ist, was ihr draus filmt&#8220; galt es ein Werk, in unserem Fall &#8222;Hamlet&#8220;, neu zu interpretieren und sich dabei m\u00f6glichst eines anderen Genres zu bedienen, sowie Kreativit\u00e4t zu &hellip; <a href=\"https:\/\/theater-svlg.de\/?page_id=523\" class=\"more-link\"><span class=\"screen-reader-text\">2016 &#8211; Hamlet ShakePics<\/span> weiterlesen <span class=\"meta-nav\">&rarr;<\/span><\/a><\/p>\n","protected":false},"author":1,"featured_media":0,"parent":63,"menu_order":-1,"comment_status":"closed","ping_status":"closed","template":"","meta":{"ngg_post_thumbnail":0},"_links":{"self":[{"href":"https:\/\/theater-svlg.de\/index.php?rest_route=\/wp\/v2\/pages\/523"}],"collection":[{"href":"https:\/\/theater-svlg.de\/index.php?rest_route=\/wp\/v2\/pages"}],"about":[{"href":"https:\/\/theater-svlg.de\/index.php?rest_route=\/wp\/v2\/types\/page"}],"author":[{"embeddable":true,"href":"https:\/\/theater-svlg.de\/index.php?rest_route=\/wp\/v2\/users\/1"}],"replies":[{"embeddable":true,"href":"https:\/\/theater-svlg.de\/index.php?rest_route=%2Fwp%2Fv2%2Fcomments&post=523"}],"version-history":[{"count":10,"href":"https:\/\/theater-svlg.de\/index.php?rest_route=\/wp\/v2\/pages\/523\/revisions"}],"predecessor-version":[{"id":2362,"href":"https:\/\/theater-svlg.de\/index.php?rest_route=\/wp\/v2\/pages\/523\/revisions\/2362"}],"up":[{"embeddable":true,"href":"https:\/\/theater-svlg.de\/index.php?rest_route=\/wp\/v2\/pages\/63"}],"wp:attachment":[{"href":"https:\/\/theater-svlg.de\/index.php?rest_route=%2Fwp%2Fv2%2Fmedia&parent=523"}],"curies":[{"name":"wp","href":"https:\/\/api.w.org\/{rel}","templated":true}]}}