{"id":555,"date":"2016-05-04T18:54:37","date_gmt":"2016-05-04T16:54:37","guid":{"rendered":"http:\/\/theater-svlg.de\/?page_id=555"},"modified":"2016-05-06T11:16:40","modified_gmt":"2016-05-06T09:16:40","slug":"201213-das-kaffeehaus","status":"publish","type":"page","link":"https:\/\/theater-svlg.de\/?page_id=555","title":{"rendered":"2012\/13 &#8211; Das Kaffeehaus"},"content":{"rendered":"<p style=\"padding-left: 30px;\"><em><span style=\"color: #808080;\">\u201eDie Kom\u00f6die ist erfunden worden, um Fehler zu verbessern und schlechte Sitten l\u00e4cherlich zu machen.\u2028&#8220;\u00a0<\/span><\/em><br \/>\n<strong>Carlo Goldoni<\/strong><\/p>\n<p>Sommerliches Leben auf einer Piazza mitten in Venedig! Hier prallen Alltag, Liebe, Betrug, Gesch\u00e4ft, Eifersucht &#8211; kurz: Verwicklungen aller Art aufeinander. Ordnender Patronin dieses Platzes ist Ridolfa, die gutherzige Kaffeehausbesitzerin, die sich mit allen vertr\u00e4gt, sogar mit ihrem schlitzohrigen Nachbarn und Fast-Ex<br \/>\n-Lover, dem Spielhausbesitzer Pandolfo und dessen Rausschmei\u00dfer Gonzo. Ihre Nerven werden jedoch stark strapaziert durch die \u00fcble Nachrede in Person, Donna Marzia. Sie sorgt f\u00fcr allerlei Missverst\u00e4ndnisse zwischen Liebespaaren oder solchen, die sich daf\u00fcr halten.<br \/>\nSo k\u00fcmmert sich der sympathische Allotri Eugenio vielleicht doch etwas zu wenig um seine junge Ehefrau Vittoria und der raffinierte Hochstapler Leandro scheint seine bessere H\u00e4lfte schon vergessen zu haben. Au\u00dferdem tauchen in diesem Zentrum s\u00fcdlichen Stra\u00dfenlebens allerlei Figuren auf, die uns speziell zur Urlaubs- und Reisezeit begegnen- frei nach dem Motto: Venedig ist \u00fcberall!<\/p>\n<p><a href=\"https:\/\/theater-svlg.de\/?attachment_id=556\" rel=\"attachment wp-att-556\"><img loading=\"lazy\" class=\"wp-image-556 aligncenter\" src=\"https:\/\/theater-svlg.de\/wp-content\/uploads\/Plakat_caffeehaus-212x300.png\" alt=\"Plakat Kaffeehaus\" width=\"252\" height=\"357\" \/><\/a>Carlo Goldoni hat dieses Lustspiel in der Tradition der <strong>commedia dell&#8217;arte um 1750<\/strong> geschrieben. In der Einheit des Ortes entspinnt er eine fulminante Charakter- und Intrigenkom\u00f6die, die sich m\u00fchelos in die heutige Zeit \u00fcbertragen l\u00e4sst, sofern man das will!<\/p>\n<p>Die Theater AG des Schenk-von-Limpurg Gymnasium hat diesen <strong>Kom\u00f6dienklassiker<\/strong> neu bearbeitet; neue Szenen entstanden durch Improvisationen der jungen Schauspieler\u2026<\/p>\n","protected":false},"excerpt":{"rendered":"<p>\u201eDie Kom\u00f6die ist erfunden worden, um Fehler zu verbessern und schlechte Sitten l\u00e4cherlich zu machen.\u2028&#8220;\u00a0 Carlo Goldoni Sommerliches Leben auf einer Piazza mitten in Venedig! Hier prallen Alltag, Liebe, Betrug, Gesch\u00e4ft, Eifersucht &#8211; kurz: Verwicklungen aller Art aufeinander. Ordnender Patronin dieses Platzes ist Ridolfa, die gutherzige Kaffeehausbesitzerin, die sich mit allen vertr\u00e4gt, sogar mit ihrem &hellip; <a href=\"https:\/\/theater-svlg.de\/?page_id=555\" class=\"more-link\"><span class=\"screen-reader-text\">2012\/13 &#8211; Das Kaffeehaus<\/span> weiterlesen <span class=\"meta-nav\">&rarr;<\/span><\/a><\/p>\n","protected":false},"author":1,"featured_media":563,"parent":28,"menu_order":3,"comment_status":"closed","ping_status":"closed","template":"","meta":{"ngg_post_thumbnail":0},"_links":{"self":[{"href":"https:\/\/theater-svlg.de\/index.php?rest_route=\/wp\/v2\/pages\/555"}],"collection":[{"href":"https:\/\/theater-svlg.de\/index.php?rest_route=\/wp\/v2\/pages"}],"about":[{"href":"https:\/\/theater-svlg.de\/index.php?rest_route=\/wp\/v2\/types\/page"}],"author":[{"embeddable":true,"href":"https:\/\/theater-svlg.de\/index.php?rest_route=\/wp\/v2\/users\/1"}],"replies":[{"embeddable":true,"href":"https:\/\/theater-svlg.de\/index.php?rest_route=%2Fwp%2Fv2%2Fcomments&post=555"}],"version-history":[{"count":7,"href":"https:\/\/theater-svlg.de\/index.php?rest_route=\/wp\/v2\/pages\/555\/revisions"}],"predecessor-version":[{"id":566,"href":"https:\/\/theater-svlg.de\/index.php?rest_route=\/wp\/v2\/pages\/555\/revisions\/566"}],"up":[{"embeddable":true,"href":"https:\/\/theater-svlg.de\/index.php?rest_route=\/wp\/v2\/pages\/28"}],"wp:featuredmedia":[{"embeddable":true,"href":"https:\/\/theater-svlg.de\/index.php?rest_route=\/wp\/v2\/media\/563"}],"wp:attachment":[{"href":"https:\/\/theater-svlg.de\/index.php?rest_route=%2Fwp%2Fv2%2Fmedia&parent=555"}],"curies":[{"name":"wp","href":"https:\/\/api.w.org\/{rel}","templated":true}]}}