{"id":567,"date":"2016-05-04T19:12:26","date_gmt":"2016-05-04T17:12:26","guid":{"rendered":"http:\/\/theater-svlg.de\/?page_id=567"},"modified":"2016-05-06T11:16:46","modified_gmt":"2016-05-06T09:16:46","slug":"201112-woyzeck","status":"publish","type":"page","link":"https:\/\/theater-svlg.de\/?page_id=567","title":{"rendered":"2011\/12 &#8211; Woyzeck"},"content":{"rendered":"<p>\u201eWas ist das, was in uns hurt, l\u00fcgt, stiehlt und mordet?\u201c Als Arzt und Psychologe gab B\u00fcchner sich nicht mit vordergr\u00fcndigen Motiven zufrieden, sondern suchte nach den Tiefgr\u00fcnden menschlichen Handelns.<\/p>\n<p>B\u00fcchner seziert die Seele seines Helden ohne diesen vorzuf\u00fchren. Der Einzelne scheint dabei nur begrenzt verantwortlich f\u00fcr sein Tun, soziale Not, gesellschaftliche Zw\u00e4nge bestimmen neben pers\u00f6nlichen Interessen das menschliche Handeln. \u201ePuppen sind wir, von unbekannten Gewalten am Draht gezogen; nicht, nichts wir selbst!\u201c<br \/>\n<a href=\"https:\/\/theater-svlg.de\/?attachment_id=568\" rel=\"attachment wp-att-568\"><img loading=\"lazy\" class=\"alignright wp-image-568\" src=\"https:\/\/theater-svlg.de\/wp-content\/uploads\/WoyzekTheaterPlakat-211x300.jpg\" alt=\"Woyzek Plakat\" width=\"193\" height=\"274\" srcset=\"https:\/\/theater-svlg.de\/wp-content\/uploads\/WoyzekTheaterPlakat-211x300.jpg 211w, https:\/\/theater-svlg.de\/wp-content\/uploads\/WoyzekTheaterPlakat-720x1024.jpg 720w, https:\/\/theater-svlg.de\/wp-content\/uploads\/WoyzekTheaterPlakat.jpg 1232w\" sizes=\"(max-width: 193px) 100vw, 193px\" \/><\/a>Der Soldat Woyzeck hat keine Moral, denn er hat ein Kind ohne den Segen der Kirche und als Soldat unterliegt er dem Heiratsverbot. Trotzdem verh\u00e4lt er sich gegen\u00fcber Mutter und Kind anst\u00e4ndig, denn er sorgt f\u00fcr die Beiden. Der Preis ist die v\u00f6llige Selbstaufgabe, denn er muss verschiedene Nebenjobs annehmen, um das n\u00f6tige Geld aufzubringen und die materielle Not des armen Soldaten wird von seiner Umwelt gnadenlos ausgenutzt: So wird er Opfer medizinischer Versuche, die letztendlich zu Wahnvorstellungen und\u00a0Impotenz f\u00fchren; sein Hauptmann dem\u00fctigt ihn, da er sich aufgrund seines Standes \u00fcberlegen f\u00fchlt. All dies kann Woyzeck ertragen, bis er seine Geliebte Marie an einen jungen, kr\u00e4ftigen und gesellschaftlich h\u00f6her gestellten Nebenbuhler verliert \u2013 jetzt ist ihm genommen, was Mittelpunkt seines Lebens war und ihm bleibt nur die Verzweiflung.<br \/>\nGeorg B\u00fcchner verarbeitet in seinem Drama den Fall des arbeitslosen Soldaten und Per\u00fcckenmachers J.C. Woyzeck. Der Fall Woyzeck wurde seinerzeit zum Medienereignis: Am 3. Juni 1821 ersticht er seine Geliebte, die 46-j\u00e4hrige Witwe Woost, weil sie mit einem anderen ausgegangen war. Nach der Tat l\u00e4sst er sich widerstandslos festnehmen. Der Verteidiger wirft die Frage auf, ob der T\u00e4ter \u00fcberhaupt recht bei Verstand sei und regt eine gerichts\u00e4rztliche Beobachtung von Woyzecks Geisteszustand an:<br \/>\nIn einem ber\u00fchmt gewordenen medizinischen Gutachten wird zwar festgestellt, dass Woyzeck &#8222;\u00f6fters von Stimmen heimgesucht worden sei, die ihm den Mord befohlen&#8220; haben. Trotzdem sei die Tat &#8222;ein Ergebnis von moralischer Verkommenheit und sexueller Z\u00fcgellosigkeit&#8220;. 1824 wird Woyzeck auf dem Leipziger Marktplatz vor einer gro\u00dfen Menschenmenge hingerichtet.<br \/>\nMit kriminalistischem Sp\u00fcrsinn deckt B\u00fcchner Gr\u00fcnde f\u00fcr die Wahnsinnstat auf und entlarvt die sogenannte gute Gesellschaft als Mitschuldige &#8211; Idealismus und Aufkl\u00e4rung werden als b\u00fcrgerliche Philosophien demaskiert, die der Alltagsrealit\u00e4t des einfachen Volkes enthoben sind und daher f\u00fcr die Armen auch keine g\u00fcltigen Verhaltensnormen bieten k\u00f6nnen.<\/p>\n","protected":false},"excerpt":{"rendered":"<p>\u201eWas ist das, was in uns hurt, l\u00fcgt, stiehlt und mordet?\u201c Als Arzt und Psychologe gab B\u00fcchner sich nicht mit vordergr\u00fcndigen Motiven zufrieden, sondern suchte nach den Tiefgr\u00fcnden menschlichen Handelns. B\u00fcchner seziert die Seele seines Helden ohne diesen vorzuf\u00fchren. Der Einzelne scheint dabei nur begrenzt verantwortlich f\u00fcr sein Tun, soziale Not, gesellschaftliche Zw\u00e4nge bestimmen neben &hellip; <a href=\"https:\/\/theater-svlg.de\/?page_id=567\" class=\"more-link\"><span class=\"screen-reader-text\">2011\/12 &#8211; Woyzeck<\/span> weiterlesen <span class=\"meta-nav\">&rarr;<\/span><\/a><\/p>\n","protected":false},"author":1,"featured_media":568,"parent":28,"menu_order":4,"comment_status":"closed","ping_status":"closed","template":"","meta":{"ngg_post_thumbnail":0},"_links":{"self":[{"href":"https:\/\/theater-svlg.de\/index.php?rest_route=\/wp\/v2\/pages\/567"}],"collection":[{"href":"https:\/\/theater-svlg.de\/index.php?rest_route=\/wp\/v2\/pages"}],"about":[{"href":"https:\/\/theater-svlg.de\/index.php?rest_route=\/wp\/v2\/types\/page"}],"author":[{"embeddable":true,"href":"https:\/\/theater-svlg.de\/index.php?rest_route=\/wp\/v2\/users\/1"}],"replies":[{"embeddable":true,"href":"https:\/\/theater-svlg.de\/index.php?rest_route=%2Fwp%2Fv2%2Fcomments&post=567"}],"version-history":[{"count":5,"href":"https:\/\/theater-svlg.de\/index.php?rest_route=\/wp\/v2\/pages\/567\/revisions"}],"predecessor-version":[{"id":575,"href":"https:\/\/theater-svlg.de\/index.php?rest_route=\/wp\/v2\/pages\/567\/revisions\/575"}],"up":[{"embeddable":true,"href":"https:\/\/theater-svlg.de\/index.php?rest_route=\/wp\/v2\/pages\/28"}],"wp:featuredmedia":[{"embeddable":true,"href":"https:\/\/theater-svlg.de\/index.php?rest_route=\/wp\/v2\/media\/568"}],"wp:attachment":[{"href":"https:\/\/theater-svlg.de\/index.php?rest_route=%2Fwp%2Fv2%2Fmedia&parent=567"}],"curies":[{"name":"wp","href":"https:\/\/api.w.org\/{rel}","templated":true}]}}