{"id":573,"date":"2016-05-04T19:48:11","date_gmt":"2016-05-04T17:48:11","guid":{"rendered":"http:\/\/theater-svlg.de\/?page_id=573"},"modified":"2016-08-12T18:26:18","modified_gmt":"2016-08-12T16:26:18","slug":"200910-der-bestrafte-brudermord-das-leben-des-prinzen-hamlet-von-daenemark","status":"publish","type":"page","link":"https:\/\/theater-svlg.de\/?page_id=573","title":{"rendered":"2009\/10 &#8211; Der bestrafte Brudermord &#8211; Das Leben des Prinzen Hamlet von D\u00e4nemark"},"content":{"rendered":"<p>W\u00e4re unser armer Theaterdirektor nicht auf dem Pferdemarkt versumpft und h\u00e4tte er nicht all sein Erspartes verzockt, ja dann, dann w\u00fcrde er sicherlich den Mephisto in Travem\u00fcnde geben. Aber so muss er doch in Gaildorf bleiben und Theater spielen, denn seine Frau macht ihm sonst ein selbes&#8230;<a href=\"https:\/\/theater-svlg.de\/wp-content\/uploads\/IMG_0861.jpg\"><img loading=\"lazy\" class=\"aligncenter wp-image-878\" src=\"https:\/\/theater-svlg.de\/wp-content\/uploads\/IMG_0861-229x300.jpg\" alt=\"IMG_0861\" width=\"350\" height=\"459\" srcset=\"https:\/\/theater-svlg.de\/wp-content\/uploads\/IMG_0861-229x300.jpg 229w, https:\/\/theater-svlg.de\/wp-content\/uploads\/IMG_0861-782x1024.jpg 782w\" sizes=\"(max-width: 350px) 100vw, 350px\" \/><\/a><\/p>\n<p>&nbsp;<\/p>\n<p>So nimmt den das Drama seinen Lauf &#8211; irgendeine Wanderb\u00fchne hat im ferne Engelland von dem ber\u00fchmten William S. ein Drama gesehen und dieses nach Hause in die Heimat gebracht. Und wir, die stadtber\u00fchmte Theaterb\u00fchne des SvLG, haben dieses zerhackst\u00fcckt, erg\u00e4nzt, modifiziert, umgeschrieben, neu geschrieben, evaluiert (gell, Frau Dr. Domr\u00f6se &#8211; Hinterberger!) und noch so manches mehr, nur damit wir unserem hochverehrten Publikum ein Spektakel bieten k\u00f6nnen.<br \/>\nNicht f\u00fcr schwache Nerven ist dieser Theater Abend:<br \/>\nTrunkenbolde werden zurecht gewiesen, Furien beschw\u00f6ren den Untergang des Hauses D\u00e4nemark; der Geist des ermordeten K\u00f6nig spukt zu Unzeiten und \u00e4ngstigt gestandene Mannsbilder und der junge Prinz Hamlet m\u00f6chte gerne, aber darf dann doch nicht. Der neue K\u00f6nig hat die begehrte Schw\u00e4gerin erobert, seinem Triumph steht nur noch Hamlet entgegen, aber Probleme sind ja dazu da, dass sie gel\u00f6st werden &#8230; Hilfe naht, zum Gl\u00fcck fachlich fundiert und mit Diplom. Dazwischen irrt der arme Landmann Jens durchs Schloss, sucht und findet, was er gar nicht gesucht hatte. Die Zuschauer erfahren endlich, was es mit der &#8222;Doppelmonarchie&#8220; auf sich hat. Und viele Tote sp\u00e4ter erscheint Fortinbras, der Norweger und wer zuletzt lacht, ist wenigsten noch am Leben.<\/p>\n<p>&nbsp;<\/p>\n","protected":false},"excerpt":{"rendered":"<p>W\u00e4re unser armer Theaterdirektor nicht auf dem Pferdemarkt versumpft und h\u00e4tte er nicht all sein Erspartes verzockt, ja dann, dann w\u00fcrde er sicherlich den Mephisto in Travem\u00fcnde geben. Aber so muss er doch in Gaildorf bleiben und Theater spielen, denn seine Frau macht ihm sonst ein selbes&#8230; &nbsp; So nimmt den das Drama seinen Lauf &hellip; <a href=\"https:\/\/theater-svlg.de\/?page_id=573\" class=\"more-link\"><span class=\"screen-reader-text\">2009\/10 &#8211; Der bestrafte Brudermord &#8211; Das Leben des Prinzen Hamlet von D\u00e4nemark<\/span> weiterlesen <span class=\"meta-nav\">&rarr;<\/span><\/a><\/p>\n","protected":false},"author":1,"featured_media":0,"parent":28,"menu_order":6,"comment_status":"closed","ping_status":"closed","template":"","meta":{"ngg_post_thumbnail":0},"_links":{"self":[{"href":"https:\/\/theater-svlg.de\/index.php?rest_route=\/wp\/v2\/pages\/573"}],"collection":[{"href":"https:\/\/theater-svlg.de\/index.php?rest_route=\/wp\/v2\/pages"}],"about":[{"href":"https:\/\/theater-svlg.de\/index.php?rest_route=\/wp\/v2\/types\/page"}],"author":[{"embeddable":true,"href":"https:\/\/theater-svlg.de\/index.php?rest_route=\/wp\/v2\/users\/1"}],"replies":[{"embeddable":true,"href":"https:\/\/theater-svlg.de\/index.php?rest_route=%2Fwp%2Fv2%2Fcomments&post=573"}],"version-history":[{"count":3,"href":"https:\/\/theater-svlg.de\/index.php?rest_route=\/wp\/v2\/pages\/573\/revisions"}],"predecessor-version":[{"id":879,"href":"https:\/\/theater-svlg.de\/index.php?rest_route=\/wp\/v2\/pages\/573\/revisions\/879"}],"up":[{"embeddable":true,"href":"https:\/\/theater-svlg.de\/index.php?rest_route=\/wp\/v2\/pages\/28"}],"wp:attachment":[{"href":"https:\/\/theater-svlg.de\/index.php?rest_route=%2Fwp%2Fv2%2Fmedia&parent=573"}],"curies":[{"name":"wp","href":"https:\/\/api.w.org\/{rel}","templated":true}]}}