{"id":616,"date":"2016-05-06T11:07:29","date_gmt":"2016-05-06T09:07:29","guid":{"rendered":"http:\/\/theater-svlg.de\/?page_id=616"},"modified":"2016-05-06T11:18:17","modified_gmt":"2016-05-06T09:18:17","slug":"presse","status":"publish","type":"page","link":"https:\/\/theater-svlg.de\/?page_id=616","title":{"rendered":"Presse"},"content":{"rendered":"<h1 class=\"color-red\">Die gro\u00dfe Kunst der Improvisation &#8211; Literatur- und Theaterkurs am Gaildorfer Gymnasium<\/h1>\n<p class=\"mb5 mt15\"><b>&#8222;Back to the roots&#8220;, zur\u00fcck zu den Wurzeln, so k\u00f6nnte man den Cafe- Soiree-Abend auf dem Kieselberg bezeichnen. Mit Auff\u00fchrungen wie die der Theater-AG des Gymnasiums hatte einst alles begonnen.<\/b><\/p>\n<figure id=\"attachment_617\" aria-describedby=\"caption-attachment-617\" style=\"width: 300px\" class=\"wp-caption aligncenter\"><img loading=\"lazy\" class=\"size-medium wp-image-617\" src=\"https:\/\/theater-svlg.de\/wp-content\/uploads\/WWW_1-300x251.jpg\" alt=\"Foto: Reinhold Haring \" width=\"300\" height=\"251\" srcset=\"https:\/\/theater-svlg.de\/wp-content\/uploads\/WWW_1-300x251.jpg 300w, https:\/\/theater-svlg.de\/wp-content\/uploads\/WWW_1.jpg 1000w\" sizes=\"(max-width: 300px) 100vw, 300px\" \/><figcaption id=\"caption-attachment-617\" class=\"wp-caption-text\">Foto: Reinhold Haring<\/figcaption><\/figure>\n<p>Vor zwei Jahren hatte die Theater-AG des Gaildorfer Schenk-von-Limpurg-Gymnasiums ihren ersten Auftritt auf den Brettern der Hofgutb\u00fchne. Damals gastierten die jungen K\u00fcnstlerinnen und K\u00fcnstler mit dem Programm &#8222;Z&#8217;ammagscherts&#8220; auf dem Hofgut und pr\u00e4sentierten eine bunte Mischung aus Klassikern des Kabaretts und eigenen kritischen Reflexionen zum Zeitgeschehen.<\/p>\n<p><strong>Ein Workshop fast schon im Schnell durchlauf<\/strong><\/p>\n<p>&nbsp;<\/p>\n<p>Bei ihrem erneuten Gastspiel zeigten sie nun einen Einblick in die Welt des Theaterspiels, man m\u00f6chte es fast als Workshop im Schnelldurchlauf bezeichnen, um dabei noch in allen dargebotenen Facetten zu gl\u00e4nzen.<\/p>\n<figure id=\"attachment_618\" aria-describedby=\"caption-attachment-618\" style=\"width: 317px\" class=\"wp-caption aligncenter\"><a href=\"https:\/\/theater-svlg.de\/?attachment_id=618\"><img loading=\"lazy\" class=\"wp-image-618\" src=\"https:\/\/theater-svlg.de\/wp-content\/uploads\/WWW_2-285x300.jpg\" alt=\"Foto: Reinhold Haring \" width=\"317\" height=\"334\" srcset=\"https:\/\/theater-svlg.de\/wp-content\/uploads\/WWW_2-285x300.jpg 285w, https:\/\/theater-svlg.de\/wp-content\/uploads\/WWW_2.jpg 373w\" sizes=\"(max-width: 317px) 100vw, 317px\" \/><\/a><figcaption id=\"caption-attachment-618\" class=\"wp-caption-text\">Foto: Reinhold Haring<\/figcaption><\/figure>\n<p>In Thomas H\u00f6ll haben die Darsteller einen guten Lehrmeister gefunden, der nicht nur das Handwerkszeug f\u00fcr das Theaterspielen vermittelt. Nat\u00fcrlich geh\u00f6rt auch der Spa\u00df dazu. H\u00f6ll wirkt auch selbst mit, wenn &#8222;Not am Mann ist&#8220;. So hat die Gruppe neugierig und experimentierfreudig mit allem jongliert, was die gro\u00dfe Kunst zu bieten hat. Es gab Erz\u00e4hltheater wie das St\u00fcck &#8222;Sie klagten und sie weinten&#8220; oder besser beschrieben als &#8222;Die Geschichte von Mustafa&#8220;, der nie zufrieden war. Die Aufgabe dabei: jeder nimmt jede Rolle an, die Kopfbedeckung zeigt hier, wer gerade welche Rolle spielt. Thomas H\u00f6ll spielte in diesem St\u00fcck den Erz\u00e4hler und bot eine perfekte Performance in der Kategorie Improvisationsspiel. Nat\u00fcrlich durfte die Pantomime (&#8222;Nachts im Supermarkt&#8220;) genauso wenig fehlen wie die freie Improvisation oder die Zusammenfassung der ureigenen, pers\u00f6nlichen Gedanken und Anliegen. Die Darbietung des Gedichtes &#8222;Romanze&#8220; zeigte, dass man durchaus Lyrik mit Theaterspiel verbinden kann. Gezeigt wurde auch ein Projekt, das \u00fcber die B\u00fchne hinausgeht. Der Kurs nahm am Projekt &#8222;99 Stunden&#8220; teil. Hier galt es einen Film zu drehen, der 99 Sekunden dauert. Dies f\u00fchrte die Gruppe, wenn auch nur kurz, in die den meisten noch unbekannte Welt des Films, die zwar dem Theater \u00e4hnelt, aber wie sich herausstellte, doch ganz anders ist. Und das Tolle an diesem Abend war: die ganzen Sequenzen, einschlie\u00dflich der Filmvorf\u00fchrung, haben sich nahtlos zu einem Gesamtwerk zusammengef\u00fcgt, das sich sehen und h\u00f6ren lassen konnte. Vor allem auch deshalb, weil die Schauspielerinnen und Schauspieler aktuelle Bez\u00fcge und Themen nicht gescheut haben, auch wenn es sicherlich nicht immer leichtgefallen ist, dies vor Publikum zu spielen. Diesem hat es augenscheinlich gefallen, es gab reichhaltig Beifall. Dazu\u00a0wurde die Vorfreude auf die Theaterauff\u00fchrung im Herbst geweckt. Schlie\u00dflich verf\u00fcgt die Theatertruppe \u00fcber gro\u00dfes Talent und Inspiration.<\/p>\n<p><strong>Mit viel Engagement ein Gesamtwerk geschaffen <\/strong><\/p>\n<p>Mit dabei waren Johanna Kre\u00df, Bettina H\u00e4gele, Janina H\u00e4gele, Julia H\u00e4gele, Berfin Cevirme, Robin Fritz, Leonie Zott, Aline Munz, Patrik Schumacher, Lisa Ritter, Marie Wurst und Alina Krebs. Regie f\u00fchrte Thomas H\u00f6ll.<\/p>\n<p>Mit freundlicher Genehmigung der <a href=\"http:\/\/www.swp.de\/gaildorf\/\">Rundschau\u00a0<\/a><\/p>\n","protected":false},"excerpt":{"rendered":"<p>Die gro\u00dfe Kunst der Improvisation &#8211; Literatur- und Theaterkurs am Gaildorfer Gymnasium &#8222;Back to the roots&#8220;, zur\u00fcck zu den Wurzeln, so k\u00f6nnte man den Cafe- Soiree-Abend auf dem Kieselberg bezeichnen. Mit Auff\u00fchrungen wie die der Theater-AG des Gymnasiums hatte einst alles begonnen. Vor zwei Jahren hatte die Theater-AG des Gaildorfer Schenk-von-Limpurg-Gymnasiums ihren ersten Auftritt auf &hellip; <a href=\"https:\/\/theater-svlg.de\/?page_id=616\" class=\"more-link\"><span class=\"screen-reader-text\">Presse<\/span> weiterlesen <span class=\"meta-nav\">&rarr;<\/span><\/a><\/p>\n","protected":false},"author":1,"featured_media":617,"parent":65,"menu_order":0,"comment_status":"closed","ping_status":"closed","template":"","meta":{"ngg_post_thumbnail":0},"_links":{"self":[{"href":"https:\/\/theater-svlg.de\/index.php?rest_route=\/wp\/v2\/pages\/616"}],"collection":[{"href":"https:\/\/theater-svlg.de\/index.php?rest_route=\/wp\/v2\/pages"}],"about":[{"href":"https:\/\/theater-svlg.de\/index.php?rest_route=\/wp\/v2\/types\/page"}],"author":[{"embeddable":true,"href":"https:\/\/theater-svlg.de\/index.php?rest_route=\/wp\/v2\/users\/1"}],"replies":[{"embeddable":true,"href":"https:\/\/theater-svlg.de\/index.php?rest_route=%2Fwp%2Fv2%2Fcomments&post=616"}],"version-history":[{"count":5,"href":"https:\/\/theater-svlg.de\/index.php?rest_route=\/wp\/v2\/pages\/616\/revisions"}],"predecessor-version":[{"id":623,"href":"https:\/\/theater-svlg.de\/index.php?rest_route=\/wp\/v2\/pages\/616\/revisions\/623"}],"up":[{"embeddable":true,"href":"https:\/\/theater-svlg.de\/index.php?rest_route=\/wp\/v2\/pages\/65"}],"wp:featuredmedia":[{"embeddable":true,"href":"https:\/\/theater-svlg.de\/index.php?rest_route=\/wp\/v2\/media\/617"}],"wp:attachment":[{"href":"https:\/\/theater-svlg.de\/index.php?rest_route=%2Fwp%2Fv2%2Fmedia&parent=616"}],"curies":[{"name":"wp","href":"https:\/\/api.w.org\/{rel}","templated":true}]}}