{"id":65,"date":"2016-03-20T17:55:30","date_gmt":"2016-03-20T16:55:30","guid":{"rendered":"http:\/\/theater-svlg.de\/?page_id=65"},"modified":"2016-05-02T11:56:34","modified_gmt":"2016-05-02T09:56:34","slug":"2015-worldwidewelcome","status":"publish","type":"page","link":"https:\/\/theater-svlg.de\/?page_id=65","title":{"rendered":"2015 &#8211; WWW: WorldWideWelcome"},"content":{"rendered":"<p>Ank\u00fcndigung zu WorldWideWelcome:<\/p>\n<p>Einmal in der Woche trifft sich unser Literatur und Theaterkurs f\u00fcr zwei Stunden, um ein wenig in die Welt der vielen M\u00f6glichkeiten einzutauchen und verschiedene Facetten des Theaters, der Darstellung und der Schauspielkunst kennenzulernen. Ob Erz\u00e4hltheater, die schauspielerische Darstellung eines Gedichtes oder v\u00f6llig freie Improvisation, jeder hat die M\u00f6glichkeit seine ganz eigene Show zu spielen, aber auch sich auf andere einzulassen und am Ende ein Gesamtwerk zu erleben in dem jeder seine Ideen wiederfindet. Manchmal geh\u00f6rt \u00dcberwindung und ein wenig Mut dazu etwas Unbekanntes auszuprobieren und Neues zu wagen, doch es war immer mit viel Spa\u00df verbunden und wir haben viel gelacht.<\/p>\n<p>Ein Projekt an welchem unser Kurs im Verlaufe des Jahres teilnahm, war ein 99 Sekunden Film, dessen gesamte Produktionszeit &#8211; was Skript schreiben, Verfilmung bis Schnitt beinhaltet &#8211; nicht \u00fcber 99 Stunden hinaus gehen durfte. Dies f\u00fchrte uns, wenn auch nur kurz, in die f\u00fcr die meisten noch unbekannte Welt des Films, die dem Theater \u00e4hnelt und doch, wie sich herausstellte, ganz anders ist.<\/p>\n<p>Heute Abend wollen wir Sie mitnehmen auf eine Reise durch unser Jahr, von einer U- Bahn, in der alle m\u00f6glichen Gestalten anzutreffen sind, zu der \u201eSachlichen Romanze\u201c von K\u00e4stner, Tanz und Musik, bis zum Improvisationstheater in dem alles Erdenkliche passieren kann, ist alles dabei.<\/p>\n<figure id=\"attachment_67\" aria-describedby=\"caption-attachment-67\" style=\"width: 960px\" class=\"wp-caption aligncenter\"><a href=\"https:\/\/theater-svlg.de\/wp-content\/uploads\/WorldWideWelcome-Gruppenbild.jpg\" rel=\"attachment wp-att-67\"><img loading=\"lazy\" class=\"wp-image-67 size-full\" src=\"https:\/\/theater-svlg.de\/wp-content\/uploads\/WorldWideWelcome-Gruppenbild.jpg\" alt=\"Mitwirkende von &quot;WorldWideWelcome&quot;\" width=\"960\" height=\"720\" srcset=\"https:\/\/theater-svlg.de\/wp-content\/uploads\/WorldWideWelcome-Gruppenbild.jpg 960w, https:\/\/theater-svlg.de\/wp-content\/uploads\/WorldWideWelcome-Gruppenbild-300x225.jpg 300w\" sizes=\"(max-width: 960px) 100vw, 960px\" \/><\/a><figcaption id=\"caption-attachment-67\" class=\"wp-caption-text\">Mitwirkende von &#8222;WorldWideWelcome&#8220;<\/figcaption><\/figure>\n","protected":false},"excerpt":{"rendered":"<p>Ank\u00fcndigung zu WorldWideWelcome: Einmal in der Woche trifft sich unser Literatur und Theaterkurs f\u00fcr zwei Stunden, um ein wenig in die Welt der vielen M\u00f6glichkeiten einzutauchen und verschiedene Facetten des Theaters, der Darstellung und der Schauspielkunst kennenzulernen. Ob Erz\u00e4hltheater, die schauspielerische Darstellung eines Gedichtes oder v\u00f6llig freie Improvisation, jeder hat die M\u00f6glichkeit seine ganz eigene &hellip; <a href=\"https:\/\/theater-svlg.de\/?page_id=65\" class=\"more-link\"><span class=\"screen-reader-text\">2015 &#8211; WWW: WorldWideWelcome<\/span> weiterlesen <span class=\"meta-nav\">&rarr;<\/span><\/a><\/p>\n","protected":false},"author":1,"featured_media":0,"parent":63,"menu_order":0,"comment_status":"closed","ping_status":"closed","template":"","meta":{"ngg_post_thumbnail":0},"_links":{"self":[{"href":"https:\/\/theater-svlg.de\/index.php?rest_route=\/wp\/v2\/pages\/65"}],"collection":[{"href":"https:\/\/theater-svlg.de\/index.php?rest_route=\/wp\/v2\/pages"}],"about":[{"href":"https:\/\/theater-svlg.de\/index.php?rest_route=\/wp\/v2\/types\/page"}],"author":[{"embeddable":true,"href":"https:\/\/theater-svlg.de\/index.php?rest_route=\/wp\/v2\/users\/1"}],"replies":[{"embeddable":true,"href":"https:\/\/theater-svlg.de\/index.php?rest_route=%2Fwp%2Fv2%2Fcomments&post=65"}],"version-history":[{"count":6,"href":"https:\/\/theater-svlg.de\/index.php?rest_route=\/wp\/v2\/pages\/65\/revisions"}],"predecessor-version":[{"id":514,"href":"https:\/\/theater-svlg.de\/index.php?rest_route=\/wp\/v2\/pages\/65\/revisions\/514"}],"up":[{"embeddable":true,"href":"https:\/\/theater-svlg.de\/index.php?rest_route=\/wp\/v2\/pages\/63"}],"wp:attachment":[{"href":"https:\/\/theater-svlg.de\/index.php?rest_route=%2Fwp%2Fv2%2Fmedia&parent=65"}],"curies":[{"name":"wp","href":"https:\/\/api.w.org\/{rel}","templated":true}]}}