{"id":687,"date":"2016-05-17T15:41:20","date_gmt":"2016-05-17T13:41:20","guid":{"rendered":"http:\/\/theater-svlg.de\/?page_id=687"},"modified":"2016-08-21T22:36:21","modified_gmt":"2016-08-21T20:36:21","slug":"besetzung","status":"publish","type":"page","link":"https:\/\/theater-svlg.de\/?page_id=687","title":{"rendered":"Besetzung"},"content":{"rendered":"<p><strong>Volk<\/strong><br \/>\nNico Pratz<br \/>\nFelix Ebner<br \/>\nTeresa M\u00f6ller<br \/>\nHannes Feucht<br \/>\nAline Rampp<\/p>\n<p><strong>Politclowns<\/strong><br \/>\nLisa Ritter<br \/>\nBer\ufb01n Cevirme<\/p>\n<p><strong>Banker<\/strong><br \/>\nJulia H\u00e4gele<br \/>\nJanina H\u00e4gele<\/p>\n<p><strong>Jonathan Peachum<\/strong><br \/>\nJulia Dargel<\/p>\n<p><strong>Jeremias Peachum<\/strong><br \/>\nJuliane Weller<\/p>\n<p><strong>Ned Raff &amp; Diana Trapy\u2028 Hippie P\u00e4rchen<\/strong><br \/>\nHannes Feucht<br \/>\nAline Spantig<\/p>\n<p><strong>Peachums Kon\ufb02iktl\u00f6ser<\/strong><br \/>\nJulia H\u00e4gele<br \/>\nJanina H\u00e4gele<br \/>\nChristine Sonner<br \/>\nJohanna Sonner<br \/>\nLisa Tiessen<\/p>\n<p><strong>Mrs. Peachum<\/strong><br \/>\nDarlene Postic<\/p>\n<p><strong>Matt; Ben; Jimmy; Jockl: Angestellte (mit besonderem Aufgabengebiet) von Mackie Messer<\/strong><br \/>\nFelix Ebner<br \/>\nBer\ufb01n Cevirne<br \/>\nMelina Rieger<br \/>\nSalome Wecks<\/p>\n<p><strong>Captain Maceath\u2028 genannt Mackie Messer<\/strong><br \/>\nJohannes Alber<\/p>\n<p><strong>Polly Peachum, k\u00fcnftige Frau Maceath<\/strong><br \/>\nAlica Schneider<\/p>\n<p><strong>Robin Lockit, Polizeipr\u00e4sident genannt \u201edie Ratte\u201c<\/strong><br \/>\nDirk Noller<\/p>\n<p><strong>Assistent von Mr. Lockit<\/strong><br \/>\nAmaury Krief<\/p>\n<p><strong>Reverend Paddington<\/strong><br \/>\nTeresa M\u00f6ller<\/p>\n<p><strong>Jenny &amp; Peggy\u2028 Gesch\u00e4ftsf\u00fchrerinnen von Mackies Bordellbetrieb<\/strong><br \/>\nLisa Ritter<br \/>\nAline Rampp<\/p>\n<p><strong>Polizisten Gef\u00e4ngnisw\u00e4rter<\/strong><br \/>\nMikka Schulz<br \/>\nJonas Gorke<br \/>\nDaniel Baumgarten<br \/>\nAmaury Krief<\/p>\n<p><strong>Tanz der Huren<\/strong><br \/>\nJulia Dargel<br \/>\nJanina H\u00e4gele<br \/>\nJulia H\u00e4gele<br \/>\nTeresa M\u00f6ller<br \/>\nDarlene Postic<br \/>\nMelina Rieger<br \/>\nChristine Sonner<br \/>\nJohanna Sonner<br \/>\nAline Spantig<br \/>\nJuliane Weller<\/p>\n<p><strong>Lucy Lockit\u2028 Tochter von Robin Lockit<\/strong><br \/>\nTabea Gorke<\/p>\n<p><strong>Bote der K\u00f6nigin<\/strong><br \/>\nNico Pratz<\/p>\n<p><strong>Musik<\/strong><br \/>\nFlorian Brandt: Schlagwerk<br \/>\nFlorian Michaelis: Guitare<br \/>\nMichaela Brandt: Klarinette und Saxophon<br \/>\nVincent Eissing-Boyny: Fl\u00fcgel<\/p>\n<p><strong>Gesang<\/strong><br \/>\nJulia H\u00e4gele<br \/>\nJanina H\u00e4gele<br \/>\nChristine Sonner<br \/>\nJohanna Sonner<br \/>\nLisa-Marie Haid<br \/>\nLisa Marie Stahl<br \/>\nJuliane Weller<br \/>\nMarijke Altenm\u00fcller<br \/>\nDaniel Baumgartner<br \/>\nFelix Ebner<\/p>\n<p><strong>Musikalische Leitung<\/strong><br \/>\nVincent Eissing &#8211; Boyny<\/p>\n<p><strong>Choreographie (Tanz der Huren)<\/strong><br \/>\nJanina &amp; Julia H\u00e4gele<\/p>\n<p><strong>Maske<\/strong><br \/>\nNina Rose<br \/>\nSylvia Linke<br \/>\nMyriam Kossak<br \/>\nLaura Bader<br \/>\nSusi Erhard<\/p>\n<p><strong>Technik<\/strong><br \/>\nJutta B\u00f6lz<br \/>\nDaniel Hagel<br \/>\nDominic Rieger<br \/>\nMarius Klezander<br \/>\nGabriel Rufael<\/p>\n<p><strong>Filmdokumentation<\/strong><br \/>\nMario Simon<br \/>\nLukas Werner<\/p>\n<p><strong>Regie<\/strong><br \/>\nThomas H\u00f6ll<\/p>\n<p>&nbsp;<\/p>\n","protected":false},"excerpt":{"rendered":"<p>Volk Nico Pratz Felix Ebner Teresa M\u00f6ller Hannes Feucht Aline Rampp Politclowns Lisa Ritter Ber\ufb01n Cevirme Banker Julia H\u00e4gele Janina H\u00e4gele Jonathan Peachum Julia Dargel Jeremias Peachum Juliane Weller Ned Raff &amp; Diana Trapy\u2028 Hippie P\u00e4rchen Hannes Feucht Aline Spantig Peachums Kon\ufb02iktl\u00f6ser Julia H\u00e4gele Janina H\u00e4gele Christine Sonner Johanna Sonner Lisa Tiessen Mrs. Peachum Darlene &hellip; <a href=\"https:\/\/theater-svlg.de\/?page_id=687\" class=\"more-link\"><span class=\"screen-reader-text\">Besetzung<\/span> weiterlesen <span class=\"meta-nav\">&rarr;<\/span><\/a><\/p>\n","protected":false},"author":3,"featured_media":0,"parent":33,"menu_order":1,"comment_status":"closed","ping_status":"closed","template":"","meta":{"ngg_post_thumbnail":0},"_links":{"self":[{"href":"https:\/\/theater-svlg.de\/index.php?rest_route=\/wp\/v2\/pages\/687"}],"collection":[{"href":"https:\/\/theater-svlg.de\/index.php?rest_route=\/wp\/v2\/pages"}],"about":[{"href":"https:\/\/theater-svlg.de\/index.php?rest_route=\/wp\/v2\/types\/page"}],"author":[{"embeddable":true,"href":"https:\/\/theater-svlg.de\/index.php?rest_route=\/wp\/v2\/users\/3"}],"replies":[{"embeddable":true,"href":"https:\/\/theater-svlg.de\/index.php?rest_route=%2Fwp%2Fv2%2Fcomments&post=687"}],"version-history":[{"count":1,"href":"https:\/\/theater-svlg.de\/index.php?rest_route=\/wp\/v2\/pages\/687\/revisions"}],"predecessor-version":[{"id":688,"href":"https:\/\/theater-svlg.de\/index.php?rest_route=\/wp\/v2\/pages\/687\/revisions\/688"}],"up":[{"embeddable":true,"href":"https:\/\/theater-svlg.de\/index.php?rest_route=\/wp\/v2\/pages\/33"}],"wp:attachment":[{"href":"https:\/\/theater-svlg.de\/index.php?rest_route=%2Fwp%2Fv2%2Fmedia&parent=687"}],"curies":[{"name":"wp","href":"https:\/\/api.w.org\/{rel}","templated":true}]}}