{"id":701,"date":"2016-05-21T13:21:52","date_gmt":"2016-05-21T11:21:52","guid":{"rendered":"http:\/\/theater-svlg.de\/?page_id=701"},"modified":"2016-06-11T15:25:15","modified_gmt":"2016-06-11T13:25:15","slug":"201415-ein-abend-mit-loriot","status":"publish","type":"page","link":"https:\/\/theater-svlg.de\/?page_id=701","title":{"rendered":"2014\/15 &#8211; Ein Abend mit Loriot"},"content":{"rendered":"<p><strong>9 dramatische Werke des gro\u00dfen deutschen Humoristen<\/strong><\/p>\n<figure id=\"attachment_702\" aria-describedby=\"caption-attachment-702\" style=\"width: 271px\" class=\"wp-caption aligncenter\"><a href=\"https:\/\/theater-svlg.de\/?attachment_id=702\" rel=\"attachment wp-att-702\"><img loading=\"lazy\" class=\" wp-image-702\" src=\"https:\/\/theater-svlg.de\/wp-content\/uploads\/plakat-loriot-212x300.jpg\" alt=\"Das Plakat zum Mittelstufen-Theaterst\u00fcck\" width=\"271\" height=\"384\" srcset=\"https:\/\/theater-svlg.de\/wp-content\/uploads\/plakat-loriot-212x300.jpg 212w, https:\/\/theater-svlg.de\/wp-content\/uploads\/plakat-loriot.jpg 480w\" sizes=\"(max-width: 271px) 100vw, 271px\" \/><\/a><figcaption id=\"caption-attachment-702\" class=\"wp-caption-text\">Das Plakat zum Mittelstufen-Theaterst\u00fcck<\/figcaption><\/figure>\n<p>Schmunzeln Sie \u00fcber die Klassiker aus dem umfangreichen Repertoire Loriots am Dienstag, den 3. und Donnerstag den 5. M\u00e4rz 2015 um jeweils 19.00 Uhr im Atrium des SvLG&#8230; \u00a0&#8230; \u201eInfolge mannigfaltiger Belastungen durch Beruf, Familie und Freizeit ist der moderne Mensch [\u2026] kaum noch imstande, sich auf ein mehrst\u00fcndiges B\u00fchnenwerk zu konzentrieren. Aus diesem Grunde \u00fcberschreitet so gut wie keines meiner Dramen eine L\u00e4nge von f\u00fcnf Minuten. Damit sind sie dem biologischen Rhythmus von Menschen und wei\u00dfen M\u00e4usen angepa\u00dft.\u201c Loriot aus dem Vorwort zu Loriots dramatische Werke (1981) Schon weit mehr als 30 Jahre alt sind die meisten Sketsche von Bernhard-Viktor Christoph-Carl von B\u00fclow, besser bekannt als Loriot, und dennoch haben St\u00fccke wie \u201eDie Nudel\u201c oder \u201eDer Kosakenzipfel\u201c nichts von ihrem Charme verloren und gl\u00e4nzen mit Spitzen gegen den spie\u00dfigen Mittelstand. Die Auff\u00fchrungen der Mittelstufen Theater-AG tragen in diesem Jahr den Titel \u201eEin Abend mit Loriot\u201c und umfassen neuen der beliebtesten St\u00fccke des gro\u00dfen deutschen Humoristen. Ob Berta und ihr pedantischer Ehemann, die sich in \u201eDas Ei\u201c am Fr\u00fchst\u00fcckstisch streiten oder Familie Hoppenstett, die Einblicke in ihren Alltag in \u201eDer Vertreterbesuch\u201c bieten, f\u00fcr Unterhaltung sind am Dienstag, den 3. M\u00e4rz und Donnerstag, den 5. M\u00e4rz 2015 um jeweils 19 Uhr gesorgt. Unterst\u00fctzt wird die Mittelstufen Theater-AG in diesem Jahr von der Circus AG, die in den Umbaupausen ihr artistisches und akrobatisches Programm auf die B\u00fchne bringen wird.<\/p>\n<p>von Nina Rose<\/p>\n<p>Mit freundlicher Genehmigung der Gaildorfer <a href=\"http:\/\/www.swp.de\/gaildorf\">Rundschau<\/a><\/p>\n","protected":false},"excerpt":{"rendered":"<p>9 dramatische Werke des gro\u00dfen deutschen Humoristen Schmunzeln Sie \u00fcber die Klassiker aus dem umfangreichen Repertoire Loriots am Dienstag, den 3. und Donnerstag den 5. M\u00e4rz 2015 um jeweils 19.00 Uhr im Atrium des SvLG&#8230; \u00a0&#8230; \u201eInfolge mannigfaltiger Belastungen durch Beruf, Familie und Freizeit ist der moderne Mensch [\u2026] kaum noch imstande, sich auf ein &hellip; <a href=\"https:\/\/theater-svlg.de\/?page_id=701\" class=\"more-link\"><span class=\"screen-reader-text\">2014\/15 &#8211; Ein Abend mit Loriot<\/span> weiterlesen <span class=\"meta-nav\">&rarr;<\/span><\/a><\/p>\n","protected":false},"author":3,"featured_media":709,"parent":26,"menu_order":2,"comment_status":"closed","ping_status":"closed","template":"","meta":{"ngg_post_thumbnail":0},"_links":{"self":[{"href":"https:\/\/theater-svlg.de\/index.php?rest_route=\/wp\/v2\/pages\/701"}],"collection":[{"href":"https:\/\/theater-svlg.de\/index.php?rest_route=\/wp\/v2\/pages"}],"about":[{"href":"https:\/\/theater-svlg.de\/index.php?rest_route=\/wp\/v2\/types\/page"}],"author":[{"embeddable":true,"href":"https:\/\/theater-svlg.de\/index.php?rest_route=\/wp\/v2\/users\/3"}],"replies":[{"embeddable":true,"href":"https:\/\/theater-svlg.de\/index.php?rest_route=%2Fwp%2Fv2%2Fcomments&post=701"}],"version-history":[{"count":5,"href":"https:\/\/theater-svlg.de\/index.php?rest_route=\/wp\/v2\/pages\/701\/revisions"}],"predecessor-version":[{"id":708,"href":"https:\/\/theater-svlg.de\/index.php?rest_route=\/wp\/v2\/pages\/701\/revisions\/708"}],"up":[{"embeddable":true,"href":"https:\/\/theater-svlg.de\/index.php?rest_route=\/wp\/v2\/pages\/26"}],"wp:featuredmedia":[{"embeddable":true,"href":"https:\/\/theater-svlg.de\/index.php?rest_route=\/wp\/v2\/media\/709"}],"wp:attachment":[{"href":"https:\/\/theater-svlg.de\/index.php?rest_route=%2Fwp%2Fv2%2Fmedia&parent=701"}],"curies":[{"name":"wp","href":"https:\/\/api.w.org\/{rel}","templated":true}]}}