{"id":710,"date":"2016-05-21T13:27:03","date_gmt":"2016-05-21T11:27:03","guid":{"rendered":"http:\/\/theater-svlg.de\/?page_id=710"},"modified":"2016-05-21T13:29:14","modified_gmt":"2016-05-21T11:29:14","slug":"presse","status":"publish","type":"page","link":"https:\/\/theater-svlg.de\/?page_id=710","title":{"rendered":"Presse"},"content":{"rendered":"<h2><strong>Loriot mal einen Tick anders<\/strong><\/h2>\n<h5>Die Theater-AG des Schenk-von-Limpurg-Gymnasiums bespa\u00dfte seine Zuschauer mit Klassikern des kultigen Humoristen Loriot. Obwohl es allbekannte St\u00fccke sind, \u00fcberraschten die Schauspieler&#8230;<br \/>\n&#8222;Der sprechende Hund&#8220; ist einer der legend\u00e4ren Sketche von Bernhard-Viktor Christoph Carl von B\u00fclow, besser bekannt als Loriot.<\/h5>\n<figure id=\"attachment_711\" aria-describedby=\"caption-attachment-711\" style=\"width: 507px\" class=\"wp-caption aligncenter\"><a href=\"https:\/\/theater-svlg.de\/?attachment_id=711\" rel=\"attachment wp-att-711\"><img loading=\"lazy\" class=\"wp-image-711 \" src=\"https:\/\/theater-svlg.de\/wp-content\/uploads\/Loriot-300x225.jpg\" alt=\"Loriot\" width=\"507\" height=\"380\" srcset=\"https:\/\/theater-svlg.de\/wp-content\/uploads\/Loriot-300x225.jpg 300w, https:\/\/theater-svlg.de\/wp-content\/uploads\/Loriot.jpg 640w\" sizes=\"(max-width: 507px) 100vw, 507px\" \/><\/a><figcaption id=\"caption-attachment-711\" class=\"wp-caption-text\">Der Sketch &#8222;Vertreterbesuch<\/figcaption><\/figure>\n<p>Doch bevor die Scheinwerfer die B\u00fchne erhellen, h\u00e4tte keiner der Zuschauer gedacht, dass tats\u00e4chlich ein lebendiger Hund auf der B\u00fchne im Atrium des Schenk-von-Limpurg-Gymnasiums sitzen w\u00fcrde. Doch da sa\u00df er und augenscheinlich sprach er auch korrekte S\u00e4tze, wobei hier wohl etwas hinter den Kulissen getrickst wurde. Leona Diemer stellte nicht nur den Hund &#8222;Eddy&#8220; der Familie f\u00fcr die Auff\u00fchrung zur Verf\u00fcgung, sondern sorgte zusammen mit Nina Wied auch f\u00fcr die gr\u00f6\u00dften Lacher im Publikum. Bei dem Sketch &#8222;Herren im Bad&#8220;, spielten die beiden Achtkl\u00e4sslerinnen zwei \u00e4ltere Herren, die sich in die gleiche Badewanne verirrt hatten. Zu Beginn nur mit einem Handtuch bekleidet musste sich Nina Wied als Herr M\u00fcller-L\u00fcdenscheidt so sehr \u00fcber den unerw\u00fcnschten Gast in der Badewanne emp\u00f6ren, dass sie sich erhob. Nun nicht mehr von Badewanne und Handtuch verdeckt entbl\u00f6\u00dfte sie dabei einen dekorativen Penis aus Wolle. Das Publikum konnte nur noch lauthals lachen und prusten, w\u00e4hrend die Herren aus der Wanne selbstbewusst zeigten, was sie haben. Dann gingen wieder die Scheinwerfer aus. In den Umbaupausen unterhielt die Zirkus-AG das Publikum mit akrobatischen Darstellungen. Doch nicht nur das typische Diabolo wurde dabei von Tristan Jung aus der Klasse 5b meterweit in die H\u00f6he geworfen. Die kleinen Akrobaten hatten auch Neuartiges im Repertoire. Sorgf\u00e4ltig einstudiert f\u00fchrten sie einen mehr oder weniger synchronen Tanz in Bettlaken\u00e4hnlichen Gew\u00e4ndern auf. Auch waren Einradk\u00fcnste und farbenfrohe T\u00fcchert\u00e4nze zu sehen. Nicht farbenfroh, sondern ganz in schwarz und mit streng zur\u00fcckgebundenen Haaren war Shirin Gorke als Nachrichtensprecherin in dem Sketch &#8222;Inhaltsangabe&#8220; zu sehen. Als Brandenburger wusste Loriot genau, was f\u00fcr Probleme die Aussprache des englischen &#8222;th&#8220; den Deutschen bereitet. Mit jedem Versprecher bei den komplizierten englischen Namen wie &#8222;Gwyneth Molesworth&#8220; , &#8222;Nether &#8220; oder &#8222;Lord Molesworth-Houghton&#8220; wurde das Lachen im Publikum lauter. Denn obwohl die Mitglieder der Theater-AG h\u00f6chstens in der neunten Klasse sind, schafften sie es, die genialen Klassiker wieder so aufleben zu lassen, dass Lachen garantiert war, wie es f\u00fcr Loriot so typisch ist. Die kurzen Sketche des gro\u00dfen deutschen Humoristen waren von Nina Rose, die Regie f\u00fchrte, bewusst gew\u00e4hlt worden. Weil die Mittelstufen-Theatergruppe in diesem Jahr relativ klein ist, boten sich die Klassiker von Loriot um so mehr an. Insgesamt wurden zwar nur zehn seiner bekanntesten Meisterwerke aufgef\u00fchrt, daf\u00fcr gab&#8217;s umso mehr Lacher aus dem Publikum &#8211; nicht zuletzt dank der immer wieder \u00fcberraschenden Ideen, die von den Schauspielern pr\u00e4sentiert wurden.<\/p>\n<p>von Aline Spantig<\/p>\n<p>Mit freundlicher Genehmigung der Gaildorfer <a href=\"http:\/\/swp.de\/gaildorf\">Rundschau <\/a><\/p>\n","protected":false},"excerpt":{"rendered":"<p>Loriot mal einen Tick anders Die Theater-AG des Schenk-von-Limpurg-Gymnasiums bespa\u00dfte seine Zuschauer mit Klassikern des kultigen Humoristen Loriot. Obwohl es allbekannte St\u00fccke sind, \u00fcberraschten die Schauspieler&#8230; &#8222;Der sprechende Hund&#8220; ist einer der legend\u00e4ren Sketche von Bernhard-Viktor Christoph Carl von B\u00fclow, besser bekannt als Loriot. Doch bevor die Scheinwerfer die B\u00fchne erhellen, h\u00e4tte keiner der Zuschauer &hellip; <a href=\"https:\/\/theater-svlg.de\/?page_id=710\" class=\"more-link\"><span class=\"screen-reader-text\">Presse<\/span> weiterlesen <span class=\"meta-nav\">&rarr;<\/span><\/a><\/p>\n","protected":false},"author":3,"featured_media":711,"parent":701,"menu_order":0,"comment_status":"closed","ping_status":"closed","template":"","meta":{"ngg_post_thumbnail":0},"_links":{"self":[{"href":"https:\/\/theater-svlg.de\/index.php?rest_route=\/wp\/v2\/pages\/710"}],"collection":[{"href":"https:\/\/theater-svlg.de\/index.php?rest_route=\/wp\/v2\/pages"}],"about":[{"href":"https:\/\/theater-svlg.de\/index.php?rest_route=\/wp\/v2\/types\/page"}],"author":[{"embeddable":true,"href":"https:\/\/theater-svlg.de\/index.php?rest_route=\/wp\/v2\/users\/3"}],"replies":[{"embeddable":true,"href":"https:\/\/theater-svlg.de\/index.php?rest_route=%2Fwp%2Fv2%2Fcomments&post=710"}],"version-history":[{"count":7,"href":"https:\/\/theater-svlg.de\/index.php?rest_route=\/wp\/v2\/pages\/710\/revisions"}],"predecessor-version":[{"id":718,"href":"https:\/\/theater-svlg.de\/index.php?rest_route=\/wp\/v2\/pages\/710\/revisions\/718"}],"up":[{"embeddable":true,"href":"https:\/\/theater-svlg.de\/index.php?rest_route=\/wp\/v2\/pages\/701"}],"wp:featuredmedia":[{"embeddable":true,"href":"https:\/\/theater-svlg.de\/index.php?rest_route=\/wp\/v2\/media\/711"}],"wp:attachment":[{"href":"https:\/\/theater-svlg.de\/index.php?rest_route=%2Fwp%2Fv2%2Fmedia&parent=710"}],"curies":[{"name":"wp","href":"https:\/\/api.w.org\/{rel}","templated":true}]}}