{"id":726,"date":"2016-05-23T15:46:29","date_gmt":"2016-05-23T13:46:29","guid":{"rendered":"http:\/\/theater-svlg.de\/?page_id=726"},"modified":"2016-05-23T15:46:29","modified_gmt":"2016-05-23T13:46:29","slug":"presse","status":"publish","type":"page","link":"https:\/\/theater-svlg.de\/?page_id=726","title":{"rendered":"Presse"},"content":{"rendered":"<h2>Nicht nur im Riff ging&#8217;s rund<\/h2>\n<h5>Die Papageienfische machen sich f\u00fcr das Casting warm<\/h5>\n<h6>Flapo, die Flaschenpost, Elsi, der Kugelfisch oder Mo, die g\u00e4hnende Mor\u00e4ne, waren nur drei Akteure, die das Publikum bei der Musical-Auff\u00fchrung der Unterstufen-Theater-AG des Gymnasiums begeisterten..<\/h6>\n<p>Unter Leitung von Vincent Eissing-Boyny, Axel Spix und Erika Theil hatten die 43 Akteure aus der Unterstufe des Gaildorfer Schenk-von-Limpurg-Gymnasiums das witzige und recht kurzweilige Musical &#8222;Im Riff geht&#8217;s rund&#8220; einstudiert.<\/p>\n<p>Dabei wurde ein genialer Ansatz verwendet. Um die Stimmen noch kr\u00e4ftiger erscheinen zu lassen, was vor allem bei den Gesangseinlagen eine wichtige Rolle spielt, besetzten sie die einzelnen Rollen mehrfach. Das erh\u00f6hte die Anforderungen an die Darsteller, denn sie mussten jetzt zus\u00e4tzlich zu Mimik und Gestik noch eine synchrone Performance abliefern. Erstaunlich, wie gut die jungen Schauspieler diese Herausforderung gemeistert haben.<\/p>\n<p>Die Geschichte an sich spielt am Strand einer tropischen Insel und setzt sich aus Text, Musik und T\u00e4nzen zusammen. Die Flaschenpost Flapo (Pascal Bugdol, Maren Pregizer, Sarah H\u00fcnnefeld und Sophie Scholl) wird angesp\u00fclt und ist ungl\u00fccklich dar\u00fcber, dass sie gestrandet ist. &#8222;Alles, was mich bewegt, ist nur das Meer&#8220;, klagt Flapo, die vom franz\u00f6sischen Chateau de Grandpopeau stammt. Eine M\u00f6we (Tabea Vogel) rollt sie samt ihrer wichtigen Botschaft wieder ins Wasser zur\u00fcck. Flapo landet schlie\u00dflich in der Casting-Show &#8222;Frutti di Mare&#8220;, wo sich rote, gelbe, blaue und gr\u00fcne Papageienfische (Marie Zurawski, Celina Hillig, Pauline Schmidkonz, Louisa Vogt, Alisa Hillig, Carolin Gschwendtner, Tabea Bail\u00e4nder, Cicillia Schaupp, Lara Klenk und Isabell Maile) tummeln. Auf der B\u00fchne sind aber auch Elsi-Kugelfisch (Fezahat Kocas, Dunja Mohammed Mussa, Lisa Rakk), Quallen (Paul Riek, Niklas Schulz, Johannes Stadelmaier, Christian Stirm), die drei Zerst\u00f6rer (Sonja B\u00f6lz, Tobias Eherler, Lukas K\u00f6ngeter, Lukas Meng) und die Glitzerinnen (Bleona Hoxha, Blerina Hoxha, Laura Joos, Jenna-Lee Laun, Melissa Minderlein, Jessica Nick, Lisa Ditzsch, Kim Feyl und Anna Horlacher).<\/p>\n<figure id=\"attachment_728\" aria-describedby=\"caption-attachment-728\" style=\"width: 383px\" class=\"wp-caption aligncenter\"><a href=\"https:\/\/theater-svlg.de\/?attachment_id=728\" rel=\"attachment wp-att-728\"><img loading=\"lazy\" class=\" wp-image-728\" src=\"https:\/\/theater-svlg.de\/wp-content\/uploads\/Riff-presse-300x225.jpg\" alt=\"Die jungen Darsteller in Aktion.\" width=\"383\" height=\"287\" srcset=\"https:\/\/theater-svlg.de\/wp-content\/uploads\/Riff-presse-300x225.jpg 300w, https:\/\/theater-svlg.de\/wp-content\/uploads\/Riff-presse.jpg 640w\" sizes=\"(max-width: 383px) 100vw, 383px\" \/><\/a><figcaption id=\"caption-attachment-728\" class=\"wp-caption-text\">Die jungen Darsteller in Aktion.<\/figcaption><\/figure>\n<p>Sie alle warten auf ihren Auftritt vor Pepe Piranha (Hanna Rebel, Lea Scheufele, Mert \u00d6zer). Pepe erinnert im \u00dcbrigen an den Chef einer bekannten deutschen Fernseh-Casting-Show. In diesen allgemeinen Trubel platzt also Flapo und will etwas Wichtiges sagen. Leider h\u00f6rt ihr keiner zu, denn ihre Performance ist nicht gerade \u00fcberzeugend: Sie kann nicht einmal schwimmen, geschweige denn tanzen. Der Flaschenpostinhalt ist dennoch brisant. Mit Hilfe der Quallen, des optimal vernetzten Herings (Deli Zekaj), der Mor\u00e4ne Mo (Linus Heil), Tilla-Tintenfisch (Rebecca Stier) und des hochgelehrten Doktor Fisch (Pia Retter, Xenia Horbas) konnte letztendlich die Flaschenpost ge\u00f6ffnet, die Botschaft gelesen und auch dank der praktischen Hilfe der drei Zerst\u00f6rer das Riff gerettet werden.<\/p>\n<p>Am Ende gab es dann also doch das erhoffte Happy End im Riff. Ein Riesenkompliment geht an alle Darsteller. Schon allein der Mut, auf die B\u00fchne zu stehen und Lieder zu singen oder eine Tanzperformance abzuliefern, ist aller Ehren wert. Und mehr noch, wenn es so gelungen dargeboten wird, d\u00fcrfen die Akteure mehr als stolz sein. Ein gro\u00dfes Lob geht aber auch an die Helfer neben der B\u00fchne: dem Orchester (Jutta Seyllan-Borschein, Thomas Hartmann, Luisa Niesner, Mona Morbitzer, Rebekka Kemmling und Yasmin St\u00fctz), der Choreographin Maja Wolf, der B\u00fchnenbildnerin Helgard Betz und der Maske (Nina Rose, Silvia Linke, Emma Putzke, Isilay Yildiz, Melina Rieger, Lisa Thiessen, Jessica Abischew und Fabienne K\u00f6ngeter). Und auch der Leiter der<br \/>\nTheater-AG, Thomas H\u00f6ll, d\u00fcrfte sich gefreut haben, schlie\u00dflich standen einige talentierte Nachwuchsschauspieler auf der B\u00fchne, so dass man sich um die Theaterauff\u00fchrungen am Gaildorfer Gymnasium keine Sorgen machen muss.<\/p>\n<p>von Reinhold Haring<\/p>\n<p>Mit freundlicher Genehmigung der Gaildorfer<a href=\"http:\/\/www.swp.de\/gaildorf\"> Rundschau<\/a><\/p>\n","protected":false},"excerpt":{"rendered":"<p>Nicht nur im Riff ging&#8217;s rund Die Papageienfische machen sich f\u00fcr das Casting warm Flapo, die Flaschenpost, Elsi, der Kugelfisch oder Mo, die g\u00e4hnende Mor\u00e4ne, waren nur drei Akteure, die das Publikum bei der Musical-Auff\u00fchrung der Unterstufen-Theater-AG des Gymnasiums begeisterten.. Unter Leitung von Vincent Eissing-Boyny, Axel Spix und Erika Theil hatten die 43 Akteure aus &hellip; <a href=\"https:\/\/theater-svlg.de\/?page_id=726\" class=\"more-link\"><span class=\"screen-reader-text\">Presse<\/span> weiterlesen <span class=\"meta-nav\">&rarr;<\/span><\/a><\/p>\n","protected":false},"author":3,"featured_media":0,"parent":722,"menu_order":0,"comment_status":"closed","ping_status":"closed","template":"","meta":{"ngg_post_thumbnail":0},"_links":{"self":[{"href":"https:\/\/theater-svlg.de\/index.php?rest_route=\/wp\/v2\/pages\/726"}],"collection":[{"href":"https:\/\/theater-svlg.de\/index.php?rest_route=\/wp\/v2\/pages"}],"about":[{"href":"https:\/\/theater-svlg.de\/index.php?rest_route=\/wp\/v2\/types\/page"}],"author":[{"embeddable":true,"href":"https:\/\/theater-svlg.de\/index.php?rest_route=\/wp\/v2\/users\/3"}],"replies":[{"embeddable":true,"href":"https:\/\/theater-svlg.de\/index.php?rest_route=%2Fwp%2Fv2%2Fcomments&post=726"}],"version-history":[{"count":3,"href":"https:\/\/theater-svlg.de\/index.php?rest_route=\/wp\/v2\/pages\/726\/revisions"}],"predecessor-version":[{"id":730,"href":"https:\/\/theater-svlg.de\/index.php?rest_route=\/wp\/v2\/pages\/726\/revisions\/730"}],"up":[{"embeddable":true,"href":"https:\/\/theater-svlg.de\/index.php?rest_route=\/wp\/v2\/pages\/722"}],"wp:attachment":[{"href":"https:\/\/theater-svlg.de\/index.php?rest_route=%2Fwp%2Fv2%2Fmedia&parent=726"}],"curies":[{"name":"wp","href":"https:\/\/api.w.org\/{rel}","templated":true}]}}