{"id":74,"date":"2016-03-20T18:06:00","date_gmt":"2016-03-20T17:06:00","guid":{"rendered":"http:\/\/theater-svlg.de\/?page_id=74"},"modified":"2016-05-28T18:39:25","modified_gmt":"2016-05-28T16:39:25","slug":"201314-alles-von-shakespeare-an-einem-abend-leicht-gekuerzt","status":"publish","type":"page","link":"https:\/\/theater-svlg.de\/?page_id=74","title":{"rendered":"2013\/14 &#8211; Alles von Shakespeare! An einem Abend! Leicht gek\u00fcrzt!"},"content":{"rendered":"<p><img loading=\"lazy\" class=\" wp-image-75 alignright\" src=\"https:\/\/theater-svlg.de\/wp-content\/uploads\/Shakespeare-Plakat-212x300.jpg\" alt=\"Shakespeare Plakat\" width=\"288\" height=\"408\" srcset=\"https:\/\/theater-svlg.de\/wp-content\/uploads\/Shakespeare-Plakat-212x300.jpg 212w, https:\/\/theater-svlg.de\/wp-content\/uploads\/Shakespeare-Plakat-725x1024.jpg 725w, https:\/\/theater-svlg.de\/wp-content\/uploads\/Shakespeare-Plakat.jpg 1449w\" sizes=\"(max-width: 288px) 100vw, 288px\" \/>Stellen Sie sich vor, Sie haben soeben den Flug 2013 der Schenken Airline bestiegen und sich bequem in Ihren Sessel gel\u00fcmmelt, als Sie erfahren, dass der erwartete Film leider wegen technischen Problemen nicht im Bordkino gezeigt werden kann&#8230; Stellen Sie sich weiter vor, dass als Ersatz ein zuf\u00e4llig anwesende Theatergruppe f\u00fcr die Unterhaltung sorgen wird und nehmen Sie zur Kenntnis, dass diese Theaterleute sich leider nicht einigen k\u00f6nnen welches Shakespeare St\u00fcck sie denn nun zum Besten geben sollen, dann wird es Sie sicherlich nicht mehr wundern, wenn die Schauspieler als Kompromissvorschlag gleich ALLE St\u00fccke in Angriff nehmen, so ein Flug \u00fcber Kocher und Kirgel dauert und bis zur Einweihung des Hauptstadt\ufb02ughafen wird das Spektakel ja hoffentlich zu Ende sein&#8230; Doch zun\u00e4chst gilt es Einf\u00fchrung in das Werk und die Biographie des Autors zu \u00fcberstehen, doch dann geht es Schlag auf Schlag: Romeo und Julia im Wandel der Zeiten, H\u00f6henangst und Rap Einlage, eine etwas andere Kochsendung, ab in die Antike und die Kom\u00f6dien nicht vergessen, die K\u00f6nigsdramen auf den Kern reduziert, Macbeth in der sprachlich anspruchsvollen Urversion &#8211; fehlt da nicht noch EIN Werk?! Keine Angst, auch dieses wird unter den gestrengen Augen unseres Vertreters des Regierungspr\u00e4diums Fachgruppe Evaluation des Evaluationsprozesses, Untergruppe Gymnasien als aussterbende Spezies nat\u00fcrlich auf die B\u00fchne gebracht.<\/p>\n<p>Zur <a href=\"https:\/\/theater-svlg.de\/?page_id=777\">Galerie<\/a><\/p>\n<p><span style=\"color: #808080;\"><em>(Ank\u00fcndigung)<\/em><\/span><\/p>\n","protected":false},"excerpt":{"rendered":"<p>Stellen Sie sich vor, Sie haben soeben den Flug 2013 der Schenken Airline bestiegen und sich bequem in Ihren Sessel gel\u00fcmmelt, als Sie erfahren, dass der erwartete Film leider wegen technischen Problemen nicht im Bordkino gezeigt werden kann&#8230; Stellen Sie sich weiter vor, dass als Ersatz ein zuf\u00e4llig anwesende Theatergruppe f\u00fcr die Unterhaltung sorgen wird &hellip; <a href=\"https:\/\/theater-svlg.de\/?page_id=74\" class=\"more-link\"><span class=\"screen-reader-text\">2013\/14 &#8211; Alles von Shakespeare! An einem Abend! Leicht gek\u00fcrzt!<\/span> weiterlesen <span class=\"meta-nav\">&rarr;<\/span><\/a><\/p>\n","protected":false},"author":1,"featured_media":0,"parent":28,"menu_order":1,"comment_status":"closed","ping_status":"closed","template":"","meta":{"ngg_post_thumbnail":0},"_links":{"self":[{"href":"https:\/\/theater-svlg.de\/index.php?rest_route=\/wp\/v2\/pages\/74"}],"collection":[{"href":"https:\/\/theater-svlg.de\/index.php?rest_route=\/wp\/v2\/pages"}],"about":[{"href":"https:\/\/theater-svlg.de\/index.php?rest_route=\/wp\/v2\/types\/page"}],"author":[{"embeddable":true,"href":"https:\/\/theater-svlg.de\/index.php?rest_route=\/wp\/v2\/users\/1"}],"replies":[{"embeddable":true,"href":"https:\/\/theater-svlg.de\/index.php?rest_route=%2Fwp%2Fv2%2Fcomments&post=74"}],"version-history":[{"count":6,"href":"https:\/\/theater-svlg.de\/index.php?rest_route=\/wp\/v2\/pages\/74\/revisions"}],"predecessor-version":[{"id":784,"href":"https:\/\/theater-svlg.de\/index.php?rest_route=\/wp\/v2\/pages\/74\/revisions\/784"}],"up":[{"embeddable":true,"href":"https:\/\/theater-svlg.de\/index.php?rest_route=\/wp\/v2\/pages\/28"}],"wp:attachment":[{"href":"https:\/\/theater-svlg.de\/index.php?rest_route=%2Fwp%2Fv2%2Fmedia&parent=74"}],"curies":[{"name":"wp","href":"https:\/\/api.w.org\/{rel}","templated":true}]}}