{"id":782,"date":"2016-05-28T18:38:18","date_gmt":"2016-05-28T16:38:18","guid":{"rendered":"http:\/\/theater-svlg.de\/?page_id=782"},"modified":"2018-05-24T19:30:28","modified_gmt":"2018-05-24T17:30:28","slug":"archiv","status":"publish","type":"page","link":"https:\/\/theater-svlg.de\/?page_id=782","title":{"rendered":"Archiv"},"content":{"rendered":"<h2>Alle St\u00fccke der Oberstufe:<\/h2>\n<p><strong>\u00fcber 40 Jahre Theater-AG (1974-heute)<\/strong><\/p>\n<p>1974<br \/>\nDIE GLASMENAGERIE (Tennesse Williams), aufgef\u00fchrt von Sch\u00fclern der Klasse 12<\/p>\n<p><em>1975<br \/>\nerh\u00e4lt DIE GLASMENAGERIE einen Landespreis anl\u00e4sslich eines Schultheaterwettbewerbs.<\/em><\/p>\n<p><em>&nbsp; &nbsp; &nbsp; &nbsp; &nbsp; &nbsp; Die AG wird auf die gesamte Oberstufe erweitert.<\/em><\/p>\n<p>1975<br \/>\nSzenen aus MUTTER COURAGE (Bertolt Brecht)<\/p>\n<p>1976<br \/>\nANTIGONE (Jean Anouilh)<\/p>\n<p>1977<br \/>\nSzenenfolge aus HAMLET (William Shakespeare)<\/p>\n<p>1979<br \/>\nDIE GELEHRTEN FRAUEN (Jean-Baptiste Moli\u00e8re).<\/p>\n<p><em>Erster Erfolg der AG mit einer Kom\u00f6die.<\/em><\/p>\n<p>1980<br \/>\nSOMMERNACHTSTRAUM (William Shakespeare)<br \/>\n<em>Von jetzt an j\u00e4hrlich Theaterwochenende in Kirchberg\/Jagst<\/em><\/p>\n<p>1981<br \/>\nSPIEL UM JEANNE (Eigenproduktion)<br \/>\nWIRKLICH SCHADE UM FRED (James Saunders)<br \/>\nDON JUAN (<em>Eigenproduktion f\u00fcr die spanischen Wochen an der Schule)<\/em><\/p>\n<p><em>&nbsp;<\/em>1982<br \/>\nEUROPA UND DER STIER (Eigenproduktion)<br \/>\n<em>Erster Preis beim Landeswettbewerb f\u00fcr Kleinb\u00fchnen und Europapreis<br \/>\n<\/em>K\u00d6NIG HEINRICH IV (William Shakespeare) Szenenfolge<\/p>\n<p>1983<br \/>\nDrei Moderne Einakter gegen die Gewalt:<\/p>\n<p>DER BLUTBUND (Ramon Maria del Valle-Inclan)<br \/>\nPICKNICK IM FELDE (Fernando Arrabal)<br \/>\nDER MANTEL (Dino Buzzati)<\/p>\n<p>&nbsp;<\/p>\n<p>1984<br \/>\nDER EINGEBILDETE KRANKE (Jean-Baptiste Moli\u00e8re)<\/p>\n<p>1985<br \/>\nLILIOM (Ferenc Molnar)<\/p>\n<p>1986<br \/>\nWIE ES EUCH GEF\u00c4LLT (William Shakespeare)<\/p>\n<p>1987<br \/>\nDIE TROERINNEN DES EURIPIDES (Jean-Paul Sartre)<\/p>\n<p>1988<br \/>\nDER GR\u00dcNE KAKADU (Arthur Schnitzler)<\/p>\n<p>1989<br \/>\nEIN WINTERM\u00c4RCHEN (William Shakespeare)<\/p>\n<p>1990<br \/>\nURFAUST (Johann Wolfgang v. Goethe)<\/p>\n<p>1991<br \/>\nZWEI EINAKTER (Dario Fo)<\/p>\n<p>Die Anstreicher<\/p>\n<p>Der Dieb, der nicht zu Schaden kam<\/p>\n<p>1992<br \/>\nSO EINE LIEBE (Pavel Kohout)<\/p>\n<p>1993<br \/>\nDAS OPFER HELENA (Wolfgang Hildesheimer)<\/p>\n<p>1994<br \/>\nHAMLET (William Shakespeare)<\/p>\n<p>1995<br \/>\nGAUNEROPER (Vaclav Havel)<\/p>\n<p>1996<br \/>\nGLAUBE LIEBE HOFFNUNG (\u00d6d\u00f6n v. Horv\u00e1th)<\/p>\n<p>1997<br \/>\nDIE M\u00d6WE (Anton Tschechow)<\/p>\n<p>1998<br \/>\nDIE ALKESTIADE (Thornton Wilder)<\/p>\n<p>1999<br \/>\nDER B\u00dcRGER ALS EDELMANN (Jean-Baptiste Moli\u00e8re)<\/p>\n<p>2000<br \/>\nDER GUTE MENSCH VON SEZUAN (Bertolt Brecht)<\/p>\n<p>2001<br \/>\nDER TOLLSTE TAG (Peter Turrini)<\/p>\n<p>2002<br \/>\nANTIGONE (Sophokles)<\/p>\n<p>2003<br \/>\n<a href=\"https:\/\/theater-svlg.de\/?page_id=827\">DER BESUCH DER ALTEN DAME<\/a> (Friedrich D\u00fcrrenmatt)<\/p>\n<p>2004<br \/>\nLEONCE &amp; LENA (Georg B\u00fcchner)<\/p>\n<p>2005<br \/>\nKLEINER MANN, WAS NUN? (Hans Fallada)<br \/>\nDER ROTE HUT (Eigenproduktion\/Comedia del arte): Stadtjubil\u00e4um Gaildorf (Schloss)<\/p>\n<p>2006<br \/>\nDAS LIED DER HEIMAT (Thomas H\u00fcrlimann)<\/p>\n<p>2007<br \/>\nISABELLA, DREI KARAVELLEN UND EIN SCHARLATAN (Dario Fo)<\/p>\n<p>2008<br \/>\nDEUTSCHLAND &#8211; EINIG VATERLAND (Eigenproduktion)<\/p>\n<p>2009<br \/>\nDER BESTRAFTE BRUDERMORD \u2013 das Leben und Sterben des Prinzen Hamlet von D\u00e4nemark (Eigenproduktion)<\/p>\n<p>2010<br \/>\nDIE TANKSTELLE DER VERDAMMTEN (Georg Ringsgwandl),<\/p>\n<p><em>2011 erneut aufgef\u00fchrt im Rahmen des IV. Internationalen Jugendtheaterfestivals im Schw\u00e4bisch Haller Globe<br \/>\nTheater<\/em><\/p>\n<p>2011<br \/>\nWOYZECK (Georg B\u00fcchner)<\/p>\n<p>2012<br \/>\nDAS KAFFEEHAUS (Goldoni),<\/p>\n<p><em>2013 erneut aufgef\u00fchrt im Rahmen des V. Internationalen Jugendtheaterfestivals in der Schw\u00e4bisch Haller<br \/>\nHaalhalle<\/em><\/p>\n<p>2013<br \/>\nALLES VON SHAKESPEARE! AN EINEM ABEND! LEICHT GEK\u00dcRZT! (Eigenproduktion)<\/p>\n<p>2014<br \/>\nDIE OPER VOM GRO\u00dfEN HOHNGEL\u00c4CHTER (Dario Fo)<\/p>\n<p><em>2015 erneut aufgef\u00fchrt im Rahmen des VI. Internationalen Jugendtheaterfestivals in der Schw\u00e4bisch Haller<br \/>\nHaalhalle<\/em><\/p>\n<p>2015<br \/>\nDER TAGTR\u00c4UMER (Eigenproduktion\/Film), <em>Teilnahme am 99Fire-Films-Award 2015<br \/>\n<\/em>DAS EWIGE SPIEL DER LIEBE (Eigenproduktion)<\/p>\n<p>2016<br \/>\nHAMLET (Eigenproduktion\/Film), Teilnahme am ShakePics-Wettbewerb des Cornelsen Verlags.<\/p>\n<p>2016<br \/>\nALL YOU NEED IS LOVE (Eigenproduktion; Buch: Thomas H\u00f6ll)<\/p>\n<p>2017<br \/>\nDer KOFFER MEINER GRO\u00dfMUTTER (Eigenproduktion; Buch: Thomas H\u00f6ll)<\/p>\n<p><strong>REGIE F\u00dcHRTEN:<\/strong><\/p>\n<p>Horst Manderscheid (1974 bis 1999)<\/p>\n<p>Gisela Rieder (2000 bis 2002)<\/p>\n<p>Thomas H\u00f6ll (seit 2003)<\/p>\n","protected":false},"excerpt":{"rendered":"<p>Alle St\u00fccke der Oberstufe: \u00fcber 40 Jahre Theater-AG (1974-heute) 1974 DIE GLASMENAGERIE (Tennesse Williams), aufgef\u00fchrt von Sch\u00fclern der Klasse 12 1975 erh\u00e4lt DIE GLASMENAGERIE einen Landespreis anl\u00e4sslich eines Schultheaterwettbewerbs. &nbsp; &nbsp; &nbsp; &nbsp; &nbsp; &nbsp; Die AG wird auf die gesamte Oberstufe erweitert. 1975 Szenen aus MUTTER COURAGE (Bertolt Brecht) 1976 ANTIGONE (Jean Anouilh) 1977 &hellip; <a href=\"https:\/\/theater-svlg.de\/?page_id=782\" class=\"more-link\"><span class=\"screen-reader-text\">Archiv<\/span> weiterlesen <span class=\"meta-nav\">&rarr;<\/span><\/a><\/p>\n","protected":false},"author":3,"featured_media":0,"parent":474,"menu_order":0,"comment_status":"closed","ping_status":"closed","template":"","meta":{"ngg_post_thumbnail":0},"_links":{"self":[{"href":"https:\/\/theater-svlg.de\/index.php?rest_route=\/wp\/v2\/pages\/782"}],"collection":[{"href":"https:\/\/theater-svlg.de\/index.php?rest_route=\/wp\/v2\/pages"}],"about":[{"href":"https:\/\/theater-svlg.de\/index.php?rest_route=\/wp\/v2\/types\/page"}],"author":[{"embeddable":true,"href":"https:\/\/theater-svlg.de\/index.php?rest_route=\/wp\/v2\/users\/3"}],"replies":[{"embeddable":true,"href":"https:\/\/theater-svlg.de\/index.php?rest_route=%2Fwp%2Fv2%2Fcomments&post=782"}],"version-history":[{"count":8,"href":"https:\/\/theater-svlg.de\/index.php?rest_route=\/wp\/v2\/pages\/782\/revisions"}],"predecessor-version":[{"id":2739,"href":"https:\/\/theater-svlg.de\/index.php?rest_route=\/wp\/v2\/pages\/782\/revisions\/2739"}],"up":[{"embeddable":true,"href":"https:\/\/theater-svlg.de\/index.php?rest_route=\/wp\/v2\/pages\/474"}],"wp:attachment":[{"href":"https:\/\/theater-svlg.de\/index.php?rest_route=%2Fwp%2Fv2%2Fmedia&parent=782"}],"curies":[{"name":"wp","href":"https:\/\/api.w.org\/{rel}","templated":true}]}}