{"id":786,"date":"2016-05-30T18:23:30","date_gmt":"2016-05-30T16:23:30","guid":{"rendered":"http:\/\/theater-svlg.de\/?page_id=786"},"modified":"2016-05-30T18:23:46","modified_gmt":"2016-05-30T16:23:46","slug":"presse","status":"publish","type":"page","link":"https:\/\/theater-svlg.de\/?page_id=786","title":{"rendered":"Presse"},"content":{"rendered":"<h2>Mit Hadern, Tanz und Tr\u00e4nen<\/h2>\n<h4>Theater-AGdesSchenk-von-Limpurg-Gymnasiums:LiebesreigendurchWeltliteratur<\/h4>\n<h5>Ein Liebesreigen durch die klassischeWeltliteratur?Eine Collage,die die Theater AG des Schenk-von-Limpurg-Gymnasiumsam Freitagabend bot. Mit Tanz, Gesang, Hadern und Zagen, Freuden undFeiern.<\/h5>\n<p><strong>Gaildorf.<\/strong> Ihre offensichtliche Freude hatten die Nachwuchstalente auf der B\u00fchne an dem bunten St\u00fcck, das von einem Thema handelt, dessen Vielfalt der Abgr\u00fcnde und jubelnd-jauchzenden H\u00f6hen die Schauspieler noch vor sich haben. Aber Regisseur, Autor und Theater-AG-Leiter Thomas H\u00f6ll hatte es verstanden, dies b\u00fchnengerecht zu adaptieren. Dabei standen dem Deutschund Geschichtslehrer des Schenk-von-Limpurg-Gymnasiums einige eigenen Lebenserfahrungen Pate, wie auch die klassische Literatur.<\/p>\n<p><a href=\"http:\/\/www.swp.de\/gaildorf\"><img loading=\"lazy\" class=\"aligncenter wp-image-787\" src=\"https:\/\/theater-svlg.de\/wp-content\/uploads\/Presse-DESDL-300x217.png\" alt=\"Presse-DESDL\" width=\"583\" height=\"422\" srcset=\"https:\/\/theater-svlg.de\/wp-content\/uploads\/Presse-DESDL-300x217.png 300w, https:\/\/theater-svlg.de\/wp-content\/uploads\/Presse-DESDL-1024x742.png 1024w\" sizes=\"(max-width: 583px) 100vw, 583px\" \/><\/a>Goethe und sein Werther wurden herangezogen, Anton Tschechow kam zu Ehren. Und das in einer durchaus sehens- und h\u00f6renswerten Auff\u00fchrung, die mit ihrer Kost\u00fcm-Ausstattung gl\u00e4nzte. Da hat die Theater AG des Gymnasiums einen gro\u00dfen Vorteil, kann sie doch auf den Fundus der Haller Freilichtspiele zugreifen \u2013 dank Konny Sonntag, die den Laienspielern verbunden ist. Und eben weil sie Laien sind, die erst seit den Sommerferien neben den allt\u00e4glichen M\u00fchen um gute Noten in den Pflichtf\u00e4chern sich intensiv mit dem St\u00fcck befassten, kam es zuwinzigen Kleinigkeiten, die verbesserungswert sind. Aber die sollen hier nicht vertieft werden. Allerdings war die Stimme von Magnus W\u00f6rz (er soll hier als einziger namentlich genannt werden) hin und wieder kaum zu h\u00f6ren und noch weniger zu verstehen. Was zun\u00e4chst auf Lampenfieber und Sch\u00fcchternheit geschoben wurde. Ein Gespr\u00e4ch in der Pause allerdings brachte Klarheit: Der junge Mime war schlicht und einfach krank und h\u00e4tte eher ins Bett als auf die B\u00fchne geh\u00f6rt. Aber in jedem Schauspieler brennt ein Feuer, das ihn antreibt. Das befeuerte auch die \u00fcbrigen Schauspieler, sich mit dem Thema der Liebe zu befassen \u2013 und ihren T\u00fccken. Wie etwa in \u201eEinHeiratsantrag\u201c, das frei nach Tschechow entstand und in dem ein junger Mann um die Tochter des Nachbarn freit. Und w\u00e4hrend der k\u00fcnftige Schwiegervater schon zur Feier des Tages denSekt holt, kommt sich das junge Paar n\u00e4her .Allerdings anders als geplant: Beide streiten pl\u00f6tzlich um eine Wiese, von der der Mann behauptet, sie geh\u00f6re ihm, w\u00e4hrend<br \/>\ndie Frau feststellt, dieses Grundst\u00fcck geh\u00f6re schon seit Generationen ihrer Familie. Als \u2013 wie oft im richtigen Leben auch \u2013 der Mann um des Friedens- und Eheschlie\u00dfungs-Willens nachgibt und erkl\u00e4rt, er werde ihr das Grundst\u00fcck<br \/>\nschenken, l\u00e4uft die junge Frau (auch wie oft im richtigen Leben) zur Hochform auf und schleudert ihm entgegen: \u201eWas? Ihr wollt mir schenken, was l\u00e4ngst mir geh\u00f6rt?!\u201c Dass aus dieser Verbindung nichts wurde, darf der Zuschauer sich denken. Aber famos dargestellt, toll gespielt und lebendig agiert. Das zeichnet alle diese jungen Schauspiel-Sch\u00fcler aus.<\/p>\n<p>von Werner Schmidt<\/p>\n<p>Mit freundlicher Genehmigung der <a href=\"http:\/\/swp.de\/gaildorf\">Rundschau<\/a><\/p>\n","protected":false},"excerpt":{"rendered":"<p>Mit Hadern, Tanz und Tr\u00e4nen Theater-AGdesSchenk-von-Limpurg-Gymnasiums:LiebesreigendurchWeltliteratur Ein Liebesreigen durch die klassischeWeltliteratur?Eine Collage,die die Theater AG des Schenk-von-Limpurg-Gymnasiumsam Freitagabend bot. Mit Tanz, Gesang, Hadern und Zagen, Freuden undFeiern. Gaildorf. Ihre offensichtliche Freude hatten die Nachwuchstalente auf der B\u00fchne an dem bunten St\u00fcck, das von einem Thema handelt, dessen Vielfalt der Abgr\u00fcnde und jubelnd-jauchzenden H\u00f6hen die Schauspieler &hellip; <a href=\"https:\/\/theater-svlg.de\/?page_id=786\" class=\"more-link\"><span class=\"screen-reader-text\">Presse<\/span> weiterlesen <span class=\"meta-nav\">&rarr;<\/span><\/a><\/p>\n","protected":false},"author":3,"featured_media":0,"parent":31,"menu_order":0,"comment_status":"closed","ping_status":"closed","template":"","meta":{"ngg_post_thumbnail":0},"_links":{"self":[{"href":"https:\/\/theater-svlg.de\/index.php?rest_route=\/wp\/v2\/pages\/786"}],"collection":[{"href":"https:\/\/theater-svlg.de\/index.php?rest_route=\/wp\/v2\/pages"}],"about":[{"href":"https:\/\/theater-svlg.de\/index.php?rest_route=\/wp\/v2\/types\/page"}],"author":[{"embeddable":true,"href":"https:\/\/theater-svlg.de\/index.php?rest_route=\/wp\/v2\/users\/3"}],"replies":[{"embeddable":true,"href":"https:\/\/theater-svlg.de\/index.php?rest_route=%2Fwp%2Fv2%2Fcomments&post=786"}],"version-history":[{"count":3,"href":"https:\/\/theater-svlg.de\/index.php?rest_route=\/wp\/v2\/pages\/786\/revisions"}],"predecessor-version":[{"id":790,"href":"https:\/\/theater-svlg.de\/index.php?rest_route=\/wp\/v2\/pages\/786\/revisions\/790"}],"up":[{"embeddable":true,"href":"https:\/\/theater-svlg.de\/index.php?rest_route=\/wp\/v2\/pages\/31"}],"wp:attachment":[{"href":"https:\/\/theater-svlg.de\/index.php?rest_route=%2Fwp%2Fv2%2Fmedia&parent=786"}],"curies":[{"name":"wp","href":"https:\/\/api.w.org\/{rel}","templated":true}]}}