{"id":809,"date":"2016-06-11T15:24:08","date_gmt":"2016-06-11T13:24:08","guid":{"rendered":"http:\/\/theater-svlg.de\/?page_id=809"},"modified":"2016-06-11T15:28:01","modified_gmt":"2016-06-11T13:28:01","slug":"201314-in-love-with-shakespeare","status":"publish","type":"page","link":"https:\/\/theater-svlg.de\/?page_id=809","title":{"rendered":"2013\/14 &#8211; In Love &#8211; with Shakespeare"},"content":{"rendered":"<h3>Shakespeares Liebeswirren auf der Schulb\u00fchne<\/h3>\n<p>Die Liebewirren aus Ein Sommernachtstraum, Der Widerspenstigen Z\u00e4hmung, Was ihr wollt und Wie es euch gef\u00e4llt werden in diesem B\u00fchnenst\u00fcck mit am\u00fcsanter Raffinesse verquickt und von unserer Mittelstufen-Theater-AG am Mittwoch, den 26. und Donnerstag, den 27. Februar 2014 jeweils um 19 Uhr aufgef\u00fchrt. <a href=\"https:\/\/theater-svlg.de\/wp-content\/uploads\/plakat-shakespeare.jpg\"><img loading=\"lazy\" class=\"aligncenter size-medium wp-image-810\" src=\"https:\/\/theater-svlg.de\/wp-content\/uploads\/plakat-shakespeare-212x300.jpg\" alt=\"plakat shakespeare\" width=\"212\" height=\"300\" srcset=\"https:\/\/theater-svlg.de\/wp-content\/uploads\/plakat-shakespeare-212x300.jpg 212w, https:\/\/theater-svlg.de\/wp-content\/uploads\/plakat-shakespeare.jpg 480w\" sizes=\"(max-width: 212px) 100vw, 212px\" \/><\/a>Orlando, Graf Orsino, Benedict und Petruchio rasten im Wald und diskutieren die Vor-und Nachteile der Liebe. Verl\u00e4ssliches wei\u00df eigentlich nur Petruchio, der seit vier Wochen mit Katharina verheiratet ist. Doch dessen Methode \u201eder widerspenstigen Z\u00e4hmung\u201c m\u00f6chte der romantische Orlando nicht anwenden, er schw\u00f6rt auf Poesie, um seine Rosalinde zu erobern. Aber nicht nur die M\u00e4nner sind im Wald unterwegs, auch die Damen irren umher und nat\u00fcrlich treiben auch die Waldgeister Ariel und Puck ihr Unwesen. Eigentlich sollen diese den Liebespaaren bei ihren Verst\u00e4ndigungsschwierigkeiten helfen, jedoch sorgen sie oftmals nur noch f\u00fcr mehr Verwirrung.<\/p>\n<p>von Nina Rose<br \/>\nMit freundlicher Genehmigung der <a href=\"http:\/\/swp.de\/gaildorf\">Gaildorfer<\/a> Rundschau<\/p>\n","protected":false},"excerpt":{"rendered":"<p>Shakespeares Liebeswirren auf der Schulb\u00fchne Die Liebewirren aus Ein Sommernachtstraum, Der Widerspenstigen Z\u00e4hmung, Was ihr wollt und Wie es euch gef\u00e4llt werden in diesem B\u00fchnenst\u00fcck mit am\u00fcsanter Raffinesse verquickt und von unserer Mittelstufen-Theater-AG am Mittwoch, den 26. und Donnerstag, den 27. Februar 2014 jeweils um 19 Uhr aufgef\u00fchrt. Orlando, Graf Orsino, Benedict und Petruchio rasten &hellip; <a href=\"https:\/\/theater-svlg.de\/?page_id=809\" class=\"more-link\"><span class=\"screen-reader-text\">2013\/14 &#8211; In Love &#8211; with Shakespeare<\/span> weiterlesen <span class=\"meta-nav\">&rarr;<\/span><\/a><\/p>\n","protected":false},"author":3,"featured_media":810,"parent":26,"menu_order":3,"comment_status":"closed","ping_status":"closed","template":"","meta":{"ngg_post_thumbnail":0},"_links":{"self":[{"href":"https:\/\/theater-svlg.de\/index.php?rest_route=\/wp\/v2\/pages\/809"}],"collection":[{"href":"https:\/\/theater-svlg.de\/index.php?rest_route=\/wp\/v2\/pages"}],"about":[{"href":"https:\/\/theater-svlg.de\/index.php?rest_route=\/wp\/v2\/types\/page"}],"author":[{"embeddable":true,"href":"https:\/\/theater-svlg.de\/index.php?rest_route=\/wp\/v2\/users\/3"}],"replies":[{"embeddable":true,"href":"https:\/\/theater-svlg.de\/index.php?rest_route=%2Fwp%2Fv2%2Fcomments&post=809"}],"version-history":[{"count":2,"href":"https:\/\/theater-svlg.de\/index.php?rest_route=\/wp\/v2\/pages\/809\/revisions"}],"predecessor-version":[{"id":812,"href":"https:\/\/theater-svlg.de\/index.php?rest_route=\/wp\/v2\/pages\/809\/revisions\/812"}],"up":[{"embeddable":true,"href":"https:\/\/theater-svlg.de\/index.php?rest_route=\/wp\/v2\/pages\/26"}],"wp:featuredmedia":[{"embeddable":true,"href":"https:\/\/theater-svlg.de\/index.php?rest_route=\/wp\/v2\/media\/810"}],"wp:attachment":[{"href":"https:\/\/theater-svlg.de\/index.php?rest_route=%2Fwp%2Fv2%2Fmedia&parent=809"}],"curies":[{"name":"wp","href":"https:\/\/api.w.org\/{rel}","templated":true}]}}