{"id":858,"date":"2016-08-12T17:52:39","date_gmt":"2016-08-12T15:52:39","guid":{"rendered":"http:\/\/theater-svlg.de\/?page_id=858"},"modified":"2016-08-12T17:54:41","modified_gmt":"2016-08-12T15:54:41","slug":"presse","status":"publish","type":"page","link":"https:\/\/theater-svlg.de\/?page_id=858","title":{"rendered":"Presse"},"content":{"rendered":"<h2>Liebe, Neid, Eifersucht &#8211; und viel Gel\u00e4chter<\/h2>\n<h3>&#8222;In Love &#8211; with Shakespeare&#8220; hie\u00df das St\u00fcck, das jetzt am Gaildorfer Gymnasium zu sehen war. Nicht nur die jungen Schauspieler hatten ihren Spa\u00df.<a href=\"https:\/\/theater-svlg.de\/wp-content\/uploads\/InLoveWithShakespeare.jpg\"><img loading=\"lazy\" class=\"aligncenter wp-image-860\" src=\"https:\/\/theater-svlg.de\/wp-content\/uploads\/InLoveWithShakespeare-300x133.jpg\" alt=\"InLoveWithShakespeare\" width=\"388\" height=\"172\" srcset=\"https:\/\/theater-svlg.de\/wp-content\/uploads\/InLoveWithShakespeare-300x133.jpg 300w, https:\/\/theater-svlg.de\/wp-content\/uploads\/InLoveWithShakespeare.jpg 600w\" sizes=\"(max-width: 388px) 100vw, 388px\" \/><\/a><\/h3>\n<p>von Aline Spantig<\/p>\n<p>Auf der B\u00fchne spielen zuerst drei Frauen ihre typische Geschlechterrolle. Sie schauen in den Spiegel, k\u00e4mmen ihr Haar und reden \u00fcber die Liebe &#8211; wie es Frauen eben so tun. Dabei werden sie von den Waldgeistern beobachtet, die mit ihren Faxen das Publikum immer wieder zum Schmunzeln bringen. Danach erscheint eine klassische M\u00e4nnerrunde. Sie trinken Bier, protzen mit den Muskeln und fassen sich in den Schritt. Weil alle M\u00e4nnerrollen von Sch\u00fclerinnen gespielt werden, gibts den ersten gro\u00dfen Lacher&#8230; &#8230; Die Liebe ist das Thema &#8211; auch bei den M\u00e4nnern &#8211; und so wird auf der B\u00fchne ein kompliziertes Beziehungsnetz gekn\u00fcpft, das nicht nur die Zuschauer, sondern auch die Darsteller zu verwirren scheint. Wer mit wem verheiratet, wer mit wem verstritten ist und wer sich nicht traut, seine Liebe zu gestehen, wird jedoch mit der Zeit immer klarer. Die Szenenmontage, die von der Mittelstufen-Theater-AG des Schenk-von-LimpurgGymnasiums unter der Leitung von Nina Rose am Mittwoch und Donnerstag in der Aula inszeniert wurde, beruht auf vier Werken von William Shakespeare, die lustig von Liebe, Neid und Eifersucht handeln: &#8222;Ein Sommernachtstraum&#8220;, &#8222;Der Widerspenstigen Z\u00e4hmung&#8220;, &#8222;Was ihr wollt&#8220; und &#8222;Wie es euch gef\u00e4llt&#8220;. Die Waldgeister aus &#8222;Ein Sommernachtstraum&#8220; sollen den Liebespaaren mit ihren Verst\u00e4ndigungsproblem eigentlich helfen. Doch sie h\u00fcpfen nur munter durch den Wald und machen sich \u00fcber die Verliebten und Nichtverliebten und deren Anwandlungen lustig. Als der romantisch veranlagte Orlando, der in alle B\u00e4ume des Waldes den Namen seiner Angebeteten Rosalie geschnitzt hat, seine Gedichte schnulzt, w\u00fcrgen sie, als ob ihnen schlecht w\u00fcrde; und als Olivia nicht zugeben will, dass sie verliebt ist, verdrehen sie die Augen. Zwar stiften die Waldgeister nebst Puck und Ariel eine Menge Unfug, letztlich aber schaffen sie es doch, dass alle P\u00e4rchen zueinander finden. Auch wenn sie sich str\u00e4uben: Selbst Benedict, der anfangs behauptet, sich niemals verlieben zu wollen, muss schlie\u00dflich kapitulieren.<\/p>\n<p>Mit freundlicher Genehmigung der <a href=\"http:\/\/www.swp.de\/Gaildorf\">Rundschau<\/a><\/p>\n","protected":false},"excerpt":{"rendered":"<p>Liebe, Neid, Eifersucht &#8211; und viel Gel\u00e4chter &#8222;In Love &#8211; with Shakespeare&#8220; hie\u00df das St\u00fcck, das jetzt am Gaildorfer Gymnasium zu sehen war. Nicht nur die jungen Schauspieler hatten ihren Spa\u00df. von Aline Spantig Auf der B\u00fchne spielen zuerst drei Frauen ihre typische Geschlechterrolle. Sie schauen in den Spiegel, k\u00e4mmen ihr Haar und reden \u00fcber &hellip; <a href=\"https:\/\/theater-svlg.de\/?page_id=858\" class=\"more-link\"><span class=\"screen-reader-text\">Presse<\/span> weiterlesen <span class=\"meta-nav\">&rarr;<\/span><\/a><\/p>\n","protected":false},"author":3,"featured_media":860,"parent":809,"menu_order":0,"comment_status":"closed","ping_status":"closed","template":"","meta":{"ngg_post_thumbnail":0},"_links":{"self":[{"href":"https:\/\/theater-svlg.de\/index.php?rest_route=\/wp\/v2\/pages\/858"}],"collection":[{"href":"https:\/\/theater-svlg.de\/index.php?rest_route=\/wp\/v2\/pages"}],"about":[{"href":"https:\/\/theater-svlg.de\/index.php?rest_route=\/wp\/v2\/types\/page"}],"author":[{"embeddable":true,"href":"https:\/\/theater-svlg.de\/index.php?rest_route=\/wp\/v2\/users\/3"}],"replies":[{"embeddable":true,"href":"https:\/\/theater-svlg.de\/index.php?rest_route=%2Fwp%2Fv2%2Fcomments&post=858"}],"version-history":[{"count":3,"href":"https:\/\/theater-svlg.de\/index.php?rest_route=\/wp\/v2\/pages\/858\/revisions"}],"predecessor-version":[{"id":862,"href":"https:\/\/theater-svlg.de\/index.php?rest_route=\/wp\/v2\/pages\/858\/revisions\/862"}],"up":[{"embeddable":true,"href":"https:\/\/theater-svlg.de\/index.php?rest_route=\/wp\/v2\/pages\/809"}],"wp:featuredmedia":[{"embeddable":true,"href":"https:\/\/theater-svlg.de\/index.php?rest_route=\/wp\/v2\/media\/860"}],"wp:attachment":[{"href":"https:\/\/theater-svlg.de\/index.php?rest_route=%2Fwp%2Fv2%2Fmedia&parent=858"}],"curies":[{"name":"wp","href":"https:\/\/api.w.org\/{rel}","templated":true}]}}