{"id":867,"date":"2016-08-12T18:02:22","date_gmt":"2016-08-12T16:02:22","guid":{"rendered":"http:\/\/theater-svlg.de\/?page_id=867"},"modified":"2016-08-21T22:36:55","modified_gmt":"2016-08-21T20:36:55","slug":"besetzung","status":"publish","type":"page","link":"https:\/\/theater-svlg.de\/?page_id=867","title":{"rendered":"Besetzung"},"content":{"rendered":"<p>Mitwirkende:<\/p>\n<p>1. Theaterdirektor Kevin Heinrich<br \/>\n2. seine Gattin Rebekka<br \/>\n3. Die Nacht Leonie Amann<br \/>\n4. Alecto Sina P\u00fcnger<br \/>\n5. Thisiphone Marielle Drobny<br \/>\n6. M\u00e4gera Marta Szydelko<br \/>\n7. Zwei Schildwachen Philipp Balz, Lisa<br \/>\n8. Francisco, Offizier der Wache Jenny Hoffer<br \/>\n9. Geist, des alten K\u00f6nigs von D\u00e4nemark Larissa Frey, Philipp Perus<br \/>\n10.Hamlet, Sohn des ermordeten K\u00f6nigs Johannes Mohn<br \/>\n11.Ophelia, dessen Tochter Audrey Weber<br \/>\n12.Horatio, ein hoher Freund des Prinzen Alexandra Sch\u00f6neck<br \/>\n13.Erico, Bruder des K\u00f6nigs Susi Erhard<br \/>\n14.Sigrie, die K\u00f6nigin; Hamlets Mutter Kristin H\u00e4u\u00dfermann<br \/>\n15.Hofdiener Anna<br \/>\n16.Phantasmo\/Phantasma, Hofnarren Lena Paxian, Steven Perus<br \/>\n17.Supernanni Julia Tamkus<br \/>\n18.Leonardus, Sohn des Corambus Svenja Matthes<br \/>\n19.Corambus, k\u00f6niglicher Hofmarschall Maren W\u00f6hrle<br \/>\n20.Theaterdirektorin Carla Vera Steigerwald<br \/>\n21.Zwei Kom\u00f6dianten Leonie Amann; Jenny Hoffer<br \/>\n22.Zwei redende Banditen Marco Br\u00e4ndle, \u2028 Patrick Staiger<br \/>\n23.Jens, der Bauer Philipp Perus<br \/>\n24.Priester Elsa Brandt<br \/>\n25.Fortinbras, K\u00f6nig von Norwegen Vera Steigerwald<br \/>\n26.sein Dolmetscher Leonie Amann<br \/>\nRegie: \u00a0 \u00a0 Thomas H\u00f6ll<br \/>\nBearbeitung: \u00a0 \u00a0 Thomas H\u00f6ll, Johannes Mohn<br \/>\nMaske: \u00a0 \u00a0Kerstin Schulze<br \/>\nB\u00fchnenbild: \u00a0 \u00a0Verena Geiger und der BK \u2013 \u2028 Kurs 13<br \/>\nPlakat Verena Geiger nach einer \u2028 Idee von Jenny Hoffer<br \/>\nProgrammheft: \u00a0 \u00a0Myriam Kossak<br \/>\nTechnik &amp; Spezialeffekte: \u00a0 \u00a0Tobias Scheuermann,\u2028 Thomas Scheuermann, \u2028 Larissa Frey<\/p>\n","protected":false},"excerpt":{"rendered":"<p>Mitwirkende: 1. Theaterdirektor Kevin Heinrich 2. seine Gattin Rebekka 3. Die Nacht Leonie Amann 4. Alecto Sina P\u00fcnger 5. Thisiphone Marielle Drobny 6. M\u00e4gera Marta Szydelko 7. Zwei Schildwachen Philipp Balz, Lisa 8. Francisco, Offizier der Wache Jenny Hoffer 9. Geist, des alten K\u00f6nigs von D\u00e4nemark Larissa Frey, Philipp Perus 10.Hamlet, Sohn des ermordeten K\u00f6nigs &hellip; <a href=\"https:\/\/theater-svlg.de\/?page_id=867\" class=\"more-link\"><span class=\"screen-reader-text\">Besetzung<\/span> weiterlesen <span class=\"meta-nav\">&rarr;<\/span><\/a><\/p>\n","protected":false},"author":3,"featured_media":0,"parent":573,"menu_order":1,"comment_status":"closed","ping_status":"closed","template":"","meta":{"ngg_post_thumbnail":0},"_links":{"self":[{"href":"https:\/\/theater-svlg.de\/index.php?rest_route=\/wp\/v2\/pages\/867"}],"collection":[{"href":"https:\/\/theater-svlg.de\/index.php?rest_route=\/wp\/v2\/pages"}],"about":[{"href":"https:\/\/theater-svlg.de\/index.php?rest_route=\/wp\/v2\/types\/page"}],"author":[{"embeddable":true,"href":"https:\/\/theater-svlg.de\/index.php?rest_route=\/wp\/v2\/users\/3"}],"replies":[{"embeddable":true,"href":"https:\/\/theater-svlg.de\/index.php?rest_route=%2Fwp%2Fv2%2Fcomments&post=867"}],"version-history":[{"count":1,"href":"https:\/\/theater-svlg.de\/index.php?rest_route=\/wp\/v2\/pages\/867\/revisions"}],"predecessor-version":[{"id":868,"href":"https:\/\/theater-svlg.de\/index.php?rest_route=\/wp\/v2\/pages\/867\/revisions\/868"}],"up":[{"embeddable":true,"href":"https:\/\/theater-svlg.de\/index.php?rest_route=\/wp\/v2\/pages\/573"}],"wp:attachment":[{"href":"https:\/\/theater-svlg.de\/index.php?rest_route=%2Fwp%2Fv2%2Fmedia&parent=867"}],"curies":[{"name":"wp","href":"https:\/\/api.w.org\/{rel}","templated":true}]}}