{"id":869,"date":"2016-08-12T18:06:16","date_gmt":"2016-08-12T16:06:16","guid":{"rendered":"http:\/\/theater-svlg.de\/?page_id=869"},"modified":"2016-08-12T18:08:35","modified_gmt":"2016-08-12T16:08:35","slug":"presse","status":"publish","type":"page","link":"https:\/\/theater-svlg.de\/?page_id=869","title":{"rendered":"Presse"},"content":{"rendered":"<h1>Trotz Supernanny acht Leichen<\/h1>\n<h2>Umjubelt: Theater AG des Gaildorfer Gymnasiums spielt einen \u201efrisierten\u201c Hamlet<\/h2>\n<h4>Bei ihrer Premiere des St\u00fcckes \u201eDer bestrafte Brudermord oder Prinz Hamlet aus D\u00e4nemark\u201c wurde die Theater AG des Schenk \u2013 von \u2013 Limpurg \u2013 Gymnasiums am Freitag vom Publikum gefeiert.<a href=\"https:\/\/theater-svlg.de\/wp-content\/uploads\/DBBM.png\"><img loading=\"lazy\" class=\"aligncenter  wp-image-871\" src=\"https:\/\/theater-svlg.de\/wp-content\/uploads\/DBBM-300x160.png\" alt=\"DBBM\" width=\"394\" height=\"210\" srcset=\"https:\/\/theater-svlg.de\/wp-content\/uploads\/DBBM-300x160.png 300w, https:\/\/theater-svlg.de\/wp-content\/uploads\/DBBM.png 663w\" sizes=\"(max-width: 394px) 100vw, 394px\" \/><\/a><\/h4>\n<p>Irmtraud Koch, 28. Oktober 2009 (Gaildorfer Rundschau)<\/p>\n<p>Selten sah man bei einem Drama Leichen so heiter auf und von der B\u00fchne purzeln wie bei dieser Inszenierung der Theater AG des Schenkengymnasiums. \u201eDer bestrafte Brudermord\u201c, auch \u201eder deutsche Hamlet\u201c genannt, stammt von einem Anynymus des 17. Jahrhunderts und befasst sich \u2013 zwar mit einigen Mutationen der darmatis personae und Namen \u2013 mit demselben Stoff wie der Shakespearsche Hamlet. Wanderb\u00fchnen spielten den deutschen lieber, wohl wegen seiner kompakten Handlung.<\/p>\n<p>Allerdings hat f\u00fcr die Schulauff\u00fchrung am Schenk \u2013 von \u2013 Limpurg \u2013 Gymnasium der regief\u00fchrende Thomas H\u00f6ll das Drehbuch zus\u00e4tzlich \u201efrisiert\u201c. So stellte er dem d\u00e4nischen K\u00f6nigshof zur L\u00f6sung seiner Intrigen und Beziehungskrisen eine Supernanny zur Seite (Julia Tamkus). Vergebens: acht Leichen lautet die Bilanz.<a href=\"https:\/\/theater-svlg.de\/wp-content\/uploads\/DBBM2.png\"><img loading=\"lazy\" class=\"aligncenter  wp-image-872\" src=\"https:\/\/theater-svlg.de\/wp-content\/uploads\/DBBM2.png\" alt=\"DBBM2\" width=\"387\" height=\"210\" \/><\/a><\/p>\n<p>Zentral steht im St\u00fcck nicht Hamlet sondern sein b\u00f6ser Onkel Erico, meisterhaft gemimt von Susi Erhard. Angetan mit steiler Krone, Purpur, Hermelin und Tigerpfoten \u2013 Puschen h\u00fcpft der Bruderm\u00f6rder \u00fcber die B\u00fchne \u00e1 la Parodie auf Daniel K\u00fchlb\u00f6ck. Am Halse h\u00e4ngt ihm seine Buhle Sigrie, die Mutter Hamlets (Kristin H\u00e4u\u00dfermann). Um das verbrecherische Paar herum kobolzen, \u201eOp-Artig\u201c bemalt, die Hofnarren Phantasma und \u2013mo (Lena Paxian, Steven Perus) in akrobatischer Steillage. Auch die \u00fcbrigen Spieler gl\u00e4nzen durch ungebremste Spielfreude: Johannes Mohn als Hamlet und Bauer Jens (Philip Perus), der Geist von Hamlets Vater (Larissa Frey), Horatio (Alexandra Sch\u00f6neck, Ophelia (Audrey Weber), ihr Bruder (Svenja Matthes), ihr Vater (Maren W\u00f6hrle), die Schildwachen (Philipp Balz, Lisa Schl\u00fcter) und der Priester (Elsa Brandt).<\/p>\n<p>&nbsp;<\/p>\n<p>Ach, es geht turbulent zu: Zwei Banditen in glaubhaftem Outfit (Marco Br\u00e4ndle, Patrick Staiger) nieten an Stelle von Hamlet sich gegenseitig um. Jens der Bauer, wird durch das Eint\u00fcten von Milch in seiner Existenz bedroht. Die Nacht (Leonie Amann) bringt Hexen (Sina P\u00fcnger, Marielle Drobny, Martha Szydelka) fort wie bei Macbeth jedoch hier in rockender und mit Raucherhusten behafteten Form. H\u00f6ll zaubert einen Theaterdirektor mit Frau (Kevin Heinrich, Rebekka Lauer) aus dem Hut und l\u00e4sst am Ende wie Shakespeare den norwegischen Fortinbras (Vera Steigerwald) die Macht \u00fcbernehmen. Und so gilt am Schluss, was auch am Anfang galt: Der K\u00f6nig ist tot. Es lebe der K\u00f6nig \u2013 und die vielen ungenannten Helfer, die zum Gelingen dieses urkomischen Spiels beigetragen haben.<\/p>\n<p>Mit freundlicher Genehmigung der <a href=\"http:\/\/www.swp.de\/Gaildorf\">Rundschau<\/a><\/p>\n","protected":false},"excerpt":{"rendered":"<p>Trotz Supernanny acht Leichen Umjubelt: Theater AG des Gaildorfer Gymnasiums spielt einen \u201efrisierten\u201c Hamlet Bei ihrer Premiere des St\u00fcckes \u201eDer bestrafte Brudermord oder Prinz Hamlet aus D\u00e4nemark\u201c wurde die Theater AG des Schenk \u2013 von \u2013 Limpurg \u2013 Gymnasiums am Freitag vom Publikum gefeiert. Irmtraud Koch, 28. Oktober 2009 (Gaildorfer Rundschau) Selten sah man bei &hellip; <a href=\"https:\/\/theater-svlg.de\/?page_id=869\" class=\"more-link\"><span class=\"screen-reader-text\">Presse<\/span> weiterlesen <span class=\"meta-nav\">&rarr;<\/span><\/a><\/p>\n","protected":false},"author":3,"featured_media":0,"parent":573,"menu_order":0,"comment_status":"closed","ping_status":"closed","template":"","meta":{"ngg_post_thumbnail":0},"_links":{"self":[{"href":"https:\/\/theater-svlg.de\/index.php?rest_route=\/wp\/v2\/pages\/869"}],"collection":[{"href":"https:\/\/theater-svlg.de\/index.php?rest_route=\/wp\/v2\/pages"}],"about":[{"href":"https:\/\/theater-svlg.de\/index.php?rest_route=\/wp\/v2\/types\/page"}],"author":[{"embeddable":true,"href":"https:\/\/theater-svlg.de\/index.php?rest_route=\/wp\/v2\/users\/3"}],"replies":[{"embeddable":true,"href":"https:\/\/theater-svlg.de\/index.php?rest_route=%2Fwp%2Fv2%2Fcomments&post=869"}],"version-history":[{"count":3,"href":"https:\/\/theater-svlg.de\/index.php?rest_route=\/wp\/v2\/pages\/869\/revisions"}],"predecessor-version":[{"id":874,"href":"https:\/\/theater-svlg.de\/index.php?rest_route=\/wp\/v2\/pages\/869\/revisions\/874"}],"up":[{"embeddable":true,"href":"https:\/\/theater-svlg.de\/index.php?rest_route=\/wp\/v2\/pages\/573"}],"wp:attachment":[{"href":"https:\/\/theater-svlg.de\/index.php?rest_route=%2Fwp%2Fv2%2Fmedia&parent=869"}],"curies":[{"name":"wp","href":"https:\/\/api.w.org\/{rel}","templated":true}]}}