{"id":880,"date":"2016-08-12T18:36:30","date_gmt":"2016-08-12T16:36:30","guid":{"rendered":"http:\/\/theater-svlg.de\/?page_id=880"},"modified":"2016-08-24T18:41:05","modified_gmt":"2016-08-24T16:41:05","slug":"200607-das-lied-der-heimat","status":"publish","type":"page","link":"https:\/\/theater-svlg.de\/?page_id=880","title":{"rendered":"2006\/07 &#8211; Das Lied der Heimat"},"content":{"rendered":"<h1><!-- index.php -->\n<div\n\tclass=\"ngg-galleryoverview ngg-ajax-pagination-none\"\n\tid=\"ngg-gallery-982-1\">\n\n    \t<div class=\"slideshowlink\">\n        <a href='https:\/\/theater-svlg.de\/index.php\/nggallery\/slideshow?page_id=880'>[Zeige eine Slideshow]<\/a>\n\t\t\n\t<\/div>\n\t\t\t<!-- Thumbnails -->\n\t\t\t\t<div id=\"ngg-image-0\" class=\"ngg-gallery-thumbnail-box\" >\n\t\t\t\t        <div class=\"ngg-gallery-thumbnail\">\n            <a href=\"https:\/\/theater-svlg.de\/wp-content\/gallery\/Das-ewige-Lied-der-Heimat\/bildarchdc5-5bvm7pktfa0dbvvuk06.jpg\"\n               title=\"Premiere im Schenk-von-Limpurg-Gymnasium, Theater AG Theater-AG traellerte von Thomas Huerlimanns Lied der Heimat\"\n               data-src=\"https:\/\/theater-svlg.de\/wp-content\/gallery\/Das-ewige-Lied-der-Heimat\/bildarchdc5-5bvm7pktfa0dbvvuk06.jpg\"\n               data-thumbnail=\"https:\/\/theater-svlg.de\/wp-content\/gallery\/Das-ewige-Lied-der-Heimat\/thumbs\/thumbs_bildarchdc5-5bvm7pktfa0dbvvuk06.jpg\"\n               data-image-id=\"240\"\n               data-title=\"Heimat&#039;01.JPG\"\n               data-description=\"Premiere im Schenk-von-Limpurg-Gymnasium, Theater AG Theater-AG traellerte von Thomas Huerlimanns Lied der Heimat\"\n               data-image-slug=\"bildarchdc5-5bvm7pktfa0dbvvuk06\"\n               class=\"ngg-fancybox\" rel=\"982\">\n                <img\n                    title=\"Heimat&#039;01.JPG\"\n                    alt=\"Heimat&#039;01.JPG\"\n                    src=\"https:\/\/theater-svlg.de\/wp-content\/gallery\/Das-ewige-Lied-der-Heimat\/thumbs\/thumbs_bildarchdc5-5bvm7pktfa0dbvvuk06.jpg\"\n                    width=\"213\"\n                    height=\"160\"\n                    style=\"max-width:100%;\"\n                \/>\n            <\/a>\n        <\/div>\n\t\t\t\t\t\t\t<\/div> \n\t\t\t\n                            \n\t\t\t\t<div id=\"ngg-image-1\" class=\"ngg-gallery-thumbnail-box\" >\n\t\t\t\t        <div class=\"ngg-gallery-thumbnail\">\n            <a href=\"https:\/\/theater-svlg.de\/wp-content\/gallery\/Das-ewige-Lied-der-Heimat\/bildarchdc5-5bvm7tsx3g81bsmn8k06.jpg\"\n               title=\"Premiere im Schenk-von-Limpurg-Gymnasium, Theater AG Theater-AG traellerte von Thomas Huerlimanns Lied der Heimat\"\n               data-src=\"https:\/\/theater-svlg.de\/wp-content\/gallery\/Das-ewige-Lied-der-Heimat\/bildarchdc5-5bvm7tsx3g81bsmn8k06.jpg\"\n               data-thumbnail=\"https:\/\/theater-svlg.de\/wp-content\/gallery\/Das-ewige-Lied-der-Heimat\/thumbs\/thumbs_bildarchdc5-5bvm7tsx3g81bsmn8k06.jpg\"\n               data-image-id=\"241\"\n               data-title=\"Heimat&#039;02.JPG\"\n               data-description=\"Premiere im Schenk-von-Limpurg-Gymnasium, Theater AG Theater-AG traellerte von Thomas Huerlimanns Lied der Heimat\"\n               data-image-slug=\"bildarchdc5-5bvm7tsx3g81bsmn8k06\"\n               class=\"ngg-fancybox\" rel=\"982\">\n                <img\n                    title=\"Heimat&#039;02.JPG\"\n                    alt=\"Heimat&#039;02.JPG\"\n                    src=\"https:\/\/theater-svlg.de\/wp-content\/gallery\/Das-ewige-Lied-der-Heimat\/thumbs\/thumbs_bildarchdc5-5bvm7tsx3g81bsmn8k06.jpg\"\n                    width=\"213\"\n                    height=\"160\"\n                    style=\"max-width:100%;\"\n                \/>\n            <\/a>\n        <\/div>\n\t\t\t\t\t\t\t<\/div> \n\t\t\t\n                            \n\t\t\t\t<div id=\"ngg-image-2\" class=\"ngg-gallery-thumbnail-box\" >\n\t\t\t\t        <div class=\"ngg-gallery-thumbnail\">\n            <a href=\"https:\/\/theater-svlg.de\/wp-content\/gallery\/Das-ewige-Lied-der-Heimat\/bildarchdc5-5bvm8dizfk011g1wik06.jpg\"\n               title=\"Premiere im Schenk-von-Limpurg-Gymnasium, Theater AG Theater-AG traellerte von Thomas Huerlimanns Lied der Heimat\"\n               data-src=\"https:\/\/theater-svlg.de\/wp-content\/gallery\/Das-ewige-Lied-der-Heimat\/bildarchdc5-5bvm8dizfk011g1wik06.jpg\"\n               data-thumbnail=\"https:\/\/theater-svlg.de\/wp-content\/gallery\/Das-ewige-Lied-der-Heimat\/thumbs\/thumbs_bildarchdc5-5bvm8dizfk011g1wik06.jpg\"\n               data-image-id=\"242\"\n               data-title=\"Heimat&#039;04.JPG\"\n               data-description=\"Premiere im Schenk-von-Limpurg-Gymnasium, Theater AG Theater-AG traellerte von Thomas Huerlimanns Lied der Heimat\"\n               data-image-slug=\"bildarchdc5-5bvm8dizfk011g1wik06\"\n               class=\"ngg-fancybox\" rel=\"982\">\n                <img\n                    title=\"Heimat&#039;04.JPG\"\n                    alt=\"Heimat&#039;04.JPG\"\n                    src=\"https:\/\/theater-svlg.de\/wp-content\/gallery\/Das-ewige-Lied-der-Heimat\/thumbs\/thumbs_bildarchdc5-5bvm8dizfk011g1wik06.jpg\"\n                    width=\"213\"\n                    height=\"160\"\n                    style=\"max-width:100%;\"\n                \/>\n            <\/a>\n        <\/div>\n\t\t\t\t\t\t\t<\/div> \n\t\t\t\n                            \n\t\t\t\t<div id=\"ngg-image-3\" class=\"ngg-gallery-thumbnail-box\" >\n\t\t\t\t        <div class=\"ngg-gallery-thumbnail\">\n            <a href=\"https:\/\/theater-svlg.de\/wp-content\/gallery\/Das-ewige-Lied-der-Heimat\/bildarchdc5-5bvm81kk6vcx9sm8k06.jpg\"\n               title=\"Premiere im Schenk-von-Limpurg-Gymnasium, Theater AG Theater-AG traellerte von Thomas Huerlimanns Lied der Heimat\"\n               data-src=\"https:\/\/theater-svlg.de\/wp-content\/gallery\/Das-ewige-Lied-der-Heimat\/bildarchdc5-5bvm81kk6vcx9sm8k06.jpg\"\n               data-thumbnail=\"https:\/\/theater-svlg.de\/wp-content\/gallery\/Das-ewige-Lied-der-Heimat\/thumbs\/thumbs_bildarchdc5-5bvm81kk6vcx9sm8k06.jpg\"\n               data-image-id=\"243\"\n               data-title=\"Heimat&#039;05.JPG\"\n               data-description=\"Premiere im Schenk-von-Limpurg-Gymnasium, Theater AG Theater-AG traellerte von Thomas Huerlimanns Lied der Heimat\"\n               data-image-slug=\"bildarchdc5-5bvm81kk6vcx9sm8k06\"\n               class=\"ngg-fancybox\" rel=\"982\">\n                <img\n                    title=\"Heimat&#039;05.JPG\"\n                    alt=\"Heimat&#039;05.JPG\"\n                    src=\"https:\/\/theater-svlg.de\/wp-content\/gallery\/Das-ewige-Lied-der-Heimat\/thumbs\/thumbs_bildarchdc5-5bvm81kk6vcx9sm8k06.jpg\"\n                    width=\"213\"\n                    height=\"160\"\n                    style=\"max-width:100%;\"\n                \/>\n            <\/a>\n        <\/div>\n\t\t\t\t\t\t\t<\/div> \n\t\t\t\n                            \n\t\t\t\t<div id=\"ngg-image-4\" class=\"ngg-gallery-thumbnail-box\" >\n\t\t\t\t        <div class=\"ngg-gallery-thumbnail\">\n            <a href=\"https:\/\/theater-svlg.de\/wp-content\/gallery\/Das-ewige-Lied-der-Heimat\/bildarchdc5-5bvm85tp1e89aphpk06.jpg\"\n               title=\"Premiere im Schenk-von-Limpurg-Gymnasium, Theater AG Theater-AG traellerte von Thomas Huerlimanns Lied der Heimat\"\n               data-src=\"https:\/\/theater-svlg.de\/wp-content\/gallery\/Das-ewige-Lied-der-Heimat\/bildarchdc5-5bvm85tp1e89aphpk06.jpg\"\n               data-thumbnail=\"https:\/\/theater-svlg.de\/wp-content\/gallery\/Das-ewige-Lied-der-Heimat\/thumbs\/thumbs_bildarchdc5-5bvm85tp1e89aphpk06.jpg\"\n               data-image-id=\"244\"\n               data-title=\"Heimat&#039;08.JPG\"\n               data-description=\"Premiere im Schenk-von-Limpurg-Gymnasium, Theater AG Theater-AG traellerte von Thomas Huerlimanns Lied der Heimat\"\n               data-image-slug=\"bildarchdc5-5bvm85tp1e89aphpk06\"\n               class=\"ngg-fancybox\" rel=\"982\">\n                <img\n                    title=\"Heimat&#039;08.JPG\"\n                    alt=\"Heimat&#039;08.JPG\"\n                    src=\"https:\/\/theater-svlg.de\/wp-content\/gallery\/Das-ewige-Lied-der-Heimat\/thumbs\/thumbs_bildarchdc5-5bvm85tp1e89aphpk06.jpg\"\n                    width=\"213\"\n                    height=\"160\"\n                    style=\"max-width:100%;\"\n                \/>\n            <\/a>\n        <\/div>\n\t\t\t\t\t\t\t<\/div> \n\t\t\t\n                                    <br style=\"clear: both\" \/>\n                    \n\t\t\n\t\t<!-- Pagination -->\n\t<div class='ngg-navigation'><span class=\"current\">1<\/span><a class=\"page-numbers\" data-pageid=\"2\" href=\"https:\/\/theater-svlg.de\/index.php\/nggallery\/page\/2?page_id=880\">2<\/a><a class=\"next\" data-pageid=\"2\" id=\"ngg-next-2\" href=\"https:\/\/theater-svlg.de\/index.php\/nggallery\/page\/2?page_id=880\">&#9658;<\/a><\/div>\t<\/div>\nLiteraturvorlage von H\u00fcrlimann<\/h1>\n<h2>Die Theater Ag des Schenk-von-Limpurg Gymnasium in Gaildorf unter der Leitung von Thomas H\u00f6ll f\u00fchrt in diesem Jahr Thomas H\u00fcrlimanns Kom\u00f6die &#8222;Das Lied der Heimat&#8220; auf.<\/h2>\n<h5>Idee und Anspruch<\/h5>\n<p>Die Sehnsucht nach der heimatlichen Idyle wird als Wunsch nach Versatzst\u00fccken entlarvt &#8211; echt und wahr ist nichts in dieser Kunstwelt. Das St\u00fcck spannt dabei einen Bogen von der Feier des 70. Geburtstags von Gottfried Keller 1889 bis zum Tod des &#8222;falschen&#8220; Komponisten Indergant ungef\u00e4hr 100 Jahre sp\u00e4ter. H\u00fcrlimann f\u00fchrt uns dabei durch die Abgr\u00fcnde der Schweizer Geschichte, doch freuen wir uns nicht zu fr\u00fch: Ein bisschen Schweizer sind wir doch alle, auch hier in Gaildorf.<a href=\"https:\/\/theater-svlg.de\/wp-content\/uploads\/FullSizeRender.jpg\"><img loading=\"lazy\" class=\"aligncenter wp-image-877\" src=\"https:\/\/theater-svlg.de\/wp-content\/uploads\/FullSizeRender-207x300.jpg\" alt=\"FullSizeRender\" width=\"309\" height=\"448\" srcset=\"https:\/\/theater-svlg.de\/wp-content\/uploads\/FullSizeRender-207x300.jpg 207w, https:\/\/theater-svlg.de\/wp-content\/uploads\/FullSizeRender-708x1024.jpg 708w, https:\/\/theater-svlg.de\/wp-content\/uploads\/FullSizeRender.jpg 1828w\" sizes=\"(max-width: 309px) 100vw, 309px\" \/><\/a><\/p>\n<p>Verkn\u00fcpft werden die Szenen durch Musikeinlagen die Bernd Scheiderer, Musiklehrer am SvLG, nach Motiven von Haindling neu arrangiert hat. Die Besucherinnen und Besucher k\u00f6nnen sich auf einen unterhaltsamen Theaterabend freuen.<\/p>\n","protected":false},"excerpt":{"rendered":"<p>[Zeige eine Slideshow] 12&#9658; Literaturvorlage von H\u00fcrlimann Die Theater Ag des Schenk-von-Limpurg Gymnasium in Gaildorf unter der Leitung von Thomas H\u00f6ll f\u00fchrt in diesem Jahr Thomas H\u00fcrlimanns Kom\u00f6die &#8222;Das Lied der Heimat&#8220; auf. Idee und Anspruch Die Sehnsucht nach der heimatlichen Idyle wird als Wunsch nach Versatzst\u00fccken entlarvt &#8211; echt und wahr ist nichts in &hellip; <a href=\"https:\/\/theater-svlg.de\/?page_id=880\" class=\"more-link\"><span class=\"screen-reader-text\">2006\/07 &#8211; Das Lied der Heimat<\/span> weiterlesen <span class=\"meta-nav\">&rarr;<\/span><\/a><\/p>\n","protected":false},"author":3,"featured_media":0,"parent":28,"menu_order":9,"comment_status":"closed","ping_status":"closed","template":"","meta":{"ngg_post_thumbnail":0},"_links":{"self":[{"href":"https:\/\/theater-svlg.de\/index.php?rest_route=\/wp\/v2\/pages\/880"}],"collection":[{"href":"https:\/\/theater-svlg.de\/index.php?rest_route=\/wp\/v2\/pages"}],"about":[{"href":"https:\/\/theater-svlg.de\/index.php?rest_route=\/wp\/v2\/types\/page"}],"author":[{"embeddable":true,"href":"https:\/\/theater-svlg.de\/index.php?rest_route=\/wp\/v2\/users\/3"}],"replies":[{"embeddable":true,"href":"https:\/\/theater-svlg.de\/index.php?rest_route=%2Fwp%2Fv2%2Fcomments&post=880"}],"version-history":[{"count":2,"href":"https:\/\/theater-svlg.de\/index.php?rest_route=\/wp\/v2\/pages\/880\/revisions"}],"predecessor-version":[{"id":984,"href":"https:\/\/theater-svlg.de\/index.php?rest_route=\/wp\/v2\/pages\/880\/revisions\/984"}],"up":[{"embeddable":true,"href":"https:\/\/theater-svlg.de\/index.php?rest_route=\/wp\/v2\/pages\/28"}],"wp:attachment":[{"href":"https:\/\/theater-svlg.de\/index.php?rest_route=%2Fwp%2Fv2%2Fmedia&parent=880"}],"curies":[{"name":"wp","href":"https:\/\/api.w.org\/{rel}","templated":true}]}}