{"id":945,"date":"2016-08-24T12:42:31","date_gmt":"2016-08-24T10:42:31","guid":{"rendered":"http:\/\/theater-svlg.de\/?page_id=945"},"modified":"2016-08-24T22:20:17","modified_gmt":"2016-08-24T20:20:17","slug":"945-2","status":"publish","type":"page","link":"https:\/\/theater-svlg.de\/?page_id=945","title":{"rendered":"Besetzung"},"content":{"rendered":"<p><b>I. Heiraten? Heiraten!<\/b><\/p>\n<p><b>Mademoiselle:<\/b><br \/>\nJanina H\u00e4gele<\/p>\n<p><b>Zofen<\/b>:<br \/>\nJulia H\u00e4gele<br \/>\nElisabeth Hossbach<br \/>\nJamie Lee Kiefner<br \/>\nLara Tiebl<br \/>\nLisa Tiessen<br \/>\nSalome Wecks<br \/>\nJohanna Sonner<br \/>\n<b>Arie: Die schlimmen M\u00e4nner<\/b><br \/>\nJanina H\u00e4gele<\/p>\n<p>&nbsp;<\/p>\n<p><b>II. Ein Heiratsantrag (frei nach Tschechow)<\/b><\/p>\n<p><b>Vater der Braut:<\/b><br \/>\nMario Wolanski<\/p>\n<p><b>Br\u00e4utigam<br \/>\n<\/b>Magnus W\u00f6rz<\/p>\n<p><b>Braut<br \/>\n<\/b>Theresa Glaser<\/p>\n<p><b>Arie: Die Geldheirat<br \/>\n<\/b>Amaury Krief<\/p>\n<p>&nbsp;<\/p>\n<p>III. <b>Der kranke Pantalone oder Die Liebesmedizin<\/b><\/p>\n<p><b>Pantalone<br \/>\n<\/b>Nico Pratz<\/p>\n<p><b>Dottore<\/b><br \/>\nAmaury Krief<\/p>\n<p><b>Assistent des Dottores<br \/>\n<\/b>Lisa Tiessen<\/p>\n<p><b>Arlecchino<\/b><br \/>\nJulia H\u00e4gele<\/p>\n<p><b>Columbinae<\/b><br \/>\nKaroline Katschor<br \/>\nMarijke Altenm\u00fcller<\/p>\n<p><b>Arie: Der Brummb\u00e4r<br \/>\n<\/b>Marijke Altenm\u00fcller, Julia H\u00e4gele, Karoline Katschor, Amaury Krief, Nico Pratz, Lisa Tiessen<\/p>\n<p><b>Arie: Coridon in Geldn\u00f6ten<br \/>\n<\/b>Marijke Altenm\u00fcller, Julia H\u00e4gele, Karoline Katschor, Amaury Krief, Nico Pratz, Lisa Tiessen<\/p>\n<p>&nbsp;<\/p>\n<p><b>IV.: Der betrogene Betr\u00fcger<\/b><\/p>\n<p><b>Mademoiselle (die junge Zofe)<\/b><br \/>\nJanina H\u00e4gele<\/p>\n<p><b>Monsieur (der liebestoller Ehemann)<\/b><br \/>\nJuliane Weller<\/p>\n<p><b>Madame (die Ehefrau des Vorigen)<\/b><br \/>\nMelina Rieger<\/p>\n<p><b>Arie: Im Dunkeln ist gut munkeln<\/b><br \/>\nJanina H\u00e4gele, Julia H\u00e4gele, Melina Rieger, Juliane Weller<\/p>\n<p><b>Arie: Die holde Nacht<\/b><br \/>\nJanina H\u00e4gele, Julia H\u00e4gele, Melina Rieger, Juliane Weller<\/p>\n<p>&nbsp;<\/p>\n<p><b>V. Werther Variationen<\/b><br \/>\n<strong>Erz\u00e4hler<\/strong><br \/>\nNina Woelk<br \/>\nSamuel W\u00f6rz<br \/>\n<b>Va: Erste Begegnung &#8211; Tanz mit Lotte<\/b><br \/>\n<b>Werther I<\/b><br \/>\nJulia H\u00e4gele<\/p>\n<p><b>Lotte I<\/b><br \/>\nLea Werner<\/p>\n<p><b>Festg\u00e4ste<\/b><br \/>\nJonas Gorke, Theresa Glaser, Elisabeth Hossbach, Jamie Lee Kiefner, Nico Pratz, Lara Tiebl, Magnus W\u00f6rz, Mario Wolanski<\/p>\n<p><b>Arie:\u00a0Verliebtes Weinen und Lachen<\/b><br \/>\nJulia H\u00e4gele<\/p>\n<p>&nbsp;<\/p>\n<p><b>Vb:\u00a0<\/b><b>Liebesgl\u00fcck<br \/>\n<\/b><br \/>\n<b>Werther II<\/b><br \/>\nJuliane\u00a0Weller<\/p>\n<p><b>Lotte II<\/b><br \/>\nJohanna\u00a0Sonner<\/p>\n<p><b>Arie:\u00a0Die neue Bauernstube<\/b><br \/>\nNico Pratz, Amaury Krief, Magnus W\u00f6rz, Mario Wolanski<\/p>\n<p>&nbsp;<\/p>\n<p><strong>Vc: Albert ist da<\/strong><\/p>\n<p><b>Werther III<\/b><br \/>\nSalome\u00a0Wecks<\/p>\n<p><b>Lotte III<\/b><br \/>\nMelina Rieger<\/p>\n<p><b>Albert\u00a0I<\/b><br \/>\nJonas\u00a0Gorke<\/p>\n<p><b>Arie:\u00a0Liebespein\u00a0<\/b><br \/>\nJuliane Weller<\/p>\n<p>&nbsp;<\/p>\n<p>&nbsp;<\/p>\n<p><b>Vd: \u00a0Das Ende ist nah<\/b><\/p>\n<p><strong>Werther IV<\/strong><br \/>\nJohanna Sonner<\/p>\n<p><strong>Charlotte IV<\/strong><br \/>\nMarijke\u00a0Altenm\u00fcller<br \/>\n<strong>Albert II<\/strong><br \/>\nMagnus Woerz<\/p>\n<p><strong>Pfarrer<\/strong><br \/>\nTomasius Anonymus<\/p>\n<p><strong>Arie: Du ungl\u00fcckseliger Morgenstern<br \/>\n<\/strong>Marijke\u00a0Altenm\u00fcller, Salome\u00a0Wecks,\u00a0Magnus Woerz und Tutti des Ensembles<\/p>\n<p><b>Technik<br \/>\n<\/b>Dominik Rieger, \u00a0Gabriel Rafael,\u00a0Peter Alber,\u00a0Janos Horacki<\/p>\n<p><strong>Maske<\/strong><br \/>\nNina Rose<br \/>\nSylvia Linke<\/p>\n<p><strong>Filmdokumentation<\/strong><br \/>\nMario Simon<br \/>\nLukas Werner<\/p>\n<p><strong>Musikalische Leitung<\/strong><br \/>\nVincent Eissing \u2013 Boyny<\/p>\n<p><strong>Regie und Textbearbeitung<\/strong><br \/>\nThomas H\u00f6ll<\/p>\n","protected":false},"excerpt":{"rendered":"<p>I. Heiraten? Heiraten! Mademoiselle: Janina H\u00e4gele Zofen: Julia H\u00e4gele Elisabeth Hossbach Jamie Lee Kiefner Lara Tiebl Lisa Tiessen Salome Wecks Johanna Sonner Arie: Die schlimmen M\u00e4nner Janina H\u00e4gele &nbsp; II. Ein Heiratsantrag (frei nach Tschechow) Vater der Braut: Mario Wolanski Br\u00e4utigam Magnus W\u00f6rz Braut Theresa Glaser Arie: Die Geldheirat Amaury Krief &nbsp; III. Der kranke &hellip; <a href=\"https:\/\/theater-svlg.de\/?page_id=945\" class=\"more-link\"><span class=\"screen-reader-text\">Besetzung<\/span> weiterlesen <span class=\"meta-nav\">&rarr;<\/span><\/a><\/p>\n","protected":false},"author":2,"featured_media":0,"parent":31,"menu_order":1,"comment_status":"closed","ping_status":"closed","template":"","meta":{"ngg_post_thumbnail":0},"_links":{"self":[{"href":"https:\/\/theater-svlg.de\/index.php?rest_route=\/wp\/v2\/pages\/945"}],"collection":[{"href":"https:\/\/theater-svlg.de\/index.php?rest_route=\/wp\/v2\/pages"}],"about":[{"href":"https:\/\/theater-svlg.de\/index.php?rest_route=\/wp\/v2\/types\/page"}],"author":[{"embeddable":true,"href":"https:\/\/theater-svlg.de\/index.php?rest_route=\/wp\/v2\/users\/2"}],"replies":[{"embeddable":true,"href":"https:\/\/theater-svlg.de\/index.php?rest_route=%2Fwp%2Fv2%2Fcomments&post=945"}],"version-history":[{"count":6,"href":"https:\/\/theater-svlg.de\/index.php?rest_route=\/wp\/v2\/pages\/945\/revisions"}],"predecessor-version":[{"id":1578,"href":"https:\/\/theater-svlg.de\/index.php?rest_route=\/wp\/v2\/pages\/945\/revisions\/1578"}],"up":[{"embeddable":true,"href":"https:\/\/theater-svlg.de\/index.php?rest_route=\/wp\/v2\/pages\/31"}],"wp:attachment":[{"href":"https:\/\/theater-svlg.de\/index.php?rest_route=%2Fwp%2Fv2%2Fmedia&parent=945"}],"curies":[{"name":"wp","href":"https:\/\/api.w.org\/{rel}","templated":true}]}}