{"id":951,"date":"2016-08-24T15:14:30","date_gmt":"2016-08-24T13:14:30","guid":{"rendered":"http:\/\/theater-svlg.de\/?page_id=951"},"modified":"2017-02-14T21:48:11","modified_gmt":"2017-02-14T20:48:11","slug":"presse","status":"publish","type":"page","link":"https:\/\/theater-svlg.de\/?page_id=951","title":{"rendered":"Presse"},"content":{"rendered":"<p>Theater-AG unterh\u00e4lt ihre \u201eFlugg\u00e4ste\u201c mit Shakespeares gesammelten Werken<\/p>\n<p><em>von Aline Spantig (Gaildorfer Rundschau, 22. Oktober 2013)<\/em><\/p>\n<p><b>Die Theatergruppe des Schenk- von-Limpurg-Gymnasiums f\u00fchrt zurzeit \u201eAlles von Shake- speare an einem Abend\u201c auf. Paradoxe und witzige Unterhal- tung, mit Shakespeares Werken, etwas anders interpretiert.\u00a0<\/b><\/p>\n<p><b>Gaildorf. <\/b>Wer am Freitag- und Sonntagabend zur Theaterauff\u00fchrung im Schenk-von-Limpurg-Gymnasium gehen wollte, staunte erst mal nicht schlecht, als gleich am Ein- gang eine Sicherheitskontrolle durchgef\u00fchrt wurde. Doch wer es durch die Schleuse geschafft hatte, konnte sich auf ein buntes Unterhaltungsprogramm freuen.<\/p>\n<p>Die Theater-AG lud zu einem Flug \u00fcber Kocher und Kirgel ein. Die Schauspieler ersetzten das Bordkino mit einer Vorf\u00fchrung von Shakespeares gesammelten Werken \u2013 also alle St\u00fccke von Shakespeare in einer Auff\u00fchrung. Klar dass es bei so vielen Charakteren schnell zu einem Durcheinander kommt.<\/p>\n<p>So verirrt sich beispielsweise Florian Silbereisen in seinem goldglitzernden Anzug in eine blutige Koch- show nach dem St\u00fcck Titus Andronicus. Von Romeo und Julia wurden gleich mehrere Versionen dargeboten. Zum Beispiel in \u201eBeamten-Version\u201c. Doch vor allem die \u201eBoahr ehy-Variante\u201c sorgte f\u00fcr lautes Gel\u00e4chter im Publikum. Mit ihrer be- tonten Macho-Art, Ghetto-Sprache und im Jogginghosenoutfit stellte Julia Dargel eine mehr als klischee- hafte, moderne jugendliche Julia dar. Auch die zahlreichen K\u00f6nigsdramen kamen nicht zu kurz. Das Publikum musste sich sogar erhe- ben, als einer der vielen K\u00f6nige die B\u00fchne betrat. Dann ging es drunter und dr\u00fcber mit dem ganzen Ermorden, L\u00fcgen und Betr\u00fcgen rund um die Macht und die K\u00f6nigskrone.<\/p>\n<p>&nbsp;<\/p>\n<p>Die verschiedenen St\u00fccke \u00fcberschneiden sich, geben jedoch insgesamt ein paradoxes und witziges Zusammenspiel ab. So auch die neue Version von MacBeth. Das St\u00fcck war auf einmal nicht mehr schottisch sondern \u201euff schw\u00e4bisch\u201c. Bei den gro\u00dfartig gruseligen Hexenkost\u00fcmen, die bei MacBeth auf der B\u00fchne zu sehen sind, war man schon fast wieder froh, als ein weiteres Mal der sympathische Florian Silbereisen \u2013 gespielt von Felix Ebner \u2013 mit seiner Sturmfrisur auf der B\u00fchne erschien. Das tat er zwar ohne jeden Grund, jedoch war er definitiv der Publikumsliebling. Felix bereicherte zudem zusammen mit Lisa Stahl das St\u00fcck durch gef\u00fchlvolle Gesangseinlagen, bei der er sich Unterst\u00fctzung von ehemaligen Sch\u00fclern des SvLG holte.<\/p>\n<p>Mit freundlicher Genehmigung der \u201eGaildorfer Rundschau\u201c<\/p>\n","protected":false},"excerpt":{"rendered":"<p>Theater-AG unterh\u00e4lt ihre \u201eFlugg\u00e4ste\u201c mit Shakespeares gesammelten Werken von Aline Spantig (Gaildorfer Rundschau, 22. Oktober 2013) Die Theatergruppe des Schenk- von-Limpurg-Gymnasiums f\u00fchrt zurzeit \u201eAlles von Shake- speare an einem Abend\u201c auf. Paradoxe und witzige Unterhal- tung, mit Shakespeares Werken, etwas anders interpretiert.\u00a0 Gaildorf. Wer am Freitag- und Sonntagabend zur Theaterauff\u00fchrung im Schenk-von-Limpurg-Gymnasium gehen wollte, staunte &hellip; <a href=\"https:\/\/theater-svlg.de\/?page_id=951\" class=\"more-link\"><span class=\"screen-reader-text\">Presse<\/span> weiterlesen <span class=\"meta-nav\">&rarr;<\/span><\/a><\/p>\n","protected":false},"author":2,"featured_media":952,"parent":74,"menu_order":0,"comment_status":"closed","ping_status":"closed","template":"","meta":{"ngg_post_thumbnail":0},"_links":{"self":[{"href":"https:\/\/theater-svlg.de\/index.php?rest_route=\/wp\/v2\/pages\/951"}],"collection":[{"href":"https:\/\/theater-svlg.de\/index.php?rest_route=\/wp\/v2\/pages"}],"about":[{"href":"https:\/\/theater-svlg.de\/index.php?rest_route=\/wp\/v2\/types\/page"}],"author":[{"embeddable":true,"href":"https:\/\/theater-svlg.de\/index.php?rest_route=\/wp\/v2\/users\/2"}],"replies":[{"embeddable":true,"href":"https:\/\/theater-svlg.de\/index.php?rest_route=%2Fwp%2Fv2%2Fcomments&post=951"}],"version-history":[{"count":4,"href":"https:\/\/theater-svlg.de\/index.php?rest_route=\/wp\/v2\/pages\/951\/revisions"}],"predecessor-version":[{"id":2425,"href":"https:\/\/theater-svlg.de\/index.php?rest_route=\/wp\/v2\/pages\/951\/revisions\/2425"}],"up":[{"embeddable":true,"href":"https:\/\/theater-svlg.de\/index.php?rest_route=\/wp\/v2\/pages\/74"}],"wp:featuredmedia":[{"embeddable":true,"href":"https:\/\/theater-svlg.de\/index.php?rest_route=\/wp\/v2\/media\/952"}],"wp:attachment":[{"href":"https:\/\/theater-svlg.de\/index.php?rest_route=%2Fwp%2Fv2%2Fmedia&parent=951"}],"curies":[{"name":"wp","href":"https:\/\/api.w.org\/{rel}","templated":true}]}}