{"id":956,"date":"2016-08-24T15:45:26","date_gmt":"2016-08-24T13:45:26","guid":{"rendered":"http:\/\/theater-svlg.de\/?page_id=956"},"modified":"2017-02-14T21:47:29","modified_gmt":"2017-02-14T20:47:29","slug":"presse","status":"publish","type":"page","link":"https:\/\/theater-svlg.de\/?page_id=956","title":{"rendered":"Presse"},"content":{"rendered":"<p>Theater AG inszeniert Ringsgwandl<\/p>\n<p>von RALF SNURAWA, Gaildorfer Rundschau 25. Oktober 2010<\/p>\n<p><b>Georg Ringsgwandls \u201elausige\u201c Operette \u201eDie Tankstelle der Verdammten\u201c hat die Theater AG des Schenk-von-Limpurg- Gymnasiums inszeniert \u2013 durch- weg \u00fcberzeugend, fand auch das Premierenpublikum.\u00a0<\/b><\/p>\n<p><b>Gaildorf. <\/b>Nein, \u201elausig\u201c ist die Inszenierung der Ringsgwandl-Operette durch die Sch\u00fclerinnen und Sch\u00fcler des Schenk-von-Limpurg-Gymnasiums und Thomas H\u00f6ll nun wirklich nicht. Sie m\u00fcssen vielmehr schon profihaft \u00fcber zwei Stunden B\u00fchnenpr\u00e4senz zeigen. Und das gelang ihnen bei der Premiere am Freitagabend in der Schulaula in den unterschiedlichsten Rollen und Situationen ganz hervorragend. Immer wieder war es vor allem das infernalische Putzfrauen-Trio, das das Publikum durch Karikaturhaftes zum Lachen zu bringen vermochte.<\/p>\n<p>Zwischendurch \u2013 kurz vor der Pause \u2013 stie\u00dfen der als Dr. Prittwitz \u00fcberzeugende Johannes Mohn und Tino-Darsteller Phillip Perus als Hans Rechts und Peter Links mit ihrer Werbesendungsparodie \u00fcber Currywurst in dasselbe Horn.<\/p>\n<p><i>Selbst die Nebenschaupl\u00e4tze werden zum Ereignis\u00a0<\/i><\/p>\n<p>Johannes Mohn hatte um diese slapstickhafte Nebenrolle herum den fiesen, aber letztlich doch auch l\u00e4cherlich angeberischen Dr. Prittwitz zu einer wunderbar dargestellten Negativfigur des St\u00fcckes werden lassen. Das konnte etwa im Duett mit Marta Szydelko als Frau Dreher, die Mutter Chucks und Ivos, durchaus witzig werden, besonders nach \u201eDie Macht der Gene\u201c zu \u201eDas verr\u00fcckte Chromosom\u201c mit Charleston-Einlage. Susi Erhardt hat die Hauptrolle des Chuck \u00fcbernommen und ist damit auch Gegenspielerin von Prittwitz.<\/p>\n<p>Chuck ist der verloren gegangene Gitarrenstar, der sein Dasein als Angestellter in einer heruntergekom- menen Tankstelle zusammen mit Tino fristet. Susi Erhardts Chuck ist aber auch ein Haudegen, der sich nichts gefallen l\u00e4sst, und alle m\u00f6glichen Gegner \u00fcber die B\u00fchne und den Boden wirft.<\/p>\n<p>Genauso zupackend, aber mitrei\u00dfend geraten ihr die Songs wie etwa \u201eSoziale Ratte\u201c und der Traum von \u201eLondon, Tokyo, LA\u201c. Der nur ein Traum bleibt, denn Putzfrau Olga, hinrei\u00dfend gespielt von Rebekka Lauer, hatte dummerweise den Anruf der Agentin der &#8222;Rolling Stones&#8220; entgegengenommen \u2013 und das ohne Englischkenntnisse!<\/p>\n<p>Fordernd und sexy wirkt Lena Paxians Angie, die Freundin Chucks. Gerne spielt sie mit ihren m\u00e4nnlichen Gegen\u00fcbern, sei es Chuck, sei es Prittwitz \u2013 giftende Streitgespr\u00e4che nicht ausgeschlossen. Songs wie \u00fcber die \u201eLiebe auf dem Campingplatz\u201c im Stil von \u201eDiamond Are A Girl\u2019s Best Friends\u201c oder das Schlussst\u00fcck \u201eWir alte Rock&#8217;n&#8217;Roller\u201c verstand sie mit ihrer Stimme Leben einzuhauchen.<\/p>\n<p>Neben dem Haupthandlungsstrang gerieten durch das K\u00f6nnen der Sch\u00fcler auch Nebenschaupl\u00e4tze zu Ereignissen, die man hinterher auf keinen Fall missen mochte. Dazu geh\u00f6rt die Szene mit dem Hochzeitstagspaar Uwe Baumann (auch als Hausmeister zu erleben) und Steffi Beuter (auch Gesch\u00e4ftsfrau, Agentin und einfach nur M\u00f6belpacker-M\u00e4del). Und Kevin Heinrich l\u00e4sst seinen Bierflaschen-Philosophen Karl zum Shakespearschen Kommentator werden, der am Ende als Teufel alle F\u00e4den in der Hand h\u00e4lt.<\/p>\n<figure id=\"attachment_959\" aria-describedby=\"caption-attachment-959\" style=\"width: 300px\" class=\"wp-caption alignnone\"><img loading=\"lazy\" class=\"size-medium wp-image-959\" src=\"https:\/\/theater-svlg.de\/wp-content\/uploads\/Bildschirmfoto-2016-08-24-um-15.40.20-300x238.png\" alt=\"Bei der Schlussnummer geht\u2019s im Wortsinn teuflisch zu.\" width=\"300\" height=\"238\" srcset=\"https:\/\/theater-svlg.de\/wp-content\/uploads\/Bildschirmfoto-2016-08-24-um-15.40.20-300x238.png 300w, https:\/\/theater-svlg.de\/wp-content\/uploads\/Bildschirmfoto-2016-08-24-um-15.40.20.png 434w\" sizes=\"(max-width: 300px) 100vw, 300px\" \/><figcaption id=\"caption-attachment-959\" class=\"wp-caption-text\">Bei der Schlussnummer geht\u2019s im Wortsinn teuflisch zu.<\/figcaption><\/figure>\n<p>Denn am Ende finden sich die Prittwitz-Gang der M\u00f6belpacker mit ihrem singenden Vormann (Rexford Manu) in der H\u00f6lle wieder. Voran geht ein Showdown mit Chucks Herzanfall, weil Olga vergessen hat, die Telefonnummer der Agentin zu erfragen, und mit der Erschie\u00dfung Prittwitz\u2019 durch Angie, die wiederum versehentlich von Olga erschossen wird. Da bleibt nat\u00fcrlich Platz zum Philosophieren im Schlusssong, den die \u201eOncle Bernie &amp; Die Rumh\u00e4nger von der Tanke\u201c-Band unter der Leitung von Bernd Scheiderer ebenso einf\u00fchlsam begleitet wie alle St\u00fccke davor.<\/p>\n<p>Mit freundlicher Genehmigung der Gaildorfer Rundschau<\/p>\n","protected":false},"excerpt":{"rendered":"<p>Theater AG inszeniert Ringsgwandl von RALF SNURAWA, Gaildorfer Rundschau 25. Oktober 2010 Georg Ringsgwandls \u201elausige\u201c Operette \u201eDie Tankstelle der Verdammten\u201c hat die Theater AG des Schenk-von-Limpurg- Gymnasiums inszeniert \u2013 durch- weg \u00fcberzeugend, fand auch das Premierenpublikum.\u00a0 Gaildorf. Nein, \u201elausig\u201c ist die Inszenierung der Ringsgwandl-Operette durch die Sch\u00fclerinnen und Sch\u00fcler des Schenk-von-Limpurg-Gymnasiums und Thomas H\u00f6ll nun &hellip; <a href=\"https:\/\/theater-svlg.de\/?page_id=956\" class=\"more-link\"><span class=\"screen-reader-text\">Presse<\/span> weiterlesen <span class=\"meta-nav\">&rarr;<\/span><\/a><\/p>\n","protected":false},"author":2,"featured_media":958,"parent":579,"menu_order":0,"comment_status":"closed","ping_status":"closed","template":"","meta":{"ngg_post_thumbnail":0},"_links":{"self":[{"href":"https:\/\/theater-svlg.de\/index.php?rest_route=\/wp\/v2\/pages\/956"}],"collection":[{"href":"https:\/\/theater-svlg.de\/index.php?rest_route=\/wp\/v2\/pages"}],"about":[{"href":"https:\/\/theater-svlg.de\/index.php?rest_route=\/wp\/v2\/types\/page"}],"author":[{"embeddable":true,"href":"https:\/\/theater-svlg.de\/index.php?rest_route=\/wp\/v2\/users\/2"}],"replies":[{"embeddable":true,"href":"https:\/\/theater-svlg.de\/index.php?rest_route=%2Fwp%2Fv2%2Fcomments&post=956"}],"version-history":[{"count":4,"href":"https:\/\/theater-svlg.de\/index.php?rest_route=\/wp\/v2\/pages\/956\/revisions"}],"predecessor-version":[{"id":2424,"href":"https:\/\/theater-svlg.de\/index.php?rest_route=\/wp\/v2\/pages\/956\/revisions\/2424"}],"up":[{"embeddable":true,"href":"https:\/\/theater-svlg.de\/index.php?rest_route=\/wp\/v2\/pages\/579"}],"wp:featuredmedia":[{"embeddable":true,"href":"https:\/\/theater-svlg.de\/index.php?rest_route=\/wp\/v2\/media\/958"}],"wp:attachment":[{"href":"https:\/\/theater-svlg.de\/index.php?rest_route=%2Fwp%2Fv2%2Fmedia&parent=956"}],"curies":[{"name":"wp","href":"https:\/\/api.w.org\/{rel}","templated":true}]}}